{"id":9892,"date":"2025-01-01T18:17:36","date_gmt":"2025-01-01T17:17:36","guid":{"rendered":"https:\/\/certifycar.eu\/produkt\/certifycar-van\/"},"modified":"2025-06-26T16:35:47","modified_gmt":"2025-06-26T14:35:47","slug":"certifycar-van","status":"publish","type":"product","link":"https:\/\/certifycar.eu\/fr\/produkt\/certifycar-van\/","title":{"rendered":"CertifyCar Van"},"content":{"rendered":"<p><strong>Ce que contient notre rapport sur les voitures d&rsquo;occasion CertifyCar VAN :<\/strong><\/p>\n<ul>\n<li>Pour tous les bus et camionnettes (fourgons, breaks \u00e0 toit sur\u00e9lev\u00e9, petites camionnettes, v\u00e9hicules utilitaires \u00e0 caisse, autres) en Suisse et \u00e0 l&rsquo;\u00e9tranger<\/li>\n<li>150 points d&rsquo;inspection d\u00e9taill\u00e9s, y compris l&rsquo;enregistrement des dommages visuels sur l&rsquo;ensemble de la carrosserie.<\/li>\n<li>V\u00e9rification des donn\u00e9es de base telles que le num\u00e9ro de ch\u00e2ssis, la premi\u00e8re immatriculation, le kilom\u00e9trage et d&rsquo;autres donn\u00e9es du v\u00e9hicule.<\/li>\n<li>\u00c9valuation technique lors de tests visuels et fonctionnels approfondis\n<ul>\n<li>Pneus<\/li>\n<li>jantes<\/li>\n<li>Freins<\/li>\n<li>\u00e9clairage<\/li>\n<li>Course d\u2019essai du moteur<\/li>\n<li>Essai routier, si techniquement et l\u00e9galement possible o Inspection du soubassement, si possible localement<\/li>\n<\/ul>\n<\/li>\n<\/ul>\n<ul>\n<li>V\u00e9rifiez le corps<\/li>\n<\/ul>\n<ul>\n<li>Mesure de la couche de peinture<\/li>\n<li>Bosses, bosses, oxydation et corrosion<\/li>\n<li>Travaux de peinture ou de r\u00e9paration<\/li>\n<li>Inspection visuelle des dommages ant\u00e9rieurs et des dommages cach\u00e9s<\/li>\n<\/ul>\n<ul>\n<li>Nous v\u00e9rifions \u00e9galement toujours<\/li>\n<\/ul>\n<ul>\n<li>\u00c9tat de l&rsquo;habitacle, y compris les si\u00e8ges, les garnitures, le ciel de toit et les tapis o Niveau d&rsquo;huile moteur <\/li>\n<li>Niveaux de freins et de liquide de refroidissement<\/li>\n<li>V\u00e9rification de la version du v\u00e9hicule et de l&rsquo;\u00e9quipement o Permis d&rsquo;exploitation valide pour les pi\u00e8ces rapport\u00e9es et accessoires o Tous les documents du v\u00e9hicule sont complets<\/li>\n<\/ul>\n<ul>\n<li>La documentation photographique contient<\/li>\n<\/ul>\n<ul>\n<li>Photos ext\u00e9rieures et int\u00e9rieures standard comprenant le compteur de vitesse, le kilom\u00e9trage et le num\u00e9ro de ch\u00e2ssis <\/li>\n<\/ul>\n<p>Photos de tout dommage technique<\/p>\n","protected":false},"excerpt":{"rendered":"<p>Notre rapport premium pour tous les bus, camionnettes et camionnettes de livraison en Suisse et \u00e0 l&rsquo;\u00e9tranger, \u00e9quip\u00e9s d&rsquo;un moteur thermique classique (essence ou diesel).<\/p>\n","protected":false},"featured_media":11580,"template":"","meta":{"_acf_changed":false,"content-type":""},"product_brand":[],"product_cat":[175],"product_tag":[],"class_list":{"0":"post-9892","1":"product","2":"type-product","3":"status-publish","4":"has-post-thumbnail","6":"product_cat-rapport","8":"first","9":"instock","10":"taxable","11":"shipping-taxable","12":"purchasable","13":"product-type-variable"},"acf":[],"_links":{"self":[{"href":"https:\/\/certifycar.eu\/fr\/wp-json\/wp\/v2\/product\/9892","targetHints":{"allow":["GET"]}}],"collection":[{"href":"https:\/\/certifycar.eu\/fr\/wp-json\/wp\/v2\/product"}],"about":[{"href":"https:\/\/certifycar.eu\/fr\/wp-json\/wp\/v2\/types\/product"}],"wp:featuredmedia":[{"embeddable":true,"href":"https:\/\/certifycar.eu\/fr\/wp-json\/wp\/v2\/media\/11580"}],"wp:attachment":[{"href":"https:\/\/certifycar.eu\/fr\/wp-json\/wp\/v2\/media?parent=9892"}],"wp:term":[{"taxonomy":"product_brand","embeddable":true,"href":"https:\/\/certifycar.eu\/fr\/wp-json\/wp\/v2\/product_brand?post=9892"},{"taxonomy":"product_cat","embeddable":true,"href":"https:\/\/certifycar.eu\/fr\/wp-json\/wp\/v2\/product_cat?post=9892"},{"taxonomy":"product_tag","embeddable":true,"href":"https:\/\/certifycar.eu\/fr\/wp-json\/wp\/v2\/product_tag?post=9892"}],"curies":[{"name":"wp","href":"https:\/\/api.w.org\/{rel}","templated":true}]}}