{"id":8020,"date":"2024-12-30T00:29:48","date_gmt":"2024-12-29T23:29:48","guid":{"rendered":"https:\/\/certifycar.eu\/produkt\/certifycar-premium\/"},"modified":"2025-01-14T08:52:10","modified_gmt":"2025-01-14T07:52:10","slug":"certifycar-premium","status":"publish","type":"product","link":"https:\/\/certifycar.eu\/fr\/produkt\/certifycar-premium\/","title":{"rendered":"CertifyCar Premium"},"content":{"rendered":"<p><strong>Ce que contient notre certificat de v\u00e9hicule d\u2019occasion CertifyCar Premium :<\/strong><\/p>\n<ul>\n<li>Pour toutes les voitures d\u2019occasion, jeunes et moins jeunes dans le pays et \u00e0 l\u2019\u00e9tranger.<\/li>\n<li>150 points de test d\u00e9taill\u00e9s, y compris l&rsquo;enregistrement des dommages visuels sur l&rsquo;ensemble du corps.<\/li>\n<li>V\u00e9rification des donn\u00e9es de base telles que le num\u00e9ro de ch\u00e2ssis, la premi\u00e8re immatriculation, le kilom\u00e9trage et d\u2019autres donn\u00e9es du v\u00e9hicule.<\/li>\n<li>\u00c9valuation technique dans des tests visuels et fonctionnels approfondis de\n<ul>\n<li>Pneus<\/li>\n<li>jantes<\/li>\n<li>Freins<\/li>\n<li>\u00e9clairage<\/li>\n<li>Course d\u2019essai du moteur<\/li>\n<li>Essai routier si techniquement et l\u00e9galement possible<\/li>\n<li>Inspection du sous-plancher, si possible localement<\/li>\n<\/ul>\n<\/li>\n<\/ul>\n<ul>\n<li>Examen du corps\n<ul>\n<li>Mesure de la couche de peinture<\/li>\n<li>Bosses, bosses, oxydation et corrosion<\/li>\n<li>Travaux de peinture ou de r\u00e9paration<\/li>\n<li>Inspection visuelle pour les dommages ant\u00e9rieurs et les dommages cach\u00e9s<\/li>\n<\/ul>\n<\/li>\n<\/ul>\n<ul>\n<li>Nous sommes \u00e9galement toujours en train de v\u00e9rifier\n<ul>\n<li>\u00c9tat int\u00e9rieur incl. Si\u00e8ges, sellerie, ciel de toit et tapis <\/li>\n<li>Le niveau d\u2019huile du moteur<\/li>\n<li>Niveau de frein et de liquide de refroidissement<\/li>\n<li>V\u00e9rification de la variante du v\u00e9hicule et de l\u2019\u00e9quipement<\/li>\n<li>Permis d\u2019exploitation valide pour les pi\u00e8ces ajout\u00e9es et les accessoires<\/li>\n<li>Tous les documents du v\u00e9hicule pour l\u2019exhaustivit\u00e9<\/li>\n<li>Lecture de la m\u00e9moire d&rsquo;erreurs pour la manipulation du kilom\u00e9trage (en option et uniquement pour les v\u00e9hicules en Allemagne)<\/li>\n<\/ul>\n<\/li>\n<\/ul>\n<ul>\n<li>La documentation photo contient\n<ul>\n<li>Photos ext\u00e9rieures et int\u00e9rieures standard comprenant le compteur de vitesse, le kilom\u00e9trage et le num\u00e9ro de ch\u00e2ssis <\/li>\n<\/ul>\n<\/li>\n<\/ul>\n<p>Photos de tout dommage technique<\/p>\n","protected":false},"excerpt":{"rendered":"<p>Notre rapport premium pour tous les v\u00e9hicules d\u2019occasion ainsi que les anciens et les jeunes en Suisse et \u00e0 l\u2019\u00e9tranger, avec un moteur \u00e0 combustion classique (essence ou diesel).<\/p>\n","protected":false},"featured_media":10696,"template":"","meta":{"_acf_changed":false,"content-type":""},"product_brand":[],"product_cat":[175],"product_tag":[],"class_list":{"0":"post-8020","1":"product","2":"type-product","3":"status-publish","4":"has-post-thumbnail","6":"product_cat-rapport","8":"first","9":"instock","10":"taxable","11":"shipping-taxable","12":"purchasable","13":"product-type-variable"},"acf":[],"_links":{"self":[{"href":"https:\/\/certifycar.eu\/fr\/wp-json\/wp\/v2\/product\/8020","targetHints":{"allow":["GET"]}}],"collection":[{"href":"https:\/\/certifycar.eu\/fr\/wp-json\/wp\/v2\/product"}],"about":[{"href":"https:\/\/certifycar.eu\/fr\/wp-json\/wp\/v2\/types\/product"}],"wp:featuredmedia":[{"embeddable":true,"href":"https:\/\/certifycar.eu\/fr\/wp-json\/wp\/v2\/media\/10696"}],"wp:attachment":[{"href":"https:\/\/certifycar.eu\/fr\/wp-json\/wp\/v2\/media?parent=8020"}],"wp:term":[{"taxonomy":"product_brand","embeddable":true,"href":"https:\/\/certifycar.eu\/fr\/wp-json\/wp\/v2\/product_brand?post=8020"},{"taxonomy":"product_cat","embeddable":true,"href":"https:\/\/certifycar.eu\/fr\/wp-json\/wp\/v2\/product_cat?post=8020"},{"taxonomy":"product_tag","embeddable":true,"href":"https:\/\/certifycar.eu\/fr\/wp-json\/wp\/v2\/product_tag?post=8020"}],"curies":[{"name":"wp","href":"https:\/\/api.w.org\/{rel}","templated":true}]}}