{"id":6175,"date":"2024-05-09T14:29:25","date_gmt":"2024-05-09T12:29:25","guid":{"rendered":"https:\/\/certifycar.eu\/produkt\/lire-la-memoire-des-erreurs\/"},"modified":"2026-01-07T21:50:50","modified_gmt":"2026-01-07T20:50:50","slug":"lire-la-memoire-des-erreurs","status":"publish","type":"product","link":"https:\/\/certifycar.eu\/fr\/produkt\/lire-la-memoire-des-erreurs\/","title":{"rendered":"Lire la m\u00e9moire des d\u00e9fauts et v\u00e9rifier toute manipulation du kilom\u00e9trage."},"content":{"rendered":"<p style=\"font-weight: 400;\"><strong>CertifyCar \u2013 Une s\u00e9curit\u00e9 que l\u2019on peut ressentir<\/strong><\/p>\n<p style=\"font-weight: 400;\">On n\u2019ach\u00e8te pas une voiture tous les jours. C\u2019est pourquoi une transparence totale est essentielle.  <strong>CertifyCar vous apporte une certitude claire \u2013 preuves \u00e0 l\u2019appui.<\/strong><\/p>\n<p>&nbsp;<\/p>\n<p><img fetchpriority=\"high\" decoding=\"async\" class=\"alignnone wp-image-12939\" src=\"https:\/\/certifycar.eu\/wp-content\/uploads\/2024\/05\/FSP-300x200.jpeg\" alt=\"\" width=\"386\" height=\"257\" srcset=\"https:\/\/certifycar.eu\/wp-content\/uploads\/2024\/05\/FSP-300x200.jpeg 300w, https:\/\/certifycar.eu\/wp-content\/uploads\/2024\/05\/FSP-768x512.jpeg 768w, https:\/\/certifycar.eu\/wp-content\/uploads\/2024\/05\/FSP-225x150.jpeg 225w, https:\/\/certifycar.eu\/wp-content\/uploads\/2024\/05\/FSP-500x333.jpeg 500w, https:\/\/certifycar.eu\/wp-content\/uploads\/2024\/05\/FSP.jpeg 800w\" sizes=\"(max-width: 386px) 100vw, 386px\" \/><\/p>\n<p style=\"font-weight: 400;\"><strong>D\u00e9tecter les probl\u00e8mes cach\u00e9s \u2013 avant qu\u2019ils ne deviennent co\u00fbteux<\/strong><br \/>\nTous les d\u00e9fauts ne sont pas visibles ou audibles. Nous lisons la m\u00e9moire des d\u00e9fauts de votre v\u00e9hicule et identifions des anomalies techniques qui restent invisibles au quotidien.<br \/>\n<strong>Votre avantage<\/strong> : Aucune mauvaise surprise, aucun co\u00fbt impr\u00e9vu \u2013 mais une transparence totale sur l\u2019\u00e9tat technique du v\u00e9hicule.<\/p>\n<p style=\"font-weight: 400;\">\n<p style=\"font-weight: 400;\"><strong>Protection contre la manipulation du kilom\u00e9trage \u2013 avec des preuves v\u00e9rifiables<\/strong><br \/>\nUn kilom\u00e9trage falsifi\u00e9 peut fortement fausser la valeur d\u2019un v\u00e9hicule. Nous contr\u00f4lons pr\u00e9cis\u00e9ment les calculateurs et les donn\u00e9es du v\u00e9hicule afin de d\u00e9tecter toute incoh\u00e9rence.<br \/>\n<strong>Votre avantage <\/strong>: Une protection contre la fraude et une \u00e9valuation fiable de la plausibilit\u00e9 du kilom\u00e9trage.<\/p>\n<p style=\"font-weight: 400;\">\n<p style=\"font-weight: 400;\"><strong>Deux rapports \u2013 une clart\u00e9 maximale pour votre d\u00e9cision<\/strong><br \/>Apr\u00e8s notre contr\u00f4le, vous recevez deux rapports distincts et clairement structur\u00e9s :<\/p>\n<ul style=\"font-weight: 400;\">\n<li><strong>Rapport de lecture des d\u00e9fauts <\/strong>contenant toutes les informations sur l\u2019\u00e9tat technique<\/li>\n<li><strong>Rapport de manipulation <\/strong>du kilom\u00e9trage avec une \u00e9valuation claire de la plausibilit\u00e9<\/li>\n<\/ul>\n<p style=\"font-weight: 400;\">\n<p style=\"font-weight: 400;\"><strong>Votre avantage<\/strong> : Des r\u00e9sultats clairs et compr\u00e9hensibles, imm\u00e9diatement exploitables pour votre d\u00e9cision d\u2019achat, une n\u00e9gociation de prix ou votre s\u00e9curit\u00e9 personnelle.<\/p>\n<p style=\"font-weight: 400;\">\n<p style=\"font-weight: 400;\"><strong>Acheter ou vendre en toute confiance<\/strong><br \/>Nos rapports ind\u00e9pendants instaurent la confiance et renforcent votre position.<\/p>\n<p style=\"font-weight: 400;\">\n<strong>Votre avantage<\/strong> : S\u00e9curit\u00e9, transparence et la certitude d\u2019avoir pris la bonne d\u00e9cision.<\/p>\n<p style=\"font-weight: 400;\"><strong>CertifyCar \u2013 parce que la confiance ne doit rien au hasard.<\/strong><\/p>\n","protected":false},"excerpt":{"rendered":"<p>La lecture de l&rsquo;historique des d\u00e9fauts et la v\u00e9rification de l&rsquo;absence de falsification du kilom\u00e9trage sont uniquement disponibles pour les v\u00e9hicules immatricul\u00e9s en <strong>Allemagne<\/strong>.<\/p>\n<p>Ce produit peut \u00eatre r\u00e9serv\u00e9 en compl\u00e9ment de nos expertises CertifyCar Premium et Utilitaires.<br \/>Ajoutez simplement les deux \u00e0 votre panier, payez, puis s\u00e9lectionnez les options sur le portail d&rsquo;expertise.<\/p>\n","protected":false},"featured_media":5217,"template":"","meta":{"_acf_changed":false,"content-type":""},"product_brand":[],"product_cat":[209],"product_tag":[],"class_list":{"0":"post-6175","1":"product","2":"type-product","3":"status-publish","4":"has-post-thumbnail","6":"product_cat-ajout-fr-2","8":"first","9":"instock","10":"virtual","11":"taxable","12":"purchasable","13":"product-type-simple"},"acf":[],"_links":{"self":[{"href":"https:\/\/certifycar.eu\/fr\/wp-json\/wp\/v2\/product\/6175","targetHints":{"allow":["GET"]}}],"collection":[{"href":"https:\/\/certifycar.eu\/fr\/wp-json\/wp\/v2\/product"}],"about":[{"href":"https:\/\/certifycar.eu\/fr\/wp-json\/wp\/v2\/types\/product"}],"wp:featuredmedia":[{"embeddable":true,"href":"https:\/\/certifycar.eu\/fr\/wp-json\/wp\/v2\/media\/5217"}],"wp:attachment":[{"href":"https:\/\/certifycar.eu\/fr\/wp-json\/wp\/v2\/media?parent=6175"}],"wp:term":[{"taxonomy":"product_brand","embeddable":true,"href":"https:\/\/certifycar.eu\/fr\/wp-json\/wp\/v2\/product_brand?post=6175"},{"taxonomy":"product_cat","embeddable":true,"href":"https:\/\/certifycar.eu\/fr\/wp-json\/wp\/v2\/product_cat?post=6175"},{"taxonomy":"product_tag","embeddable":true,"href":"https:\/\/certifycar.eu\/fr\/wp-json\/wp\/v2\/product_tag?post=6175"}],"curies":[{"name":"wp","href":"https:\/\/api.w.org\/{rel}","templated":true}]}}