{"id":4258,"date":"2024-03-29T22:26:46","date_gmt":"2024-03-29T21:26:46","guid":{"rendered":"https:\/\/dev.certifycar.eu\/produkt\/certificat-de-batterie\/"},"modified":"2024-09-06T18:30:06","modified_gmt":"2024-09-06T16:30:06","slug":"certificat-de-batterie","status":"publish","type":"product","link":"https:\/\/certifycar.eu\/fr\/produkt\/certificat-de-batterie\/","title":{"rendered":"Certificat de batterie"},"content":{"rendered":"<p><strong>Ce que contient notre certificat de batterie pour voitures \u00e9lectriques d\u2019occasion:<\/strong><\/p>\n<ul>\n<li aria-level=\"1\">Gr\u00e2ce \u00e0 notre technologie innovante, nous utilisons la t\u00e9l\u00e9maintenance pour d\u00e9terminer l\u2019\u00e9tat de la batterie des voitures \u00e9lectriques d\u2019occasion en Allemagne et \u00e0 l\u2019\u00e9tranger*.<\/li>\n<li aria-level=\"1\">Nous vous enverrons un connecteur de diagnostic de la taille d\u2019un smartphone \u00e0 l\u2019adresse souhait\u00e9e, qui peut \u00eatre connect\u00e9 au v\u00e9hicule en quelques secondes en suivant les instructions fournies.<\/li>\n<li aria-level=\"1\">Apr\u00e8s diagnostic, la prise nous est simplement retourn\u00e9e et nous vous enverrons un certificat de batterie num\u00e9rique dans les langues souhait\u00e9es dans un d\u00e9lai maximum de 24 heures.<\/li>\n<li aria-level=\"1\">Vous pouvez t\u00e9l\u00e9charger un exemple de certificat <a href=\"https:\/\/certifycar.eu\/wp-content\/uploads\/2024\/05\/BAtteriezertifikat.jpg\" target=\"_blank\" rel=\"noopener\"><i class=\"fa-download fas button-icon-left\" aria-hidden=\"true\"><\/i><\/a>.<\/li>\n<\/ul>\n","protected":false},"excerpt":{"rendered":"<p>Si vous avez besoin d&rsquo;un certificat de batterie pour une voiture \u00e9lectrique en Allemagne, en France, en Italie, en Belgique, en Suisse ou en Autriche, veuillez contacter <a href=\"https:\/\/shop.aviloo.com\/#certifycarID\">Aviloo<\/a>* directement ici. *Le lien est un lien d&rsquo;affiliation.<\/p>\n","protected":false},"featured_media":3975,"template":"","meta":{"_acf_changed":false,"content-type":""},"product_brand":[],"product_cat":[175],"product_tag":[],"class_list":{"0":"post-4258","1":"product","2":"type-product","3":"status-publish","4":"has-post-thumbnail","6":"product_cat-rapport","7":"product_shipping_class-appareil-de-test-des-voitures-electriques","8":"pa_fo-interieure-etranger","10":"first","11":"instock","12":"taxable","13":"shipping-taxable","14":"purchasable","15":"product-type-variable","16":"has-default-attributes"},"acf":[],"_links":{"self":[{"href":"https:\/\/certifycar.eu\/fr\/wp-json\/wp\/v2\/product\/4258","targetHints":{"allow":["GET"]}}],"collection":[{"href":"https:\/\/certifycar.eu\/fr\/wp-json\/wp\/v2\/product"}],"about":[{"href":"https:\/\/certifycar.eu\/fr\/wp-json\/wp\/v2\/types\/product"}],"wp:featuredmedia":[{"embeddable":true,"href":"https:\/\/certifycar.eu\/fr\/wp-json\/wp\/v2\/media\/3975"}],"wp:attachment":[{"href":"https:\/\/certifycar.eu\/fr\/wp-json\/wp\/v2\/media?parent=4258"}],"wp:term":[{"taxonomy":"product_brand","embeddable":true,"href":"https:\/\/certifycar.eu\/fr\/wp-json\/wp\/v2\/product_brand?post=4258"},{"taxonomy":"product_cat","embeddable":true,"href":"https:\/\/certifycar.eu\/fr\/wp-json\/wp\/v2\/product_cat?post=4258"},{"taxonomy":"product_tag","embeddable":true,"href":"https:\/\/certifycar.eu\/fr\/wp-json\/wp\/v2\/product_tag?post=4258"}],"curies":[{"name":"wp","href":"https:\/\/api.w.org\/{rel}","templated":true}]}}