{"id":4118,"date":"2024-03-07T11:07:13","date_gmt":"2024-03-07T11:07:13","guid":{"rendered":"https:\/\/dev.certifycar.eu\/produkt\/certifycar-e-voiture\/"},"modified":"2024-03-07T11:07:13","modified_gmt":"2024-03-07T10:07:13","slug":"certifycar-e-voiture","status":"publish","type":"product","link":"https:\/\/certifycar.eu\/fr\/produkt\/certifycar-e-voiture\/","title":{"rendered":"CertifyCar e-voiture"},"content":{"rendered":"<p><strong>Ce que contient notre certificat de batterie pour voitures \u00e9lectriques d\u2019occasion:<\/strong><\/p>\n<ul>\n<li aria-level=\"1\">Gr\u00e2ce \u00e0 notre technologie innovante, nous utilisons la t\u00e9l\u00e9maintenance pour d\u00e9terminer l\u2019\u00e9tat de la batterie des voitures \u00e9lectriques d\u2019occasion en Allemagne et \u00e0 l\u2019\u00e9tranger*.<\/li>\n<li aria-level=\"1\">Nous vous enverrons un connecteur de diagnostic de la taille d\u2019un smartphone \u00e0 l\u2019adresse souhait\u00e9e, qui peut \u00eatre connect\u00e9 au v\u00e9hicule en quelques secondes en suivant les instructions fournies.<\/li>\n<li aria-level=\"1\">Apr\u00e8s le diagnostic, vous nous renvoyez tout simplement le connecteur et nous vous enverrons un certificat de batterie num\u00e9rique dans la langue de votre choix dans un d\u00e9lai maximum de 72h.<\/li>\n<li aria-level=\"1\">Vous pouvez t\u00e9l\u00e9charger ici un <a href=\"https:\/\/certifycar.eu\/wp-content\/uploads\/2024\/05\/certifycar_z_deu_qm_23-1.pdf\"><b>exemple de certificat<\/b><\/a>.<\/li>\n<\/ul>\n<p><strong>Ce que contient notre certificat pour voitures \u00e9lectriques d\u2019occasion CertifyCar E-Auto :<\/strong><\/p>\n<ul>\n<li aria-level=\"1\">Notre certificat de batterie pour voitures \u00e9lectriques (voir ci-dessus).<\/li>\n<li aria-level=\"1\">Pour toutes les voitures \u00e9lectriques d\u2019occasion en Suisse et \u00e0 l\u2019\u00e9tranger*<\/li>\n<li aria-level=\"1\">150 points de test d\u00e9taill\u00e9s, y compris l\u2019enregistrement des dommages optiques sur l\u2019ensemble du corps.<\/li>\n<li aria-level=\"1\">V\u00e9rification des donn\u00e9es de base telles que le num\u00e9ro de ch\u00e2ssis, la premi\u00e8re immatriculation, le kilom\u00e9trage et d\u2019autres donn\u00e9es du v\u00e9hicule.<\/li>\n<li aria-level=\"1\">\u00c9valuation technique dans des tests visuels et fonctionnels approfondis de\n<ul>\n<li aria-level=\"2\">Pneus<\/li>\n<li aria-level=\"2\">jantes<\/li>\n<li aria-level=\"2\">Freins<\/li>\n<li aria-level=\"2\">\u00e9clairage<\/li>\n<li aria-level=\"2\">Essai routier si techniquement et l\u00e9galement possible<\/li>\n<li aria-level=\"2\">Test du sous-plancher, si possible localement<\/li>\n<\/ul>\n<\/li>\n<\/ul>\n<ul>\n<li aria-level=\"1\">Examen du corps\n<ul>\n<li aria-level=\"2\">Mesure de la couche de peinture<\/li>\n<li aria-level=\"2\">Bosses, bosses, oxydation et corrosion<\/li>\n<li aria-level=\"2\">Travaux de peinture ou de r\u00e9paration<\/li>\n<li aria-level=\"2\">Inspection visuelle pour les dommages ant\u00e9rieurs et les dommages cach\u00e9s<\/li>\n<\/ul>\n<\/li>\n<\/ul>\n<ul>\n<li aria-level=\"1\">Nous sommes \u00e9galement toujours en train de v\u00e9rifier\n<ul>\n<li aria-level=\"2\">\u00c9tat int\u00e9rieur incl. Si\u00e8ges, sellerie, ciel de toit et tapis <\/li>\n<li aria-level=\"2\">V\u00e9rification de la variante du v\u00e9hicule et de l\u2019\u00e9quipement<\/li>\n<li aria-level=\"2\">Permis d\u2019exploitation valide pour les pi\u00e8ces ajout\u00e9es et les accessoires<\/li>\n<li aria-level=\"2\">Tous les documents du v\u00e9hicule pour l\u2019exhaustivit\u00e9<\/li>\n<\/ul>\n<\/li>\n<\/ul>\n<ul>\n<li aria-level=\"1\">La documentation photo contient\n<ul>\n<li aria-level=\"2\">Prises de vue ext\u00e9rieures et int\u00e9rieures standard incl. Compteur de vitesse, kilom\u00e9trage et num\u00e9ro de ch\u00e2ssis <\/li>\n<li aria-level=\"2\">Photos de tout dommage technique<\/li>\n<\/ul>\n<\/li>\n<\/ul>\n","protected":false},"excerpt":{"rendered":"<p>Notre rapport d\u2019expert premium pour les voitures \u00e9lectriques d\u2019occasion en Suisse et \u00e0 l\u2019\u00e9tranger. De plus, nous analysons l\u2019\u00e9tat de la batterie avec notre technologie innovante via la t\u00e9l\u00e9maintenance et vous d\u00e9livrons un certificat de batterie. <\/p>\n","protected":false},"featured_media":874,"template":"","meta":{"_acf_changed":false,"content-type":""},"product_brand":[],"product_cat":[175],"product_tag":[],"class_list":{"0":"post-4118","1":"product","2":"type-product","3":"status-publish","4":"has-post-thumbnail","6":"product_cat-rapport","7":"pa_fo-interieure-etranger","9":"first","10":"outofstock","11":"sale","12":"taxable","13":"shipping-taxable","14":"purchasable","15":"product-type-variable","16":"has-default-attributes"},"acf":[],"_links":{"self":[{"href":"https:\/\/certifycar.eu\/fr\/wp-json\/wp\/v2\/product\/4118","targetHints":{"allow":["GET"]}}],"collection":[{"href":"https:\/\/certifycar.eu\/fr\/wp-json\/wp\/v2\/product"}],"about":[{"href":"https:\/\/certifycar.eu\/fr\/wp-json\/wp\/v2\/types\/product"}],"wp:featuredmedia":[{"embeddable":true,"href":"https:\/\/certifycar.eu\/fr\/wp-json\/wp\/v2\/media\/874"}],"wp:attachment":[{"href":"https:\/\/certifycar.eu\/fr\/wp-json\/wp\/v2\/media?parent=4118"}],"wp:term":[{"taxonomy":"product_brand","embeddable":true,"href":"https:\/\/certifycar.eu\/fr\/wp-json\/wp\/v2\/product_brand?post=4118"},{"taxonomy":"product_cat","embeddable":true,"href":"https:\/\/certifycar.eu\/fr\/wp-json\/wp\/v2\/product_cat?post=4118"},{"taxonomy":"product_tag","embeddable":true,"href":"https:\/\/certifycar.eu\/fr\/wp-json\/wp\/v2\/product_tag?post=4118"}],"curies":[{"name":"wp","href":"https:\/\/api.w.org\/{rel}","templated":true}]}}