{"id":3978,"date":"2024-03-07T11:09:56","date_gmt":"2024-03-07T11:09:56","guid":{"rendered":"https:\/\/dev.certifycar.eu\/produkt\/rapport-carfax\/"},"modified":"2025-10-20T17:07:41","modified_gmt":"2025-10-20T15:07:41","slug":"rapport-carfax","status":"publish","type":"product","link":"https:\/\/certifycar.eu\/fr\/produkt\/rapport-carfax\/","title":{"rendered":"Rapport CARFAX"},"content":{"rendered":"<p>L'\u00a0\u00bbexpertise Carfax\u00a0\u00bb est un outil indispensable pour tout propri\u00e9taire de v\u00e9hicule ou acheteur potentiel qui souhaite obtenir une image pr\u00e9cise de l&rsquo;historique et de l&rsquo;\u00e9tat d&rsquo;un v\u00e9hicule. Bas\u00e9 sur les bases de donn\u00e9es compl\u00e8tes de Carfax, ce rapport d&rsquo;expertise fournit une analyse et une \u00e9valuation d\u00e9taill\u00e9es qui vous donnent confiance et s\u00e9curit\u00e9 lors de l&rsquo;achat ou de la vente d&rsquo;un v\u00e9hicule. <\/p>\n<p><strong>Que comprend le rapport Carfax ?<\/strong><\/p>\n<p>Notre rapport d&rsquo;expertise Carfax contient un r\u00e9sum\u00e9 complet de l&rsquo;historique du v\u00e9hicule, y compris les propri\u00e9taires pr\u00e9c\u00e9dents, les dossiers d&rsquo;entretien, les rapports d&rsquo;accident, les informations sur le vol et bien plus encore. En analysant des milliers de points de donn\u00e9es, l&rsquo;expertise offre un aper\u00e7u unique du pass\u00e9 du v\u00e9hicule et identifie les probl\u00e8mes ou pr\u00e9occupations potentiels. <\/p>\n<p><strong>Pourquoi le rapport Carfax est-il important ?<\/strong><\/p>\n<p>Une expertise Carfax est essentielle pour acheter ou vendre un v\u00e9hicule en toute confiance. Il vous permet de d\u00e9couvrir des vices cach\u00e9s ou des dommages qui ne sont peut-\u00eatre pas visibles au premier coup d&rsquo;\u0153il. En r\u00e9v\u00e9lant l&rsquo;historique du v\u00e9hicule, vous pouvez prendre des d\u00e9cisions \u00e9clair\u00e9es et \u00e9viter les mauvaises surprises.  <\/p>\n<p><strong>Comment obtenir le rapport Carfax ?<\/strong><\/p>\n<p>La commande du rapport d&rsquo;expertise Carfax est simple et facile \u00e0 effectuer via notre portail en ligne. Apr\u00e8s avoir saisi le num\u00e9ro d&rsquo;identification du v\u00e9hicule (FIN), vous recevrez votre rapport d&rsquo;expertise personnalis\u00e9 dans les plus brefs d\u00e9lais. Notre \u00e9quipe d&rsquo;experts est toujours \u00e0 votre disposition pour r\u00e9pondre \u00e0 vos questions et vous aider si n\u00e9cessaire.  <\/p>\n","protected":false},"excerpt":{"rendered":"<p>L&rsquo;\u00a0\u00bbexpertise Carfax\u00a0\u00bb est un outil indispensable pour tout propri\u00e9taire de v\u00e9hicule ou acheteur potentiel qui souhaite obtenir une image pr\u00e9cise de l&rsquo;historique et de l&rsquo;\u00e9tat d&rsquo;un v\u00e9hicule. Bas\u00e9 sur les bases de donn\u00e9es compl\u00e8tes de Carfax, ce rapport d&rsquo;expertise fournit une analyse et une \u00e9valuation d\u00e9taill\u00e9es qui vous donnent confiance et s\u00e9curit\u00e9 lors de l&rsquo;achat [&hellip;]<\/p>\n","protected":false},"featured_media":10122,"template":"","meta":{"_acf_changed":false,"content-type":""},"product_brand":[],"product_cat":[209],"product_tag":[],"class_list":{"0":"post-3978","1":"product","2":"type-product","3":"status-publish","4":"has-post-thumbnail","6":"product_cat-ajout-fr-2","8":"first","9":"instock","10":"virtual","11":"taxable","12":"purchasable","13":"product-type-simple"},"acf":[],"_links":{"self":[{"href":"https:\/\/certifycar.eu\/fr\/wp-json\/wp\/v2\/product\/3978","targetHints":{"allow":["GET"]}}],"collection":[{"href":"https:\/\/certifycar.eu\/fr\/wp-json\/wp\/v2\/product"}],"about":[{"href":"https:\/\/certifycar.eu\/fr\/wp-json\/wp\/v2\/types\/product"}],"wp:featuredmedia":[{"embeddable":true,"href":"https:\/\/certifycar.eu\/fr\/wp-json\/wp\/v2\/media\/10122"}],"wp:attachment":[{"href":"https:\/\/certifycar.eu\/fr\/wp-json\/wp\/v2\/media?parent=3978"}],"wp:term":[{"taxonomy":"product_brand","embeddable":true,"href":"https:\/\/certifycar.eu\/fr\/wp-json\/wp\/v2\/product_brand?post=3978"},{"taxonomy":"product_cat","embeddable":true,"href":"https:\/\/certifycar.eu\/fr\/wp-json\/wp\/v2\/product_cat?post=3978"},{"taxonomy":"product_tag","embeddable":true,"href":"https:\/\/certifycar.eu\/fr\/wp-json\/wp\/v2\/product_tag?post=3978"}],"curies":[{"name":"wp","href":"https:\/\/api.w.org\/{rel}","templated":true}]}}