{"id":13499,"date":"2026-04-23T10:51:59","date_gmt":"2026-04-23T08:51:59","guid":{"rendered":"https:\/\/certifycar.eu\/?post_type=product&#038;p=13499"},"modified":"2026-04-24T17:57:35","modified_gmt":"2026-04-24T15:57:35","slug":"certifycar-deal-assist","status":"publish","type":"product","link":"https:\/\/certifycar.eu\/fr\/produkt\/certifycar-deal-assist\/","title":{"rendered":"CertifyCar Deal Assist"},"content":{"rendered":"<p>L\u2019achat d\u2019un v\u00e9hicule \u00e0 l\u2019\u00e9tranger peut rapidement devenir compliqu\u00e9 et chronophage : barri\u00e8res linguistiques, historiques de v\u00e9hicules peu clairs, communication laborieuse avec les vendeurs et n\u00e9gociations de prix incertaines.<\/p>\n<p>Avec le CertifyCar Deal Assist, nous prenons en charge pour vous l\u2019ensemble du processus de pr\u00e9vente \u2014 de mani\u00e8re professionnelle, structur\u00e9e et dans la langue du pays concern\u00e9.<\/p>\n<p>Ce que nous faisons pour vous :<\/p>\n<p>\ud83d\udd0d Collecte de toutes les informations pertinentes sur le v\u00e9hicule aupr\u00e8s du vendeur avant la visite, r\u00e9alis\u00e9e par un expert<\/p>\n<p>\ud83d\udcac Communication et correspondance compl\u00e8tes dans la langue du pays concern\u00e9<\/p>\n<p>\ud83d\udcc4 Clarification de l\u2019\u00e9quipement, de l\u2019historique, de l\u2019\u00e9tat et des documents du v\u00e9hicule<\/p>\n<p>\ud83d\udcb0 Assistance lors des n\u00e9gociations de prix<\/p>\n<p>\ud83e\udd1d Coordination et pr\u00e9paration de l\u2019inspection du v\u00e9hicule par notre expert (expert automobile)<\/p>\n<p>\ud83d\udcde Traduction en direct lors de l\u2019appel de conf\u00e9rence final<\/p>\n<p>\u2709\ufe0f Accompagnement jusqu\u2019\u00e0 la base de d\u00e9cision finale<\/p>\n<p>Vos avantages :<br \/>Vous \u00e9vitez les malentendus, gagnez un temps pr\u00e9cieux et vous pr\u00e9sentez de mani\u00e8re professionnelle et assur\u00e9e face au vendeur \u2014 ind\u00e9pendamment des comp\u00e9tences linguistiques ou des diff\u00e9rences culturelles.<br \/>\nLa communication est simple et rapide \u2014 pour toutes les parties.<br \/>\nNotre approche professionnelle instaure la confiance et constitue la base de la transparence et de la coop\u00e9ration de la part du vendeur.<\/p>\n<p>Id\u00e9al pour vous si vous :<br \/>souhaitez acheter un v\u00e9hicule \u00e0 l\u2019\u00e9tranger<br \/>\nvoulez \u00e9viter les barri\u00e8res linguistiques<br \/>\navez besoin d\u2019une base de d\u00e9cision fiable<br \/>\nne souhaitez pas laisser les n\u00e9gociations au hasard<br \/>\nvoulez vous prot\u00e9ger au mieux contre les fraudeurs<\/p>\n","protected":false},"excerpt":{"rendered":"<p>L\u2019achat d\u2019un v\u00e9hicule \u00e0 l\u2019\u00e9tranger peut rapidement devenir compliqu\u00e9 et chronophage : barri\u00e8res linguistiques, historiques de v\u00e9hicules peu clairs, communication laborieuse avec les vendeurs et n\u00e9gociations de prix incertaines.<\/p>\n<p>Avec le CertifyCar Deal Assist, nous prenons en charge pour vous l\u2019ensemble du processus de pr\u00e9vente \u2014 de mani\u00e8re professionnelle, structur\u00e9e et dans la langue du pays concern\u00e9.<\/p>\n","protected":false},"featured_media":13496,"template":"","meta":{"_acf_changed":false,"content-type":""},"product_brand":[],"product_cat":[209],"product_tag":[],"class_list":{"0":"post-13499","1":"product","2":"type-product","3":"status-publish","4":"has-post-thumbnail","6":"product_cat-ajout-fr-2","8":"first","9":"instock","10":"virtual","11":"taxable","12":"purchasable","13":"product-type-simple"},"acf":[],"_links":{"self":[{"href":"https:\/\/certifycar.eu\/fr\/wp-json\/wp\/v2\/product\/13499","targetHints":{"allow":["GET"]}}],"collection":[{"href":"https:\/\/certifycar.eu\/fr\/wp-json\/wp\/v2\/product"}],"about":[{"href":"https:\/\/certifycar.eu\/fr\/wp-json\/wp\/v2\/types\/product"}],"wp:featuredmedia":[{"embeddable":true,"href":"https:\/\/certifycar.eu\/fr\/wp-json\/wp\/v2\/media\/13496"}],"wp:attachment":[{"href":"https:\/\/certifycar.eu\/fr\/wp-json\/wp\/v2\/media?parent=13499"}],"wp:term":[{"taxonomy":"product_brand","embeddable":true,"href":"https:\/\/certifycar.eu\/fr\/wp-json\/wp\/v2\/product_brand?post=13499"},{"taxonomy":"product_cat","embeddable":true,"href":"https:\/\/certifycar.eu\/fr\/wp-json\/wp\/v2\/product_cat?post=13499"},{"taxonomy":"product_tag","embeddable":true,"href":"https:\/\/certifycar.eu\/fr\/wp-json\/wp\/v2\/product_tag?post=13499"}],"curies":[{"name":"wp","href":"https:\/\/api.w.org\/{rel}","templated":true}]}}