{"id":13028,"date":"2026-01-15T07:34:58","date_gmt":"2026-01-15T06:34:58","guid":{"rendered":"https:\/\/certifycar.eu\/produkt\/controle-express\/"},"modified":"2026-01-15T07:34:58","modified_gmt":"2026-01-15T06:34:58","slug":"controle-express","status":"publish","type":"product","link":"https:\/\/certifycar.eu\/fr\/produkt\/controle-express\/","title":{"rendered":"Contr\u00f4le express"},"content":{"rendered":"<p><img fetchpriority=\"high\" decoding=\"async\" class=\"alignnone wp-image-13020\" src=\"https:\/\/certifycar.eu\/wp-content\/uploads\/2026\/01\/Express_Gutachten_24H_FRANZOeSISCH.png.jpeg\" alt=\"\" width=\"475\" height=\"316\"><\/p>\n<p>Le <strong>contr\u00f4le express<\/strong> est un produit compl\u00e9mentaire \u00e0 nos expertises. Il est uniquement disponible en combinaison avec l\u2019une de nos expertises, qu\u2019il s\u2019agisse d\u2019une expertise Premium, Van ou Camper.<br \/>\nApr\u00e8s la <b>commande r\u00e9ussie<\/b>, notre expert inspecte le v\u00e9hicule dans un d\u00e9lai de <b>24 heures<\/b> et vous recevez l\u2019expertise finalis\u00e9e au plus tard <b>24 heures apr\u00e8s l\u2019inspection<\/b>.<br \/>\nId\u00e9al pour les contr\u00f4les urgents de v\u00e9hicules d\u2019occasion en cas de contrainte de temps.<br \/>\nCertifycar \u2013 rapide. fiable. pr\u00e9cis.  <\/p>\n","protected":false},"excerpt":{"rendered":"<p><b>EXPRESS Check<\/b> \u2013 <b>quand chaque heure compte<\/b>.<br \/>Avec le nouveau Certifycar EXPRESS Check, vous recevez votre expertise automobile compl\u00e8te sous 24 heures les jours ouvrables*.<br \/>\nL\u2019option EXPRESS peut \u00eatre ajout\u00e9e \u00e0 l\u2019expertise standard et s\u2019applique tout particuli\u00e8rement lorsque, en raison d\u2019une contrainte de temps, la visite du v\u00e9hicule a d\u00e9j\u00e0 \u00e9t\u00e9 convenue avec le vendeur dans un d\u00e9lai de 24 heures.<br \/>\n<span style=\"font-size: 0.7em;\">*Sous r\u00e9serve de la confirmation par notre service de planification du respect du <b>service EXPRESS<\/b>.<\/span><\/p>\n","protected":false},"featured_media":13015,"template":"","meta":{"_acf_changed":false,"content-type":""},"product_brand":[],"product_cat":[209],"product_tag":[],"class_list":{"0":"post-13028","1":"product","2":"type-product","3":"status-publish","4":"has-post-thumbnail","6":"product_cat-ajout-fr-2","8":"first","9":"instock","10":"sale","11":"taxable","12":"shipping-taxable","13":"purchasable","14":"product-type-simple"},"acf":[],"_links":{"self":[{"href":"https:\/\/certifycar.eu\/fr\/wp-json\/wp\/v2\/product\/13028","targetHints":{"allow":["GET"]}}],"collection":[{"href":"https:\/\/certifycar.eu\/fr\/wp-json\/wp\/v2\/product"}],"about":[{"href":"https:\/\/certifycar.eu\/fr\/wp-json\/wp\/v2\/types\/product"}],"wp:featuredmedia":[{"embeddable":true,"href":"https:\/\/certifycar.eu\/fr\/wp-json\/wp\/v2\/media\/13015"}],"wp:attachment":[{"href":"https:\/\/certifycar.eu\/fr\/wp-json\/wp\/v2\/media?parent=13028"}],"wp:term":[{"taxonomy":"product_brand","embeddable":true,"href":"https:\/\/certifycar.eu\/fr\/wp-json\/wp\/v2\/product_brand?post=13028"},{"taxonomy":"product_cat","embeddable":true,"href":"https:\/\/certifycar.eu\/fr\/wp-json\/wp\/v2\/product_cat?post=13028"},{"taxonomy":"product_tag","embeddable":true,"href":"https:\/\/certifycar.eu\/fr\/wp-json\/wp\/v2\/product_tag?post=13028"}],"curies":[{"name":"wp","href":"https:\/\/api.w.org\/{rel}","templated":true}]}}