{"id":12035,"date":"2025-07-06T17:20:01","date_gmt":"2025-07-06T15:20:01","guid":{"rendered":"https:\/\/certifycar.eu\/produkt\/state-of-health-soh\/"},"modified":"2026-01-08T20:29:09","modified_gmt":"2026-01-08T19:29:09","slug":"state-of-health-soh","status":"publish","type":"product","link":"https:\/\/certifycar.eu\/fr\/produkt\/state-of-health-soh\/","title":{"rendered":"State of Health (SoH)"},"content":{"rendered":"<h3 style=\"font-weight: 400;\"><strong>Qu\u2019est-ce qui est test\u00e9 ?<\/strong><\/h3>\n<p style=\"font-weight: 400;\"><strong>L&rsquo;\u00e9tat de sant\u00e9 (SoH)<\/strong> d\u00e9crit l&rsquo;\u00e9tat de la batterie par rapport \u00e0 son \u00e9tat initial.<br \/>Gr\u00e2ce \u00e0 un syst\u00e8me de diagnostic automobile ind\u00e9pendant du constructeur, la batterie est lue directement par le biais du syst\u00e8me de gestion de la batterie. Ceci permet, entre autres : <\/p>\n<ul style=\"font-weight: 400;\">\n<li>la <strong>capacit\u00e9 restante r\u00e9elle<\/strong><\/li>\n<li>la performance<\/li>\n<li>ainsi que l&rsquo;\u00e9tat d&rsquo;usure de la <strong>batterie haute tension<\/strong><\/li>\n<\/ul>\n<p style=\"font-weight: 400;\">D\u00e9terminez avec pr\u00e9cision et de mani\u00e8re pratique.<\/p>\n<h3 style=\"font-weight: 400;\"><strong>Vos avantages en un coup d&rsquo;\u0153il<\/strong><\/h3>\n<p style=\"font-weight: 400;\">\u2705 <strong>Transparence totale concernant l&rsquo;\u00e9tat de la batterie<\/strong><br \/>Vous recevez un rapport clair et compr\u00e9hensible sur l&rsquo;\u00e9tat r\u00e9el de la batterie, ind\u00e9pendamment des sp\u00e9cifications du fabricant ou des affichages embarqu\u00e9s.<\/p>\n<p style=\"font-weight: 400;\"><strong>\u2705 S\u00e9curit\u00e9 renforc\u00e9e lors de l&rsquo;achat et de la vente de v\u00e9hicules \u00e9lectriques<\/strong><br \/>Le contr\u00f4le de l&rsquo;\u00e9tat de sant\u00e9 (SoH) instaure un climat de confiance entre acheteur et vendeur et r\u00e9duit les incertitudes li\u00e9es aux v\u00e9hicules d&rsquo;occasion.<\/p>\n<p style=\"font-weight: 400;\">\u2705 <strong>Certificat T\u00dcV certifi\u00e9 CARA<\/strong><br \/>Apr\u00e8s des tests r\u00e9ussis, vous recevrez un certificat officiel CARA du T\u00dcV, qui atteste de l&rsquo;\u00e9tat de sant\u00e9 (SoH) de la batterie et constitue une preuve reconnue dans le commerce automobile.<\/p>\n<p style=\"font-weight: 400;\">\u2705 <strong>Meilleure commercialisation et pr\u00e9servation de la valeur<\/strong><br \/>Un contr\u00f4le certifi\u00e9 de la batterie augmente l&rsquo;attrait de votre v\u00e9hicule, peut r\u00e9duire les temps d&rsquo;immobilisation et contribue \u00e0 obtenir un prix de march\u00e9 \u00e9quitable.<\/p>\n<p style=\"font-weight: 400;\"><strong>\u2705 Id\u00e9al pour les concessionnaires, les flottes et les particuliers<\/strong><br \/>Que ce soit pour une vente, un achat, une restitution de location ou une \u00e9valuation des stocks, le contr\u00f4le de l&rsquo;\u00e9tat de sant\u00e9 (SoH) constitue une base fiable pour la prise de d\u00e9cision.<\/p>\n<h3 style=\"font-weight: 400;\"><strong>Pourquoi un contr\u00f4le de l&rsquo;\u00e9tat de sant\u00e9 de la batterie est si important<\/strong><\/h3>\n<p style=\"font-weight: 400;\">La batterie haute tension est le composant le plus co\u00fbteux d&rsquo;un v\u00e9hicule \u00e9lectrique. M\u00eame de l\u00e9g\u00e8res variations de son \u00e9tat peuvent impacter significativement la valeur du v\u00e9hicule. Le <strong>contr\u00f4le d&rsquo;\u00e9tat de sant\u00e9 (SoH) de la batterie CertifyCar<\/strong> permet de conna\u00eetre son \u00e9tat de mani\u00e8re <strong>transparente, comparable et v\u00e9rifiable,<\/strong> pour une s\u00e9curit\u00e9 et une planification optimales.  <\/p>\n","protected":false},"excerpt":{"rendered":"<p style=\"font-weight: 400;\"><strong>V\u00e9rification de l&rsquo;\u00e9tat de sant\u00e9 de la batterie avec CertifyCar<\/strong><\/p>\n<p style=\"font-weight: 400;\"><strong>Transparence, s\u00e9curit\u00e9 et confiance pour les v\u00e9hicules \u00e9lectriques<\/strong><br \/>La batterie haute tension est le c\u0153ur de tout v\u00e9hicule \u00e9lectrique et son principal atout. Gr\u00e2ce \u00e0 notre contr\u00f4le de l&rsquo;\u00e9tat de sant\u00e9 (SoH) de votre batterie, conforme aux normes T\u00dcV Nord, vous b\u00e9n\u00e9ficiez d&rsquo;une \u00e9valuation objective, ind\u00e9pendante et v\u00e9rifiable de son \u00e9tat r\u00e9el. <\/p>\n","protected":false},"featured_media":11883,"template":"","meta":{"_acf_changed":false,"content-type":""},"product_brand":[],"product_cat":[209],"product_tag":[],"class_list":{"0":"post-12035","1":"product","2":"type-product","3":"status-publish","4":"has-post-thumbnail","6":"product_cat-ajout-fr-2","8":"first","9":"instock","10":"virtual","11":"taxable","12":"purchasable","13":"product-type-simple"},"acf":[],"_links":{"self":[{"href":"https:\/\/certifycar.eu\/fr\/wp-json\/wp\/v2\/product\/12035","targetHints":{"allow":["GET"]}}],"collection":[{"href":"https:\/\/certifycar.eu\/fr\/wp-json\/wp\/v2\/product"}],"about":[{"href":"https:\/\/certifycar.eu\/fr\/wp-json\/wp\/v2\/types\/product"}],"wp:featuredmedia":[{"embeddable":true,"href":"https:\/\/certifycar.eu\/fr\/wp-json\/wp\/v2\/media\/11883"}],"wp:attachment":[{"href":"https:\/\/certifycar.eu\/fr\/wp-json\/wp\/v2\/media?parent=12035"}],"wp:term":[{"taxonomy":"product_brand","embeddable":true,"href":"https:\/\/certifycar.eu\/fr\/wp-json\/wp\/v2\/product_brand?post=12035"},{"taxonomy":"product_cat","embeddable":true,"href":"https:\/\/certifycar.eu\/fr\/wp-json\/wp\/v2\/product_cat?post=12035"},{"taxonomy":"product_tag","embeddable":true,"href":"https:\/\/certifycar.eu\/fr\/wp-json\/wp\/v2\/product_tag?post=12035"}],"curies":[{"name":"wp","href":"https:\/\/api.w.org\/{rel}","templated":true}]}}