{"id":11746,"date":"2025-06-09T12:40:08","date_gmt":"2025-06-09T10:40:08","guid":{"rendered":"https:\/\/certifycar.eu\/produkt\/certifycar-camper\/"},"modified":"2025-07-10T20:52:50","modified_gmt":"2025-07-10T18:52:50","slug":"certifycar-camper","status":"publish","type":"product","link":"https:\/\/certifycar.eu\/fr\/produkt\/certifycar-camper\/","title":{"rendered":"CertifyCar Camper"},"content":{"rendered":"<p><strong>Ce que contient notre rapport d\u2019expertise CertifyCar CAMPER pour v\u00e9hicules d\u2019occasion :<\/strong><\/p>\n<ul>\n<li>Pour tous les camping-cars, fourgons am\u00e9nag\u00e9s, capucines et v\u00e9hicules de loisirs, en France et \u00e0 l\u2019\u00e9tranger<\/li>\n<li>Plus de 150 points de contr\u00f4le d\u00e9taill\u00e9s, y compris l\u2019enregistrement des dommages visuels sur l\u2019ensemble de la carrosserie.<\/li>\n<li>V\u00e9rification des donn\u00e9es de base telles que le num\u00e9ro de ch\u00e2ssis, la premi\u00e8re immatriculation, le kilom\u00e9trage et d&rsquo;autres donn\u00e9es du v\u00e9hicule.<\/li>\n<li>\u00c9valuation technique lors de tests visuels et fonctionnels approfondis\n<ul>\n<li>Pneus<\/li>\n<li>jantes<\/li>\n<li>Freins<\/li>\n<li>\u00e9clairage<\/li>\n<li>Course d\u2019essai du moteur<\/li>\n<li>Essai routier, si techniquement et l\u00e9galement possible<br \/>o Inspection du soubassement, si les conditions locales le permettent<\/li>\n<\/ul>\n<\/li>\n<li>Am\u00e9nagement int\u00e9rieur \/ Espace de vie\n<ul>\n<li>V\u00e9rification du fonctionnement et de l\u2019\u00e9tat des meubles et des installations<\/li>\n<li>Cuisine et syst\u00e8me d\u2019eau<\/li>\n<li>Chauffage<\/li>\n<li>Inspection visuelle de l\u2019installation de gaz<\/li>\n<li>Inspection visuelle des dommages caus\u00e9s par l\u2019humidit\u00e9<\/li>\n<\/ul>\n<\/li>\n<li>V\u00e9rifiez le corps\n<ul>\n<li>Mesure de la couche de peinture<\/li>\n<li>Bosses, bosses, oxydation et corrosion<\/li>\n<li>Travaux de peinture ou de r\u00e9paration<\/li>\n<li>Inspection visuelle des dommages ant\u00e9rieurs et des dommages cach\u00e9s<\/li>\n<\/ul>\n<\/li>\n<\/ul>\n<ul>\n<li>Nous v\u00e9rifions \u00e9galement toujours<\/li>\n<\/ul>\n<ul>\n<li style=\"list-style-type: none;\">\n<ul>\n<li>\u00c9tat de l&rsquo;habitacle, y compris les si\u00e8ges, les garnitures, le ciel de toit et les tapis o Niveau d&rsquo;huile moteur <\/li>\n<li>Niveaux de freins et de liquide de refroidissement<\/li>\n<li>V\u00e9rification de la variante du v\u00e9hicule et de l\u2019\u00e9quipement<br \/>o Autorisation d\u2019exploitation valide pour les pi\u00e8ces ajout\u00e9es et les accessoires<br \/>o V\u00e9rification de la compl\u00e9tude de tous les documents du v\u00e9hicule<\/li>\n<li>\u00c9l\u00e9ments ext\u00e9rieurs tels que store, porte-v\u00e9los, raccordements ext\u00e9rieurs (\u00e9lectricit\u00e9, eau, etc.)<\/li>\n<li>Inspection visuelle des joints d&rsquo;\u00e9tanch\u00e9it\u00e9<\/li>\n<\/ul>\n<\/li>\n<\/ul>\n<ul>\n<li>La documentation photographique contient<\/li>\n<\/ul>\n<ul>\n<li style=\"list-style-type: none;\">\n<ul>\n<li>Photos ext\u00e9rieures et int\u00e9rieures standard comprenant le compteur de vitesse, le kilom\u00e9trage et le num\u00e9ro de ch\u00e2ssis <\/li>\n<\/ul>\n<\/li>\n<\/ul>\n<p>Photos de tout dommage technique<\/p>\n","protected":false},"excerpt":{"rendered":"<p>Notre rapport premium pour tous les camping-cars, fourgons am\u00e9nag\u00e9s, capucines et v\u00e9hicules de loisirs, en France et \u00e0 l\u2019\u00e9tranger, \u00e9quip\u00e9s d\u2019un moteur \u00e0 combustion classique (essence ou diesel).<\/p>\n","protected":false},"featured_media":11640,"template":"","meta":{"_acf_changed":false,"content-type":""},"product_brand":[],"product_cat":[175],"product_tag":[],"class_list":{"0":"post-11746","1":"product","2":"type-product","3":"status-publish","4":"has-post-thumbnail","6":"product_cat-rapport","8":"first","9":"instock","10":"taxable","11":"shipping-taxable","12":"purchasable","13":"product-type-variable"},"acf":[],"_links":{"self":[{"href":"https:\/\/certifycar.eu\/fr\/wp-json\/wp\/v2\/product\/11746","targetHints":{"allow":["GET"]}}],"collection":[{"href":"https:\/\/certifycar.eu\/fr\/wp-json\/wp\/v2\/product"}],"about":[{"href":"https:\/\/certifycar.eu\/fr\/wp-json\/wp\/v2\/types\/product"}],"wp:featuredmedia":[{"embeddable":true,"href":"https:\/\/certifycar.eu\/fr\/wp-json\/wp\/v2\/media\/11640"}],"wp:attachment":[{"href":"https:\/\/certifycar.eu\/fr\/wp-json\/wp\/v2\/media?parent=11746"}],"wp:term":[{"taxonomy":"product_brand","embeddable":true,"href":"https:\/\/certifycar.eu\/fr\/wp-json\/wp\/v2\/product_brand?post=11746"},{"taxonomy":"product_cat","embeddable":true,"href":"https:\/\/certifycar.eu\/fr\/wp-json\/wp\/v2\/product_cat?post=11746"},{"taxonomy":"product_tag","embeddable":true,"href":"https:\/\/certifycar.eu\/fr\/wp-json\/wp\/v2\/product_tag?post=11746"}],"curies":[{"name":"wp","href":"https:\/\/api.w.org\/{rel}","templated":true}]}}