{"id":10346,"date":"2025-02-03T21:24:40","date_gmt":"2025-02-03T20:24:40","guid":{"rendered":"https:\/\/certifycar.eu\/produkt\/consultation-du-livret-de-service-numerique\/"},"modified":"2025-04-22T20:21:00","modified_gmt":"2025-04-22T18:21:00","slug":"consultation-du-livret-de-service-numerique","status":"publish","type":"product","link":"https:\/\/certifycar.eu\/fr\/produkt\/consultation-du-livret-de-service-numerique\/","title":{"rendered":"Consultation du livret de service num\u00e9rique"},"content":{"rendered":"<p>Outre les donn\u00e9es d&rsquo;entretien et de service, il est parfois possible d&rsquo;enregistrer les r\u00e9parations de la voiture ainsi que les kilom\u00e9trages respectifs. Le ph\u00e9nom\u00e8ne tr\u00e8s r\u00e9pandu lors de l&rsquo;achat d&rsquo;une voiture d&rsquo;occasion, \u00e0 savoir la manipulation du compteur de vitesse, est rendu plus difficile par l&rsquo;enregistrement des donn\u00e9es. Les carnets d&rsquo;entretien perdus appartiennent \u00e9galement au pass\u00e9 gr\u00e2ce \u00e0 la version num\u00e9rique. Procurez-vous cette information importante gr\u00e2ce \u00e0 notre connexion directe aux bases de donn\u00e9es des constructeurs, les donn\u00e9es contiennent des entr\u00e9es sur les v\u00e9hicules dans toute l&rsquo;Europe. R\u00e9servez-le simplement comme produit suppl\u00e9mentaire.    <\/p>\n<p><strong>Inviolabilit\u00e9 <\/strong> : les donn\u00e9es d&rsquo;entretien ne peuvent \u00eatre modifi\u00e9es que par des garages agr\u00e9\u00e9s.<\/p>\n<p><strong>Transparence <\/strong> : les donn\u00e9es relatives \u00e0 l&rsquo;entretien, aux r\u00e9parations et au kilom\u00e9trage sont centralis\u00e9es et restent compr\u00e9hensibles.<\/p>\n<p><strong>Acc\u00e8s international<\/strong>: les informations sont disponibles dans le monde entier.<\/p>\n","protected":false},"excerpt":{"rendered":"<p>Ce produit peut \u00eatre r\u00e9serv\u00e9 individuellement ou en tant que service suppl\u00e9mentaire \u00e0 nos rapports CertifyCar Premium et Van. En compl\u00e9ment d&rsquo;un rapport CertifyCar Premium ou du rapport Van, ce service ne co\u00fbte que <b>39<\/b> \u20ac. Le carnet d&rsquo;entretien num\u00e9rique fournit une documentation compl\u00e8te et inviolable de tous les travaux d&rsquo;entretien et de r\u00e9paration effectu\u00e9s sur un v\u00e9hicule. Les entr\u00e9es sont stock\u00e9es directement dans la base de donn\u00e9es centrale du fabricant et nous pouvons y acc\u00e9der \u00e0 l&rsquo;\u00e9chelle internationale. Cela signifie que des informations importantes, telles que le kilom\u00e9trage et l&rsquo;historique d&rsquo;entretien, sont conserv\u00e9es m\u00eame lors de l&rsquo;achat d&rsquo;un v\u00e9hicule \u00e0 l&rsquo;\u00e9tranger.   <\/p>\n<div style=\"background: #FAFAFA; padding: 8px; border-radius: 7px;\"><strong>Uniquement pour les marques suivantes<\/strong>: Audi, BMW, BMW-M, Ford, Jaguar, Landrover, Mini, Mercedes, Mercedes Vans, Smart, Seat, Skoda, Volkswagen<\/div>\n","protected":false},"featured_media":10489,"template":"","meta":{"_acf_changed":false,"content-type":""},"product_brand":[],"product_cat":[209],"product_tag":[],"class_list":{"0":"post-10346","1":"product","2":"type-product","3":"status-publish","4":"has-post-thumbnail","6":"product_cat-ajout-fr-2","8":"first","9":"instock","10":"virtual","11":"taxable","12":"purchasable","13":"product-type-simple"},"acf":[],"_links":{"self":[{"href":"https:\/\/certifycar.eu\/fr\/wp-json\/wp\/v2\/product\/10346","targetHints":{"allow":["GET"]}}],"collection":[{"href":"https:\/\/certifycar.eu\/fr\/wp-json\/wp\/v2\/product"}],"about":[{"href":"https:\/\/certifycar.eu\/fr\/wp-json\/wp\/v2\/types\/product"}],"wp:featuredmedia":[{"embeddable":true,"href":"https:\/\/certifycar.eu\/fr\/wp-json\/wp\/v2\/media\/10489"}],"wp:attachment":[{"href":"https:\/\/certifycar.eu\/fr\/wp-json\/wp\/v2\/media?parent=10346"}],"wp:term":[{"taxonomy":"product_brand","embeddable":true,"href":"https:\/\/certifycar.eu\/fr\/wp-json\/wp\/v2\/product_brand?post=10346"},{"taxonomy":"product_cat","embeddable":true,"href":"https:\/\/certifycar.eu\/fr\/wp-json\/wp\/v2\/product_cat?post=10346"},{"taxonomy":"product_tag","embeddable":true,"href":"https:\/\/certifycar.eu\/fr\/wp-json\/wp\/v2\/product_tag?post=10346"}],"curies":[{"name":"wp","href":"https:\/\/api.w.org\/{rel}","templated":true}]}}