{"id":5170,"date":"2024-06-20T12:12:38","date_gmt":"2024-06-20T10:12:38","guid":{"rendered":"https:\/\/dev.certifycar.eu\/?page_id=5170"},"modified":"2024-06-20T12:12:39","modified_gmt":"2024-06-20T10:12:39","slug":"declarations-de-vehicules-pour-dommages-a-letranger-2","status":"publish","type":"page","link":"https:\/\/certifycar.eu\/fr\/declarations-de-vehicules-pour-dommages-a-letranger-2\/","title":{"rendered":"D\u00e9clarations de v\u00e9hicules pour dommages \u00e0 l&rsquo;\u00e9tranger"},"content":{"rendered":"\t\t<div data-elementor-type=\"wp-page\" data-elementor-id=\"5170\" class=\"elementor elementor-5170 elementor-5169\" data-elementor-post-type=\"page\">\n\t\t\t\t<div class=\"elementor-element elementor-element-f16f6ed e-flex e-con-boxed e-con e-parent\" data-id=\"f16f6ed\" data-element_type=\"container\">\n\t\t\t\t\t<div class=\"e-con-inner\">\n\t\t<div class=\"elementor-element elementor-element-a1ba65f e-con-full e-flex e-con e-child\" data-id=\"a1ba65f\" data-element_type=\"container\">\n\t\t\t\t<div class=\"elementor-element elementor-element-4514566 elementor-widget elementor-widget-heading\" data-id=\"4514566\" data-element_type=\"widget\" data-widget_type=\"heading.default\">\n\t\t\t\t<div class=\"elementor-widget-container\">\n\t\t\t\t\t<h2 class=\"elementor-heading-title elementor-size-default\">Votre partenaire pour les rapports de v\u00e9hicules \u00e0 l'\u00e9tranger et en Allemagne<\/h2>\t\t\t\t<\/div>\n\t\t\t\t<\/div>\n\t\t\t\t<div class=\"elementor-element elementor-element-1815d0e elementor-widget elementor-widget-text-editor\" data-id=\"1815d0e\" data-element_type=\"widget\" data-widget_type=\"text-editor.default\">\n\t\t\t\t<div class=\"elementor-widget-container\">\n\t\t\t\t\t\t\t\t\t<p style=\"font-weight: 400;\"><strong>Vous ou l\u2019un de vos clients ou assur\u00e9s avez \u00e9t\u00e9 victime d\u2019un accident \u00e0 l\u2019\u00e9tranger ?<\/strong><\/p>\n\t\t\t\t\t\t\t\t<\/div>\n\t\t\t\t<\/div>\n\t\t\t\t<div class=\"elementor-element elementor-element-eb883c8 elementor-widget elementor-widget-text-editor\" data-id=\"eb883c8\" data-element_type=\"widget\" data-widget_type=\"text-editor.default\">\n\t\t\t\t<div class=\"elementor-widget-container\">\n\t\t\t\t\t\t\t\t\t<p style=\"font-weight: 400;\">Chez Certifycar, nous comprenons que de tels \u00e9v\u00e9nements peuvent souvent \u00eatre complexes et accablants. C&rsquo;est pourquoi nous proposons un service sp\u00e9cialis\u00e9 qui simplifie les d\u00e9marches et est \u00e0 vos c\u00f4t\u00e9s. <\/p>\n\t\t\t\t\t\t\t\t<\/div>\n\t\t\t\t<\/div>\n\t\t\t\t<\/div>\n\t\t<div class=\"elementor-element elementor-element-28e0f07 e-con-full e-flex e-con e-child\" data-id=\"28e0f07\" data-element_type=\"container\">\n\t\t\t\t<div class=\"elementor-element elementor-element-5b2089a elementor-widget elementor-widget-image\" data-id=\"5b2089a\" data-element_type=\"widget\" data-widget_type=\"image.default\">\n\t\t\t\t<div class=\"elementor-widget-container\">\n\t\t\t\t\t\t\t\t\t\t\t\t\t\t\t<img fetchpriority=\"high\" decoding=\"async\" width=\"800\" height=\"533\" src=\"https:\/\/certifycar.eu\/wp-content\/uploads\/2024\/05\/Auslandsschaden-min-1024x682.jpg\" class=\"attachment-large size-large wp-image-2055\" alt=\"\" srcset=\"https:\/\/certifycar.eu\/wp-content\/uploads\/2024\/05\/Auslandsschaden-min-1024x682.jpg 1024w, https:\/\/certifycar.eu\/wp-content\/uploads\/2024\/05\/Auslandsschaden-min-300x200.jpg 300w, https:\/\/certifycar.eu\/wp-content\/uploads\/2024\/05\/Auslandsschaden-min-768x512.jpg 768w, https:\/\/certifycar.eu\/wp-content\/uploads\/2024\/05\/Auslandsschaden-min-225x150.jpg 225w, https:\/\/certifycar.eu\/wp-content\/uploads\/2024\/05\/Auslandsschaden-min-500x333.jpg 500w, https:\/\/certifycar.eu\/wp-content\/uploads\/2024\/05\/Auslandsschaden-min.jpg 1280w\" sizes=\"(max-width: 800px) 100vw, 800px\" \/>\t\t\t\t\t\t\t\t\t\t\t\t\t\t\t<\/div>\n\t\t\t\t<\/div>\n\t\t\t\t<\/div>\n\t\t\t\t\t<\/div>\n\t\t\t\t<\/div>\n\t\t<div class=\"elementor-element elementor-element-4cababc e-flex e-con-boxed e-con e-parent\" data-id=\"4cababc\" data-element_type=\"container\" data-settings=\"{&quot;background_background&quot;:&quot;classic&quot;}\">\n\t\t\t\t\t<div class=\"e-con-inner\">\n\t\t<div class=\"elementor-element elementor-element-b85002c e-con-full e-flex e-con e-child\" data-id=\"b85002c\" data-element_type=\"container\">\n\t\t\t\t<div class=\"elementor-element elementor-element-62d99c2 elementor-widget elementor-widget-heading\" data-id=\"62d99c2\" data-element_type=\"widget\" data-widget_type=\"heading.default\">\n\t\t\t\t<div class=\"elementor-widget-container\">\n\t\t\t\t\t<h2 class=\"elementor-heading-title elementor-size-default\">Nos services<\/h2>\t\t\t\t<\/div>\n\t\t\t\t<\/div>\n\t\t\t\t<div class=\"elementor-element elementor-element-d696ecb elementor-widget elementor-widget-spacer\" data-id=\"d696ecb\" data-element_type=\"widget\" data-widget_type=\"spacer.default\">\n\t\t\t\t<div class=\"elementor-widget-container\">\n\t\t\t\t\t\t\t<div class=\"elementor-spacer\">\n\t\t\t<div class=\"elementor-spacer-inner\"><\/div>\n\t\t<\/div>\n\t\t\t\t\t\t<\/div>\n\t\t\t\t<\/div>\n\t\t\t\t<\/div>\n\t\t<div class=\"elementor-element elementor-element-dc21fd0 e-con-full e-flex e-con e-child\" data-id=\"dc21fd0\" data-element_type=\"container\">\n\t\t<div class=\"elementor-element elementor-element-89da990 e-con-full e-flex e-con e-child\" data-id=\"89da990\" data-element_type=\"container\">\n\t\t\t\t<div class=\"elementor-element elementor-element-372a4c1 elementor-widget elementor-widget-icon-box\" data-id=\"372a4c1\" data-element_type=\"widget\" data-widget_type=\"icon-box.default\">\n\t\t\t\t<div class=\"elementor-widget-container\">\n\t\t\t\t\t\t\t<div class=\"elementor-icon-box-wrapper\">\n\n\t\t\t\n\t\t\t\t\t\t<div class=\"elementor-icon-box-content\">\n\n\t\t\t\t\t\t\t\t\t<h3 class=\"elementor-icon-box-title\">\n\t\t\t\t\t\t<span  >\n\t\t\t\t\t\t\tR\u00e9seau complet\t\t\t\t\t\t<\/span>\n\t\t\t\t\t<\/h3>\n\t\t\t\t\n\t\t\t\t\t\t\t\t\t<p class=\"elementor-icon-box-description\">\n\t\t\t\t\t\tAvec un vaste r\u00e9seau d'experts automobiles dans sept pays europ\u00e9ens et dans toute l'Allemagne.\t\t\t\t\t<\/p>\n\t\t\t\t\n\t\t\t<\/div>\n\t\t\t\n\t\t<\/div>\n\t\t\t\t\t\t<\/div>\n\t\t\t\t<\/div>\n\t\t\t\t<\/div>\n\t\t<div class=\"elementor-element elementor-element-89149f7 e-con-full e-flex e-con e-child\" data-id=\"89149f7\" data-element_type=\"container\">\n\t\t\t\t<div class=\"elementor-element elementor-element-fe3e867 elementor-widget elementor-widget-icon-box\" data-id=\"fe3e867\" data-element_type=\"widget\" data-widget_type=\"icon-box.default\">\n\t\t\t\t<div class=\"elementor-widget-container\">\n\t\t\t\t\t\t\t<div class=\"elementor-icon-box-wrapper\">\n\n\t\t\t\n\t\t\t\t\t\t<div class=\"elementor-icon-box-content\">\n\n\t\t\t\t\t\t\t\t\t<h3 class=\"elementor-icon-box-title\">\n\t\t\t\t\t\t<span  >\n\t\t\t\t\t\t\tCouverture actuelle du pays\t\t\t\t\t\t<\/span>\n\t\t\t\t\t<\/h3>\n\t\t\t\t\n\t\t\t\t\t\t\t\t\t<p class=\"elementor-icon-box-description\">\n\t\t\t\t\t\tAllemagne, France, Belgique, Autriche, Suisse, Italie, Espagne, Portugal\t\t\t\t\t<\/p>\n\t\t\t\t\n\t\t\t<\/div>\n\t\t\t\n\t\t<\/div>\n\t\t\t\t\t\t<\/div>\n\t\t\t\t<\/div>\n\t\t\t\t<\/div>\n\t\t<div class=\"elementor-element elementor-element-5c7445c e-con-full e-flex e-con e-child\" data-id=\"5c7445c\" data-element_type=\"container\">\n\t\t\t\t<div class=\"elementor-element elementor-element-272384f elementor-widget elementor-widget-icon-box\" data-id=\"272384f\" data-element_type=\"widget\" data-widget_type=\"icon-box.default\">\n\t\t\t\t<div class=\"elementor-widget-container\">\n\t\t\t\t\t\t\t<div class=\"elementor-icon-box-wrapper\">\n\n\t\t\t\n\t\t\t\t\t\t<div class=\"elementor-icon-box-content\">\n\n\t\t\t\t\t\t\t\t\t<h3 class=\"elementor-icon-box-title\">\n\t\t\t\t\t\t<span  >\n\t\t\t\t\t\t\tContr\u00f4les sur place\t\t\t\t\t\t<\/span>\n\t\t\t\t\t<\/h3>\n\t\t\t\t\n\t\t\t\t\t\t\t\t\t<p class=\"elementor-icon-box-description\">\n\t\t\t\t\t\tNous inspectons les v\u00e9hicules impliqu\u00e9s dans des accidents directement sur place, m\u00eame \u00e0 l'\u00e9tranger.\t\t\t\t\t<\/p>\n\t\t\t\t\n\t\t\t<\/div>\n\t\t\t\n\t\t<\/div>\n\t\t\t\t\t\t<\/div>\n\t\t\t\t<\/div>\n\t\t\t\t<\/div>\n\t\t<div class=\"elementor-element elementor-element-cc4a8be e-con-full e-flex e-con e-child\" data-id=\"cc4a8be\" data-element_type=\"container\">\n\t\t\t\t<div class=\"elementor-element elementor-element-fc34d02 elementor-widget elementor-widget-icon-box\" data-id=\"fc34d02\" data-element_type=\"widget\" data-widget_type=\"icon-box.default\">\n\t\t\t\t<div class=\"elementor-widget-container\">\n\t\t\t\t\t\t\t<div class=\"elementor-icon-box-wrapper\">\n\n\t\t\t\n\t\t\t\t\t\t<div class=\"elementor-icon-box-content\">\n\n\t\t\t\t\t\t\t\t\t<h3 class=\"elementor-icon-box-title\">\n\t\t\t\t\t\t<span  >\n\t\t\t\t\t\t\tRapports qualifi\u00e9s\t\t\t\t\t\t<\/span>\n\t\t\t\t\t<\/h3>\n\t\t\t\t\n\t\t\t\t\t\t\t\t\t<p class=\"elementor-icon-box-description\">\n\t\t\t\t\t\tPr\u00e9paration de rapports de responsabilit\u00e9 ou de rapports complets selon les directives allemandes.\t\t\t\t\t<\/p>\n\t\t\t\t\n\t\t\t<\/div>\n\t\t\t\n\t\t<\/div>\n\t\t\t\t\t\t<\/div>\n\t\t\t\t<\/div>\n\t\t\t\t<\/div>\n\t\t\t\t<\/div>\n\t\t<div class=\"elementor-element elementor-element-8e73733 e-con-full e-flex e-con e-child\" data-id=\"8e73733\" data-element_type=\"container\">\n\t\t<div class=\"elementor-element elementor-element-f3835ac e-con-full e-flex e-con e-child\" data-id=\"f3835ac\" data-element_type=\"container\">\n\t\t\t\t<div class=\"elementor-element elementor-element-35bd5ab elementor-widget elementor-widget-icon-box\" data-id=\"35bd5ab\" data-element_type=\"widget\" data-widget_type=\"icon-box.default\">\n\t\t\t\t<div class=\"elementor-widget-container\">\n\t\t\t\t\t\t\t<div class=\"elementor-icon-box-wrapper\">\n\n\t\t\t\n\t\t\t\t\t\t<div class=\"elementor-icon-box-content\">\n\n\t\t\t\t\t\t\t\t\t<h3 class=\"elementor-icon-box-title\">\n\t\t\t\t\t\t<span  >\n\t\t\t\t\t\t\tGains de temps et d'argent\t\t\t\t\t\t<\/span>\n\t\t\t\t\t<\/h3>\n\t\t\t\t\n\t\t\t\t\t\t\t\t\t<p class=\"elementor-icon-box-description\">\n\t\t\t\t\t\tDans de nombreux cas, le transport aller-retour co\u00fbteux du v\u00e9hicule peut \u00eatre \u00e9vit\u00e9.\t\t\t\t\t<\/p>\n\t\t\t\t\n\t\t\t<\/div>\n\t\t\t\n\t\t<\/div>\n\t\t\t\t\t\t<\/div>\n\t\t\t\t<\/div>\n\t\t\t\t<\/div>\n\t\t<div class=\"elementor-element elementor-element-ba32203 e-con-full e-flex e-con e-child\" data-id=\"ba32203\" data-element_type=\"container\">\n\t\t\t\t<div class=\"elementor-element elementor-element-4b256d7 elementor-widget elementor-widget-icon-box\" data-id=\"4b256d7\" data-element_type=\"widget\" data-widget_type=\"icon-box.default\">\n\t\t\t\t<div class=\"elementor-widget-container\">\n\t\t\t\t\t\t\t<div class=\"elementor-icon-box-wrapper\">\n\n\t\t\t\n\t\t\t\t\t\t<div class=\"elementor-icon-box-content\">\n\n\t\t\t\t\t\t\t\t\t<h3 class=\"elementor-icon-box-title\">\n\t\t\t\t\t\t<span  >\n\t\t\t\t\t\t\tExp\u00e9rience en assurance correspondance\t\t\t\t\t\t<\/span>\n\t\t\t\t\t<\/h3>\n\t\t\t\t\n\t\t\t\t\t\t\t\t\t<p class=\"elementor-icon-box-description\">\n\t\t\t\t\t\tNous proposons \u00e9galement nos services d'assurance des correspondances en Allemagne et coop\u00e9rons d\u00e9j\u00e0 avec succ\u00e8s avec certains d'entre eux.\t\t\t\t\t<\/p>\n\t\t\t\t\n\t\t\t<\/div>\n\t\t\t\n\t\t<\/div>\n\t\t\t\t\t\t<\/div>\n\t\t\t\t<\/div>\n\t\t\t\t<\/div>\n\t\t<div class=\"elementor-element elementor-element-73c35ba e-con-full e-flex e-con e-child\" data-id=\"73c35ba\" data-element_type=\"container\">\n\t\t\t\t<div class=\"elementor-element elementor-element-98e4412 elementor-widget elementor-widget-icon-box\" data-id=\"98e4412\" data-element_type=\"widget\" data-widget_type=\"icon-box.default\">\n\t\t\t\t<div class=\"elementor-widget-container\">\n\t\t\t\t\t\t\t<div class=\"elementor-icon-box-wrapper\">\n\n\t\t\t\n\t\t\t\t\t\t<div class=\"elementor-icon-box-content\">\n\n\t\t\t\t\t\t\t\t\t<h3 class=\"elementor-icon-box-title\">\n\t\t\t\t\t\t<span  >\n\t\t\t\t\t\t\tPas de frais suppl\u00e9mentaires\t\t\t\t\t\t<\/span>\n\t\t\t\t\t<\/h3>\n\t\t\t\t\n\t\t\t\t\t\t\t\t\t<p class=\"elementor-icon-box-description\">\n\t\t\t\t\t\tLa facturation est bas\u00e9e sur le tableau allemand BVSK, de sorte qu'il n'y a pas de frais suppl\u00e9mentaires pour vous en cas de dommages de responsabilit\u00e9 \u00e0 l'\u00e9tranger.\t\t\t\t\t<\/p>\n\t\t\t\t\n\t\t\t<\/div>\n\t\t\t\n\t\t<\/div>\n\t\t\t\t\t\t<\/div>\n\t\t\t\t<\/div>\n\t\t\t\t<\/div>\n\t\t\t\t<\/div>\n\t\t\t\t\t<\/div>\n\t\t\t\t<\/div>\n\t\t<div class=\"elementor-element elementor-element-f35262f e-flex e-con-boxed e-con e-parent\" data-id=\"f35262f\" data-element_type=\"container\">\n\t\t\t\t\t<div class=\"e-con-inner\">\n\t\t<div class=\"elementor-element elementor-element-153a556 e-con-full e-flex e-con e-child\" data-id=\"153a556\" data-element_type=\"container\">\n\t\t<div class=\"elementor-element elementor-element-03b2d8b e-con-full e-flex e-con e-child\" data-id=\"03b2d8b\" data-element_type=\"container\">\n\t\t<div class=\"elementor-element elementor-element-ae017d0 e-con-full e-flex e-con e-child\" data-id=\"ae017d0\" data-element_type=\"container\">\n\t\t\t\t<div class=\"elementor-element elementor-element-6048359 elementor-widget elementor-widget-heading\" data-id=\"6048359\" data-element_type=\"widget\" data-widget_type=\"heading.default\">\n\t\t\t\t<div class=\"elementor-widget-container\">\n\t\t\t\t\t<h2 class=\"elementor-heading-title elementor-size-default\">Votre avantage :<\/h2>\t\t\t\t<\/div>\n\t\t\t\t<\/div>\n\t\t\t\t<\/div>\n\t\t\t\t<div class=\"elementor-element elementor-element-108cb3a elementor-widget elementor-widget-text-editor\" data-id=\"108cb3a\" data-element_type=\"widget\" data-widget_type=\"text-editor.default\">\n\t\t\t\t<div class=\"elementor-widget-container\">\n\t\t\t\t\t\t\t\t\t<p>Gr\u00e2ce \u00e0 notre service, vous et vos clients pouvez b\u00e9n\u00e9ficier d\u2019importantes \u00e9conomies de temps et d\u2019argent. Nous offrons une valeur ajout\u00e9e significative en rendant souvent inutile le transport aller-retour du v\u00e9hicule accident\u00e9. <\/p>\n\t\t\t\t\t\t\t\t<\/div>\n\t\t\t\t<\/div>\n\t\t\t\t<\/div>\n\t\t<div class=\"elementor-element elementor-element-bc9cc69 e-con-full e-flex e-con e-child\" data-id=\"bc9cc69\" data-element_type=\"container\">\n\t\t<div class=\"elementor-element elementor-element-017cf7a e-con-full e-flex e-con e-child\" data-id=\"017cf7a\" data-element_type=\"container\">\n\t\t\t\t<div class=\"elementor-element elementor-element-72447b7 elementor-widget elementor-widget-heading\" data-id=\"72447b7\" data-element_type=\"widget\" data-widget_type=\"heading.default\">\n\t\t\t\t<div class=\"elementor-widget-container\">\n\t\t\t\t\t<h2 class=\"elementor-heading-title elementor-size-default\">Notre objectif:<\/h2>\t\t\t\t<\/div>\n\t\t\t\t<\/div>\n\t\t\t\t<\/div>\n\t\t\t\t<div class=\"elementor-element elementor-element-d5d33a1 elementor-widget elementor-widget-text-editor\" data-id=\"d5d33a1\" data-element_type=\"widget\" data-widget_type=\"text-editor.default\">\n\t\t\t\t<div class=\"elementor-widget-container\">\n\t\t\t\t\t\t\t\t\t<p>Nous souhaitons offrir aux personnes concern\u00e9es un soutien fiable et standardiser le processus de r\u00e8glement des dommages accidentels \u00e0 l&rsquo;\u00e9tranger et en Allemagne.<\/p>\n\t\t\t\t\t\t\t\t<\/div>\n\t\t\t\t<\/div>\n\t\t\t\t<\/div>\n\t\t<div class=\"elementor-element elementor-element-798a6a6 e-con-full e-flex e-con e-child\" data-id=\"798a6a6\" data-element_type=\"container\">\n\t\t<div class=\"elementor-element elementor-element-5c85cd5 e-con-full e-flex e-con e-child\" data-id=\"5c85cd5\" data-element_type=\"container\">\n\t\t\t\t<div class=\"elementor-element elementor-element-8dd6b6f elementor-widget elementor-widget-heading\" data-id=\"8dd6b6f\" data-element_type=\"widget\" data-widget_type=\"heading.default\">\n\t\t\t\t<div class=\"elementor-widget-container\">\n\t\t\t\t\t<h2 class=\"elementor-heading-title elementor-size-default\">Contactez-nous:<\/h2>\t\t\t\t<\/div>\n\t\t\t\t<\/div>\n\t\t\t\t<\/div>\n\t\t\t\t<div class=\"elementor-element elementor-element-023ab66 elementor-widget elementor-widget-text-editor\" data-id=\"023ab66\" data-element_type=\"widget\" data-widget_type=\"text-editor.default\">\n\t\t\t\t<div class=\"elementor-widget-container\">\n\t\t\t\t\t\t\t\t\t<p>Es tu int\u00e9ress\u00e9? Nous serions heureux de vous pr\u00e9senter nos services plus en d\u00e9tail et de discuter des possibilit\u00e9s de coop\u00e9ration. Pour plus d&rsquo;informations ou pour prendre rendez-vous, veuillez nous contacter au  <\/p>\n\t\t\t\t\t\t\t\t<\/div>\n\t\t\t\t<\/div>\n\t\t\t\t<\/div>\n\t\t\t\t<\/div>\n\t\t\t\t\t<\/div>\n\t\t\t\t<\/div>\n\t\t<div class=\"elementor-element elementor-element-37c41b8 e-flex e-con-boxed e-con e-parent\" data-id=\"37c41b8\" data-element_type=\"container\">\n\t\t\t\t\t<div class=\"e-con-inner\">\n\t\t<div class=\"elementor-element elementor-element-2d50e63 e-con-full e-flex e-con e-child\" data-id=\"2d50e63\" data-element_type=\"container\" data-settings=\"{&quot;background_background&quot;:&quot;classic&quot;}\">\n\t\t\t\t<div class=\"elementor-element elementor-element-8f33077 elementor-widget elementor-widget-heading\" data-id=\"8f33077\" data-element_type=\"widget\" data-widget_type=\"heading.default\">\n\t\t\t\t<div class=\"elementor-widget-container\">\n\t\t\t\t\t<h2 class=\"elementor-heading-title elementor-size-default\">Formulaire de contact pour les dommages \u00e9trangers<\/h2>\t\t\t\t<\/div>\n\t\t\t\t<\/div>\n\t\t\t\t<div class=\"elementor-element elementor-element-3ba1745 elementor-widget elementor-widget-heading\" data-id=\"3ba1745\" data-element_type=\"widget\" data-widget_type=\"heading.default\">\n\t\t\t\t<div class=\"elementor-widget-container\">\n\t\t\t\t\t<span class=\"elementor-heading-title elementor-size-default\">Utilisez notre formulaire de contact pour soumettre rapidement vos pr\u00e9occupations<\/span>\t\t\t\t<\/div>\n\t\t\t\t<\/div>\n\t\t\t\t<div class=\"elementor-element elementor-element-98df76b elementor-widget elementor-widget-spacer\" data-id=\"98df76b\" data-element_type=\"widget\" data-widget_type=\"spacer.default\">\n\t\t\t\t<div class=\"elementor-widget-container\">\n\t\t\t\t\t\t\t<div class=\"elementor-spacer\">\n\t\t\t<div class=\"elementor-spacer-inner\"><\/div>\n\t\t<\/div>\n\t\t\t\t\t\t<\/div>\n\t\t\t\t<\/div>\n\t\t\t\t<div class=\"elementor-element elementor-element-1762dfb elementor-button-align-end elementor-widget elementor-widget-form\" data-id=\"1762dfb\" data-element_type=\"widget\" data-settings=\"{&quot;step_next_label&quot;:&quot;Prochain&quot;,&quot;step_previous_label&quot;:&quot;Pr\\u00e9c\\u00e9dent&quot;,&quot;button_width&quot;:&quot;100&quot;,&quot;step_type&quot;:&quot;number_text&quot;,&quot;step_icon_shape&quot;:&quot;circle&quot;}\" data-widget_type=\"form.default\">\n\t\t\t\t<div class=\"elementor-widget-container\">\n\t\t\t\t\t\t\t<form class=\"elementor-form\" method=\"post\" name=\"Dommages \u00e9trangers \" aria-label=\"Dommages \u00e9trangers \">\n\t\t\t<input type=\"hidden\" name=\"post_id\" value=\"5170\"\/>\n\t\t\t<input type=\"hidden\" name=\"form_id\" value=\"1762dfb\"\/>\n\t\t\t<input type=\"hidden\" name=\"referer_title\" value=\"\" \/>\n\n\t\t\t\n\t\t\t<div class=\"elementor-form-fields-wrapper elementor-labels-above\">\n\t\t\t\t\t\t\t\t<div class=\"elementor-field-type-text elementor-field-group elementor-column elementor-field-group-name elementor-col-100 elementor-field-required\">\n\t\t\t\t\t\t\t\t\t\t\t\t\t<input size=\"1\" type=\"text\" name=\"form_fields[name]\" id=\"form-field-name\" class=\"elementor-field elementor-size-sm  elementor-field-textual\" placeholder=\"Nom de famille*\" required=\"required\">\n\t\t\t\t\t\t\t\t\t\t\t<\/div>\n\t\t\t\t\t\t\t\t<div class=\"elementor-field-type-email elementor-field-group elementor-column elementor-field-group-email elementor-col-50 elementor-field-required\">\n\t\t\t\t\t\t\t\t\t\t\t\t\t<input size=\"1\" type=\"email\" name=\"form_fields[email]\" id=\"form-field-email\" class=\"elementor-field elementor-size-sm  elementor-field-textual\" placeholder=\"E-mail*\" required=\"required\">\n\t\t\t\t\t\t\t\t\t\t\t<\/div>\n\t\t\t\t\t\t\t\t<div class=\"elementor-field-type-tel elementor-field-group elementor-column elementor-field-group-field_5b4af7b elementor-col-50 elementor-field-required\">\n\t\t\t\t\t\t\t<input size=\"1\" type=\"tel\" name=\"form_fields[field_5b4af7b]\" id=\"form-field-field_5b4af7b\" class=\"elementor-field elementor-size-sm  elementor-field-textual\" placeholder=\"Num\u00e9ro de t\u00e9l\u00e9phone*\" required=\"required\" pattern=\"[0-9()#&amp;+*-=.]+\" title=\"Seuls les caract\u00e8res de num\u00e9ros de t\u00e9l\u00e9phone (#, -, *, etc.) sont accept\u00e9s.\">\n\n\t\t\t\t\t\t<\/div>\n\t\t\t\t\t\t\t\t<div class=\"elementor-field-type-checkbox elementor-field-group elementor-column elementor-field-group-field_8eb868c elementor-col-50\">\n\t\t\t\t\t<div class=\"elementor-field-subgroup  \"><span class=\"elementor-field-option\"><input type=\"checkbox\" value=\"\u00c9valuation de voiture d&#039;occasion\" id=\"form-field-field_8eb868c-0\" name=\"form_fields[field_8eb868c][]\"> <label for=\"form-field-field_8eb868c-0\">\u00c9valuation de voiture d'occasion<\/label><\/span><span class=\"elementor-field-option\"><input type=\"checkbox\" value=\"accident de la route qui n&#039;\u00e9tait pas de votre faute\" id=\"form-field-field_8eb868c-1\" name=\"form_fields[field_8eb868c][]\"> <label for=\"form-field-field_8eb868c-1\">accident de la route qui n'\u00e9tait pas de votre faute<\/label><\/span><span class=\"elementor-field-option\"><input type=\"checkbox\" value=\"Dommages importants\" id=\"form-field-field_8eb868c-2\" name=\"form_fields[field_8eb868c][]\"> <label for=\"form-field-field_8eb868c-2\">Dommages importants<\/label><\/span><span class=\"elementor-field-option\"><input type=\"checkbox\" value=\"Certificat de batterie pour voitures \u00e9lectriques\" id=\"form-field-field_8eb868c-3\" name=\"form_fields[field_8eb868c][]\"> <label for=\"form-field-field_8eb868c-3\">Certificat de batterie pour voitures \u00e9lectriques<\/label><\/span><span class=\"elementor-field-option\"><input type=\"checkbox\" value=\"Divers\" id=\"form-field-field_8eb868c-4\" name=\"form_fields[field_8eb868c][]\"> <label for=\"form-field-field_8eb868c-4\">Divers<\/label><\/span><\/div>\t\t\t\t<\/div>\n\t\t\t\t\t\t\t\t<div class=\"elementor-field-type-textarea elementor-field-group elementor-column elementor-field-group-message elementor-col-50 elementor-field-required\">\n\t\t\t\t\t<textarea class=\"elementor-field-textual elementor-field  elementor-size-sm\" name=\"form_fields[message]\" id=\"form-field-message\" rows=\"4\" placeholder=\"Nouvelles*\" required=\"required\"><\/textarea>\t\t\t\t<\/div>\n\t\t\t\t\t\t\t\t<div class=\"elementor-field-group elementor-column elementor-field-type-submit elementor-col-100 e-form__buttons\">\n\t\t\t\t\t<button class=\"elementor-button elementor-size-sm\" type=\"submit\">\n\t\t\t\t\t\t<span class=\"elementor-button-content-wrapper\">\n\t\t\t\t\t\t\t\t\t\t\t\t\t\t\t\t\t\t\t\t\t\t<span class=\"elementor-button-text\">Soumettre<\/span>\n\t\t\t\t\t\t\t\t\t\t\t\t\t<\/span>\n\t\t\t\t\t<\/button>\n\t\t\t\t<\/div>\n\t\t\t<\/div>\n\t\t<\/form>\n\t\t\t\t\t\t<\/div>\n\t\t\t\t<\/div>\n\t\t\t\t<\/div>\n\t\t<div class=\"elementor-element elementor-element-9e77e70 e-con-full e-flex e-con e-child\" data-id=\"9e77e70\" data-element_type=\"container\" data-settings=\"{&quot;background_background&quot;:&quot;classic&quot;}\">\n\t\t\t\t<\/div>\n\t\t\t\t\t<\/div>\n\t\t\t\t<\/div>\n\t\t<div class=\"elementor-element elementor-element-9477c5f e-flex e-con-boxed e-con e-parent\" data-id=\"9477c5f\" data-element_type=\"container\">\n\t\t\t\t\t<div class=\"e-con-inner\">\n\t\t\t\t<div class=\"elementor-element elementor-element-df470de elementor-widget elementor-widget-heading\" data-id=\"df470de\" data-element_type=\"widget\" data-widget_type=\"heading.default\">\n\t\t\t\t<div class=\"elementor-widget-container\">\n\t\t\t\t\t<span class=\"elementor-heading-title elementor-size-default\">Certifycar \u2013 <i>Nous sommes l\u00e0 o\u00f9 vous avez besoin de nous.<\/i><\/span>\t\t\t\t<\/div>\n\t\t\t\t<\/div>\n\t\t\t\t\t<\/div>\n\t\t\t\t<\/div>\n\t\t\t\t<\/div>\n\t\t","protected":false},"excerpt":{"rendered":"<p>Votre partenaire pour les rapports de v\u00e9hicules en cas de sinistre \u00e0 l&rsquo;\u00e9tranger<\/p>\n","protected":false},"author":1,"featured_media":1194,"parent":0,"menu_order":0,"comment_status":"closed","ping_status":"closed","template":"","meta":{"_acf_changed":false,"content-type":"","footnotes":""},"class_list":["post-5170","page","type-page","status-publish","has-post-thumbnail","hentry"],"acf":[],"_links":{"self":[{"href":"https:\/\/certifycar.eu\/fr\/wp-json\/wp\/v2\/pages\/5170","targetHints":{"allow":["GET"]}}],"collection":[{"href":"https:\/\/certifycar.eu\/fr\/wp-json\/wp\/v2\/pages"}],"about":[{"href":"https:\/\/certifycar.eu\/fr\/wp-json\/wp\/v2\/types\/page"}],"author":[{"embeddable":true,"href":"https:\/\/certifycar.eu\/fr\/wp-json\/wp\/v2\/users\/1"}],"replies":[{"embeddable":true,"href":"https:\/\/certifycar.eu\/fr\/wp-json\/wp\/v2\/comments?post=5170"}],"version-history":[{"count":0,"href":"https:\/\/certifycar.eu\/fr\/wp-json\/wp\/v2\/pages\/5170\/revisions"}],"wp:featuredmedia":[{"embeddable":true,"href":"https:\/\/certifycar.eu\/fr\/wp-json\/wp\/v2\/media\/1194"}],"wp:attachment":[{"href":"https:\/\/certifycar.eu\/fr\/wp-json\/wp\/v2\/media?parent=5170"}],"curies":[{"name":"wp","href":"https:\/\/api.w.org\/{rel}","templated":true}]}}