{"id":1611,"date":"2024-02-21T08:53:55","date_gmt":"2024-02-21T07:53:55","guid":{"rendered":"https:\/\/dev.certifycar.eu\/mentions-legales\/"},"modified":"2024-04-17T10:49:20","modified_gmt":"2024-04-17T08:49:20","slug":"mentions-legales","status":"publish","type":"page","link":"https:\/\/certifycar.eu\/fr\/mentions-legales\/","title":{"rendered":"Mentions l\u00e9gales"},"content":{"rendered":"\t\t<div data-elementor-type=\"wp-page\" data-elementor-id=\"1611\" class=\"elementor elementor-1611 elementor-15\" data-elementor-post-type=\"page\">\n\t\t\t\t<div class=\"elementor-element elementor-element-3f6fece4 e-flex e-con-boxed e-con e-parent\" data-id=\"3f6fece4\" data-element_type=\"container\">\n\t\t\t\t\t<div class=\"e-con-inner\">\n\t\t\t\t<div class=\"elementor-element elementor-element-a1616a8 elementor-widget elementor-widget-text-editor\" data-id=\"a1616a8\" data-element_type=\"widget\" data-widget_type=\"text-editor.default\">\n\t\t\t\t<div class=\"elementor-widget-container\">\n\t\t\t\t\t\t\t\t\t<p>Soci\u00e9t\u00e9 : CertifyCar GmbH<\/p>\n<p>Adresse : Frankenstra\u00dfe 152, 90461 Nuremberg, Allemagne<\/p>\n<p>Directeur g\u00e9n\u00e9ral : Marcus Zei\u00dfler<\/p>\n<p>T\u00e9l\u00e9phone : +49 (0)911 \/ 14898 -751<\/p>\n<p>Courrier \u00e9lectronique : info@certifycar.eu<\/p>\n<p>Cour de registre : Tribunal d&rsquo;instance de Nuremberg<\/p>\n<p>Num\u00e9ro d&rsquo;enregistrement : HRB 39101<\/p>\n<p>Num\u00e9ro de TVA : DE343559951<\/p>\n\t\t\t\t\t\t\t\t<\/div>\n\t\t\t\t<\/div>\n\t\t\t\t<div class=\"elementor-element elementor-element-cfa1ea9 elementor-widget elementor-widget-text-editor\" data-id=\"cfa1ea9\" data-element_type=\"widget\" data-widget_type=\"text-editor.default\">\n\t\t\t\t<div class=\"elementor-widget-container\">\n\t\t\t\t\t\t\t\t\t<p><b>Responsable du contenu conform\u00e9ment \u00e0 la loi \u00a7 55 RStV :  <\/b>Marcus Zei\u00dfler<\/p>\n\t\t\t\t\t\t\t\t<\/div>\n\t\t\t\t<\/div>\n\t\t\t\t<div class=\"elementor-element elementor-element-cfd74ab elementor-widget elementor-widget-shortcode\" data-id=\"cfd74ab\" data-element_type=\"widget\" data-widget_type=\"shortcode.default\">\n\t\t\t\t<div class=\"elementor-widget-container\">\n\t\t\t\t\t\t\t<div class=\"elementor-shortcode\">\n<div class=\"woocommerce woocommerce-gzd woocommerce-gzd-complaints-shortcode\">\n\t\t\t<h3>Alternative Dispute Resolution in accordance with Art. 14 (1) ODR-VO and \u00a7 36 VSBG:<\/h3>\n\t\nZur Teilnahme an einem Streitbeilegungsverfahren vor einer Verbraucherschlichtungsstelle sind wir nicht verpflichtet und nicht bereit.<\/div><\/div>\n\t\t\t\t\t\t<\/div>\n\t\t\t\t<\/div>\n\t\t\t\t<div class=\"elementor-element elementor-element-784478a elementor-widget elementor-widget-text-editor\" data-id=\"784478a\" data-element_type=\"widget\" data-widget_type=\"text-editor.default\">\n\t\t\t\t<div class=\"elementor-widget-container\">\n\t\t\t\t\t\t\t\t\t<p>Cette plate-forme a pour but de permettre aux consommateurs de r\u00e9gler \u00e0 l&rsquo;amiable les litiges li\u00e9s \u00e0 un contrat en ligne. Notre adresse \u00e9lectronique est info@certifycar.eu. Nous ne participons pas \u00e0 une proc\u00e9dure de r\u00e8glement des litiges devant un organisme de conciliation des consommateurs reconnu.<\/p>\n\t\t\t\t\t\t\t\t<\/div>\n\t\t\t\t<\/div>\n\t\t\t\t\t<\/div>\n\t\t\t\t<\/div>\n\t\t\t\t<\/div>\n\t\t","protected":false},"excerpt":{"rendered":"<p>Soci\u00e9t\u00e9 : CertifyCar GmbH Adresse : Frankenstra\u00dfe 152, 90461 Nuremberg, Allemagne Directeur g\u00e9n\u00e9ral : Marcus Zei\u00dfler T\u00e9l\u00e9phone : +49 (0)911 \/ 14898 -751 Courrier \u00e9lectronique : info@certifycar.eu Cour de registre : Tribunal d&rsquo;instance de Nuremberg Num\u00e9ro d&rsquo;enregistrement : HRB 39101 Num\u00e9ro de TVA : DE343559951 Responsable du contenu conform\u00e9ment \u00e0 la loi \u00a7 55 RStV [&hellip;]<\/p>\n","protected":false},"author":1,"featured_media":0,"parent":0,"menu_order":0,"comment_status":"closed","ping_status":"closed","template":"elementor_theme","meta":{"_acf_changed":false,"content-type":"","footnotes":""},"class_list":["post-1611","page","type-page","status-publish","hentry"],"acf":[],"_links":{"self":[{"href":"https:\/\/certifycar.eu\/fr\/wp-json\/wp\/v2\/pages\/1611","targetHints":{"allow":["GET"]}}],"collection":[{"href":"https:\/\/certifycar.eu\/fr\/wp-json\/wp\/v2\/pages"}],"about":[{"href":"https:\/\/certifycar.eu\/fr\/wp-json\/wp\/v2\/types\/page"}],"author":[{"embeddable":true,"href":"https:\/\/certifycar.eu\/fr\/wp-json\/wp\/v2\/users\/1"}],"replies":[{"embeddable":true,"href":"https:\/\/certifycar.eu\/fr\/wp-json\/wp\/v2\/comments?post=1611"}],"version-history":[{"count":0,"href":"https:\/\/certifycar.eu\/fr\/wp-json\/wp\/v2\/pages\/1611\/revisions"}],"wp:attachment":[{"href":"https:\/\/certifycar.eu\/fr\/wp-json\/wp\/v2\/media?parent=1611"}],"curies":[{"name":"wp","href":"https:\/\/api.w.org\/{rel}","templated":true}]}}