{"id":12825,"date":"2024-12-10T10:47:49","date_gmt":"2024-12-10T09:47:49","guid":{"rendered":"https:\/\/certifycar.eu\/guide-dachat-de-voitures-doccasion\/"},"modified":"2025-12-04T12:15:06","modified_gmt":"2025-12-04T11:15:06","slug":"guide-dachat-de-voitures-doccasion","status":"publish","type":"page","link":"https:\/\/certifycar.eu\/fr\/guide-dachat-de-voitures-doccasion\/","title":{"rendered":"Guide d&rsquo;achat de voitures d&rsquo;occasion"},"content":{"rendered":"\t\t<div data-elementor-type=\"wp-page\" data-elementor-id=\"12825\" class=\"elementor elementor-12825 elementor-6752\" data-elementor-post-type=\"page\">\n\t\t\t\t<div class=\"elementor-element elementor-element-b71a3d6 e-flex e-con-boxed e-con e-parent\" data-id=\"b71a3d6\" data-element_type=\"container\">\n\t\t\t\t\t<div class=\"e-con-inner\">\n\t\t\t\t<div class=\"elementor-element elementor-element-8435e3d elementor-grid-4 elementor-grid-tablet-3 elementor-grid-mobile-1 elementor-posts--thumbnail-top elementor-card-shadow-yes elementor-posts__hover-gradient elementor-widget elementor-widget-posts\" data-id=\"8435e3d\" data-element_type=\"widget\" data-settings=\"{&quot;cards_columns&quot;:&quot;4&quot;,&quot;cards_row_gap&quot;:{&quot;unit&quot;:&quot;px&quot;,&quot;size&quot;:20,&quot;sizes&quot;:[]},&quot;cards_columns_tablet&quot;:&quot;3&quot;,&quot;cards_columns_mobile&quot;:&quot;1&quot;,&quot;cards_row_gap_tablet&quot;:{&quot;unit&quot;:&quot;px&quot;,&quot;size&quot;:&quot;&quot;,&quot;sizes&quot;:[]},&quot;cards_row_gap_mobile&quot;:{&quot;unit&quot;:&quot;px&quot;,&quot;size&quot;:&quot;&quot;,&quot;sizes&quot;:[]}}\" data-widget_type=\"posts.cards\">\n\t\t\t\t<div class=\"elementor-widget-container\">\n\t\t\t\t\t\t\t<div class=\"elementor-posts-container elementor-posts elementor-posts--skin-cards elementor-grid\" role=\"list\">\n\t\t\t\t<article class=\"elementor-post elementor-grid-item post-12553 post type-post status-publish format-standard has-post-thumbnail hentry category-conseils-dachat\" role=\"listitem\">\n\t\t\t<div class=\"elementor-post__card\">\n\t\t\t\t<a class=\"elementor-post__thumbnail__link\" href=\"https:\/\/certifycar.eu\/fr\/conseils-dachat\/mercedes-benz-inspection-pre-achat-partout-en-allemagne\/\" tabindex=\"-1\"><div class=\"elementor-post__thumbnail\"><img fetchpriority=\"high\" decoding=\"async\" width=\"300\" height=\"300\" src=\"https:\/\/certifycar.eu\/wp-content\/uploads\/2025\/10\/MB2-300x300.png\" class=\"attachment-medium size-medium wp-image-12427\" alt=\"\" srcset=\"https:\/\/certifycar.eu\/wp-content\/uploads\/2025\/10\/MB2-300x300.png 300w, https:\/\/certifycar.eu\/wp-content\/uploads\/2025\/10\/MB2-150x150.png 150w, https:\/\/certifycar.eu\/wp-content\/uploads\/2025\/10\/MB2-768x768.png 768w, https:\/\/certifycar.eu\/wp-content\/uploads\/2025\/10\/MB2-225x225.png 225w, https:\/\/certifycar.eu\/wp-content\/uploads\/2025\/10\/MB2-500x500.png 500w, https:\/\/certifycar.eu\/wp-content\/uploads\/2025\/10\/MB2-100x100.png 100w, https:\/\/certifycar.eu\/wp-content\/uploads\/2025\/10\/MB2.png 1024w\" sizes=\"(max-width: 300px) 100vw, 300px\" \/><\/div><\/a>\n\t\t\t\t<div class=\"elementor-post__badge\">Conseils d&#039;achat<\/div>\n\t\t\t\t<div class=\"elementor-post__text\">\n\t\t\t\t<h3 class=\"elementor-post__title\">\n\t\t\t<a href=\"https:\/\/certifycar.eu\/fr\/conseils-dachat\/mercedes-benz-inspection-pre-achat-partout-en-allemagne\/\">\n\t\t\t\tMercedes d\u2019occasion en Allemagne \u2705 Mercedes Benz Inspection pr\u00e9-achat partout en Allemagne | CertifyCar 2025\t\t\t<\/a>\n\t\t<\/h3>\n\t\t\t\t<div class=\"elementor-post__excerpt\">\n\t\t\t<p>BMW Inspection pr\u00e9-achat partout en Allemagne<\/p>\n\t\t<\/div>\n\t\t\n\t\t<a class=\"elementor-post__read-more\" href=\"https:\/\/certifycar.eu\/fr\/conseils-dachat\/mercedes-benz-inspection-pre-achat-partout-en-allemagne\/\" aria-label=\"En savoir plus sur Mercedes d\u2019occasion en Allemagne \u2705 Mercedes Benz Inspection pr\u00e9-achat partout en Allemagne | CertifyCar 2025\" tabindex=\"-1\">\n\t\t\tEn savoir plus \u00bb\t\t<\/a>\n\n\t\t\t\t<\/div>\n\t\t\t\t<div class=\"elementor-post__meta-data\">\n\t\t\t\t\t<span class=\"elementor-post-date\">\n\t\t\t21. octobre 2025\t\t<\/span>\n\t\t\t\t<\/div>\n\t\t\t\t\t<\/div>\n\t\t<\/article>\n\t\t\t\t<article class=\"elementor-post elementor-grid-item post-12387 post type-post status-publish format-standard has-post-thumbnail hentry category-conseils-dachat\" role=\"listitem\">\n\t\t\t<div class=\"elementor-post__card\">\n\t\t\t\t<a class=\"elementor-post__thumbnail__link\" href=\"https:\/\/certifycar.eu\/fr\/conseils-dachat\/bmw-inspection-pre-achat-allemagne\/\" tabindex=\"-1\"><div class=\"elementor-post__thumbnail\"><img decoding=\"async\" width=\"300\" height=\"285\" src=\"https:\/\/certifycar.eu\/wp-content\/uploads\/2025\/10\/Design-ohne-Titel4-300x285.png\" class=\"attachment-medium size-medium wp-image-12371\" alt=\"\" srcset=\"https:\/\/certifycar.eu\/wp-content\/uploads\/2025\/10\/Design-ohne-Titel4-300x285.png 300w, https:\/\/certifycar.eu\/wp-content\/uploads\/2025\/10\/Design-ohne-Titel4-768x730.png 768w, https:\/\/certifycar.eu\/wp-content\/uploads\/2025\/10\/Design-ohne-Titel4-225x214.png 225w, https:\/\/certifycar.eu\/wp-content\/uploads\/2025\/10\/Design-ohne-Titel4-500x475.png 500w, https:\/\/certifycar.eu\/wp-content\/uploads\/2025\/10\/Design-ohne-Titel4.png 889w\" sizes=\"(max-width: 300px) 100vw, 300px\" \/><\/div><\/a>\n\t\t\t\t<div class=\"elementor-post__badge\">Conseils d&#039;achat<\/div>\n\t\t\t\t<div class=\"elementor-post__text\">\n\t\t\t\t<h3 class=\"elementor-post__title\">\n\t\t\t<a href=\"https:\/\/certifycar.eu\/fr\/conseils-dachat\/bmw-inspection-pre-achat-allemagne\/\">\n\t\t\t\tBMW d\u2019occasion en Allemagne \u2705 BMW Inspection pr\u00e9-achat partout en Allemagne | CertifyCar 2025\t\t\t<\/a>\n\t\t<\/h3>\n\t\t\t\t<div class=\"elementor-post__excerpt\">\n\t\t\t<p>BMW Inspection pr\u00e9-achat partout en Allemagne<\/p>\n\t\t<\/div>\n\t\t\n\t\t<a class=\"elementor-post__read-more\" href=\"https:\/\/certifycar.eu\/fr\/conseils-dachat\/bmw-inspection-pre-achat-allemagne\/\" aria-label=\"En savoir plus sur BMW d\u2019occasion en Allemagne \u2705 BMW Inspection pr\u00e9-achat partout en Allemagne | CertifyCar 2025\" tabindex=\"-1\">\n\t\t\tEn savoir plus \u00bb\t\t<\/a>\n\n\t\t\t\t<\/div>\n\t\t\t\t<div class=\"elementor-post__meta-data\">\n\t\t\t\t\t<span class=\"elementor-post-date\">\n\t\t\t12. octobre 2025\t\t<\/span>\n\t\t\t\t<\/div>\n\t\t\t\t\t<\/div>\n\t\t<\/article>\n\t\t\t\t<article class=\"elementor-post elementor-grid-item post-12317 post type-post status-publish format-standard has-post-thumbnail hentry category-conseils-dachat\" role=\"listitem\">\n\t\t\t<div class=\"elementor-post__card\">\n\t\t\t\t<a class=\"elementor-post__thumbnail__link\" href=\"https:\/\/certifycar.eu\/fr\/conseils-dachat\/controle-audi-doccasion-allemagne\/\" tabindex=\"-1\"><div class=\"elementor-post__thumbnail\"><img decoding=\"async\" width=\"300\" height=\"300\" src=\"https:\/\/certifycar.eu\/wp-content\/uploads\/2025\/10\/ChatGPT-Image-12.-Okt.-2025-09_23_23-300x300.png\" class=\"attachment-medium size-medium wp-image-12398\" alt=\"\" srcset=\"https:\/\/certifycar.eu\/wp-content\/uploads\/2025\/10\/ChatGPT-Image-12.-Okt.-2025-09_23_23-300x300.png 300w, https:\/\/certifycar.eu\/wp-content\/uploads\/2025\/10\/ChatGPT-Image-12.-Okt.-2025-09_23_23-150x150.png 150w, https:\/\/certifycar.eu\/wp-content\/uploads\/2025\/10\/ChatGPT-Image-12.-Okt.-2025-09_23_23-768x768.png 768w, https:\/\/certifycar.eu\/wp-content\/uploads\/2025\/10\/ChatGPT-Image-12.-Okt.-2025-09_23_23-225x225.png 225w, https:\/\/certifycar.eu\/wp-content\/uploads\/2025\/10\/ChatGPT-Image-12.-Okt.-2025-09_23_23-500x500.png 500w, https:\/\/certifycar.eu\/wp-content\/uploads\/2025\/10\/ChatGPT-Image-12.-Okt.-2025-09_23_23-100x100.png 100w, https:\/\/certifycar.eu\/wp-content\/uploads\/2025\/10\/ChatGPT-Image-12.-Okt.-2025-09_23_23.png 1024w\" sizes=\"(max-width: 300px) 100vw, 300px\" \/><\/div><\/a>\n\t\t\t\t<div class=\"elementor-post__badge\">Conseils d&#039;achat<\/div>\n\t\t\t\t<div class=\"elementor-post__text\">\n\t\t\t\t<h3 class=\"elementor-post__title\">\n\t\t\t<a href=\"https:\/\/certifycar.eu\/fr\/conseils-dachat\/controle-audi-doccasion-allemagne\/\">\n\t\t\t\tContr\u00f4le Audi d\u2019occasion Allemagne 2025\t\t\t<\/a>\n\t\t<\/h3>\n\t\t\t\t<div class=\"elementor-post__excerpt\">\n\t\t\t<p>Avant d&rsquo;acheter votre voiture d&rsquo;occasion Audi, faites-la contr\u00f4ler partout en Allemagne avec CertifyCar Contr\u00f4le Audi d\u2019occasion Allemagne : diagnostic OBD,<\/p>\n\t\t<\/div>\n\t\t\n\t\t<a class=\"elementor-post__read-more\" href=\"https:\/\/certifycar.eu\/fr\/conseils-dachat\/controle-audi-doccasion-allemagne\/\" aria-label=\"En savoir plus sur Contr\u00f4le Audi d\u2019occasion Allemagne 2025\" tabindex=\"-1\">\n\t\t\tEn savoir plus \u00bb\t\t<\/a>\n\n\t\t\t\t<\/div>\n\t\t\t\t<div class=\"elementor-post__meta-data\">\n\t\t\t\t\t<span class=\"elementor-post-date\">\n\t\t\t7. octobre 2025\t\t<\/span>\n\t\t\t\t<\/div>\n\t\t\t\t\t<\/div>\n\t\t<\/article>\n\t\t\t\t<article class=\"elementor-post elementor-grid-item post-12243 post type-post status-publish format-standard has-post-thumbnail hentry category-consejos-para-compradores-fr tag-revision-audi-en-alemania-fr\" role=\"listitem\">\n\t\t\t<div class=\"elementor-post__card\">\n\t\t\t\t<a class=\"elementor-post__thumbnail__link\" href=\"https:\/\/certifycar.eu\/fr\/consejos-para-compradores-fr\/revision-audi-alemania\/\" tabindex=\"-1\"><div class=\"elementor-post__thumbnail\"><img decoding=\"async\" width=\"300\" height=\"300\" src=\"https:\/\/certifycar.eu\/wp-content\/uploads\/2025\/10\/ChatGPT-Image-12.-Okt.-2025-09_23_23-300x300.png\" class=\"attachment-medium size-medium wp-image-12398\" alt=\"\" srcset=\"https:\/\/certifycar.eu\/wp-content\/uploads\/2025\/10\/ChatGPT-Image-12.-Okt.-2025-09_23_23-300x300.png 300w, https:\/\/certifycar.eu\/wp-content\/uploads\/2025\/10\/ChatGPT-Image-12.-Okt.-2025-09_23_23-150x150.png 150w, https:\/\/certifycar.eu\/wp-content\/uploads\/2025\/10\/ChatGPT-Image-12.-Okt.-2025-09_23_23-768x768.png 768w, https:\/\/certifycar.eu\/wp-content\/uploads\/2025\/10\/ChatGPT-Image-12.-Okt.-2025-09_23_23-225x225.png 225w, https:\/\/certifycar.eu\/wp-content\/uploads\/2025\/10\/ChatGPT-Image-12.-Okt.-2025-09_23_23-500x500.png 500w, https:\/\/certifycar.eu\/wp-content\/uploads\/2025\/10\/ChatGPT-Image-12.-Okt.-2025-09_23_23-100x100.png 100w, https:\/\/certifycar.eu\/wp-content\/uploads\/2025\/10\/ChatGPT-Image-12.-Okt.-2025-09_23_23.png 1024w\" sizes=\"(max-width: 300px) 100vw, 300px\" \/><\/div><\/a>\n\t\t\t\t<div class=\"elementor-post__badge\">Consejos para compradores<\/div>\n\t\t\t\t<div class=\"elementor-post__text\">\n\t\t\t\t<h3 class=\"elementor-post__title\">\n\t\t\t<a href=\"https:\/\/certifycar.eu\/fr\/consejos-para-compradores-fr\/revision-audi-alemania\/\">\n\t\t\t\tRevisi\u00f3n Audi de segunda mano en toda Alemania (2026) \ud83c\udde9\ud83c\uddea\t\t\t<\/a>\n\t\t<\/h3>\n\t\t\t\t<div class=\"elementor-post__excerpt\">\n\t\t\t<p>Servicio m\u00f3vil de CertifyCar: Pide nuestra Revisi\u00f3n Audi de segunda mano en toda Alemania (concesionario o particular) para que puedas<\/p>\n\t\t<\/div>\n\t\t\n\t\t<a class=\"elementor-post__read-more\" href=\"https:\/\/certifycar.eu\/fr\/consejos-para-compradores-fr\/revision-audi-alemania\/\" aria-label=\"En savoir plus sur Revisi\u00f3n Audi de segunda mano en toda Alemania (2026) \ud83c\udde9\ud83c\uddea\" tabindex=\"-1\">\n\t\t\tEn savoir plus \u00bb\t\t<\/a>\n\n\t\t\t\t<\/div>\n\t\t\t\t<div class=\"elementor-post__meta-data\">\n\t\t\t\t\t<span class=\"elementor-post-date\">\n\t\t\t5. octobre 2025\t\t<\/span>\n\t\t\t\t<\/div>\n\t\t\t\t\t<\/div>\n\t\t<\/article>\n\t\t\t\t<article class=\"elementor-post elementor-grid-item post-11402 post type-post status-publish format-standard has-post-thumbnail hentry category-conseils-dachat category-conseils-dachat-pour-les-acheteurs-de-voitures-doccasion category-importation-de-vehicules tag-import-voiture-allemagne tag-importer-un-vehicule-dallemagne tag-voiture-doccasion-en-allemagne tag-voiture-importee tag-voiture-occasion-allemagne\" role=\"listitem\">\n\t\t\t<div class=\"elementor-post__card\">\n\t\t\t\t<a class=\"elementor-post__thumbnail__link\" href=\"https:\/\/certifycar.eu\/fr\/conseils-dachat\/voiture-doccasion-en-allemagne\/\" tabindex=\"-1\"><div class=\"elementor-post__thumbnail\"><img loading=\"lazy\" decoding=\"async\" width=\"300\" height=\"170\" src=\"https:\/\/certifycar.eu\/wp-content\/uploads\/2025\/06\/Voiture-doccasion-en-allemagne-300x170.png\" class=\"attachment-medium size-medium wp-image-11520\" alt=\"Voiture d&#039;occasion en allemagne pour importer v\u00e9hicule d&#039;allemagne\" srcset=\"https:\/\/certifycar.eu\/wp-content\/uploads\/2025\/06\/Voiture-doccasion-en-allemagne-300x170.png 300w, https:\/\/certifycar.eu\/wp-content\/uploads\/2025\/06\/Voiture-doccasion-en-allemagne-1024x579.png 1024w, https:\/\/certifycar.eu\/wp-content\/uploads\/2025\/06\/Voiture-doccasion-en-allemagne-768x434.png 768w, https:\/\/certifycar.eu\/wp-content\/uploads\/2025\/06\/Voiture-doccasion-en-allemagne-225x127.png 225w, https:\/\/certifycar.eu\/wp-content\/uploads\/2025\/06\/Voiture-doccasion-en-allemagne-500x283.png 500w, https:\/\/certifycar.eu\/wp-content\/uploads\/2025\/06\/Voiture-doccasion-en-allemagne.png 1472w\" sizes=\"(max-width: 300px) 100vw, 300px\" \/><\/div><\/a>\n\t\t\t\t<div class=\"elementor-post__badge\">Conseils d&#039;achat<\/div>\n\t\t\t\t<div class=\"elementor-post__text\">\n\t\t\t\t<h3 class=\"elementor-post__title\">\n\t\t\t<a href=\"https:\/\/certifycar.eu\/fr\/conseils-dachat\/voiture-doccasion-en-allemagne\/\">\n\t\t\t\tGuide Crucial 2025 : 10 conseils pour acheter une voiture d&rsquo;occasion en Allemagne en toute s\u00e9curit\u00e9\t\t\t<\/a>\n\t\t<\/h3>\n\t\t\t\t<div class=\"elementor-post__excerpt\">\n\t\t\t<p>Acheter une voiture d&rsquo;occasion en Allemagne peut \u00eatre une excellente d\u00e9cision si vous savez \u00e0 quoi faire attention. Pour vous<\/p>\n\t\t<\/div>\n\t\t\n\t\t<a class=\"elementor-post__read-more\" href=\"https:\/\/certifycar.eu\/fr\/conseils-dachat\/voiture-doccasion-en-allemagne\/\" aria-label=\"En savoir plus sur Guide Crucial 2025 : 10 conseils pour acheter une voiture d&rsquo;occasion en Allemagne en toute s\u00e9curit\u00e9\" tabindex=\"-1\">\n\t\t\tEn savoir plus \u00bb\t\t<\/a>\n\n\t\t\t\t<\/div>\n\t\t\t\t<div class=\"elementor-post__meta-data\">\n\t\t\t\t\t<span class=\"elementor-post-date\">\n\t\t\t9. juin 2025\t\t<\/span>\n\t\t\t\t<\/div>\n\t\t\t\t\t<\/div>\n\t\t<\/article>\n\t\t\t\t<article class=\"elementor-post elementor-grid-item post-11345 post type-post status-publish format-standard has-post-thumbnail hentry category-conseils-dachat-pour-les-acheteurs-de-voitures-doccasion-conseils-dachat tag-25ustg tag-achat-voiture-docassion-allemagne tag-certifycar-2 tag-facture-ht-voiture tag-import-voiture-allemagne tag-taxes-voiture-allemagne tag-tva-voiture-imortee tag-voiture-occasion-allemagne\" role=\"listitem\">\n\t\t\t<div class=\"elementor-post__card\">\n\t\t\t\t<a class=\"elementor-post__thumbnail__link\" href=\"https:\/\/certifycar.eu\/fr\/conseils-dachat\/conseils-dachat-pour-les-acheteurs-de-voitures-doccasion-conseils-dachat\/importation-dun-vehicule-dallemagne\/\" tabindex=\"-1\"><div class=\"elementor-post__thumbnail\"><img loading=\"lazy\" decoding=\"async\" width=\"300\" height=\"202\" src=\"https:\/\/certifycar.eu\/wp-content\/uploads\/2024\/06\/geschaeftskunden-600x403-1-300x202.jpg\" class=\"attachment-medium size-medium wp-image-4881\" alt=\"CertifyCar\" srcset=\"https:\/\/certifycar.eu\/wp-content\/uploads\/2024\/06\/geschaeftskunden-600x403-1-300x202.jpg 300w, https:\/\/certifycar.eu\/wp-content\/uploads\/2024\/06\/geschaeftskunden-600x403-1-225x151.jpg 225w, https:\/\/certifycar.eu\/wp-content\/uploads\/2024\/06\/geschaeftskunden-600x403-1-500x336.jpg 500w, https:\/\/certifycar.eu\/wp-content\/uploads\/2024\/06\/geschaeftskunden-600x403-1.jpg 600w\" sizes=\"(max-width: 300px) 100vw, 300px\" \/><\/div><\/a>\n\t\t\t\t<div class=\"elementor-post__badge\">Conseils d&#039;achat pour les acheteurs de voitures d&#039;occasion<\/div>\n\t\t\t\t<div class=\"elementor-post__text\">\n\t\t\t\t<h3 class=\"elementor-post__title\">\n\t\t\t<a href=\"https:\/\/certifycar.eu\/fr\/conseils-dachat\/conseils-dachat-pour-les-acheteurs-de-voitures-doccasion-conseils-dachat\/importation-dun-vehicule-dallemagne\/\">\n\t\t\t\tVoulez-vous acheter une voiture d&rsquo;occasion en Allemagne en toute s\u00e9curit\u00e9? Voici 5 conseils essentiels \u00e0 pr\u00e9voir avant l&rsquo;importation d&rsquo;un v\u00e9hicule d&rsquo;Allemagne\t\t\t<\/a>\n\t\t<\/h3>\n\t\t\t\t<div class=\"elementor-post__excerpt\">\n\t\t\t<p>D\u00e9couvrez les taxes \u00e0 pr\u00e9voir, le r\u00e9gime \u00a725a UStG, la facturation HT et comment CertifyCar peut vous accompagner. CertifyCar &#8211;<\/p>\n\t\t<\/div>\n\t\t\n\t\t<a class=\"elementor-post__read-more\" href=\"https:\/\/certifycar.eu\/fr\/conseils-dachat\/conseils-dachat-pour-les-acheteurs-de-voitures-doccasion-conseils-dachat\/importation-dun-vehicule-dallemagne\/\" aria-label=\"En savoir plus sur Voulez-vous acheter une voiture d&rsquo;occasion en Allemagne en toute s\u00e9curit\u00e9? Voici 5 conseils essentiels \u00e0 pr\u00e9voir avant l&rsquo;importation d&rsquo;un v\u00e9hicule d&rsquo;Allemagne\" tabindex=\"-1\">\n\t\t\tEn savoir plus \u00bb\t\t<\/a>\n\n\t\t\t\t<\/div>\n\t\t\t\t<div class=\"elementor-post__meta-data\">\n\t\t\t\t\t<span class=\"elementor-post-date\">\n\t\t\t5. juin 2025\t\t<\/span>\n\t\t\t\t<\/div>\n\t\t\t\t\t<\/div>\n\t\t<\/article>\n\t\t\t\t<article class=\"elementor-post elementor-grid-item post-11341 post type-post status-publish format-standard has-post-thumbnail hentry category-conseils-dachat-pour-les-acheteurs-de-voitures-doccasion category-conseils-dachat category-conseils-dachat-pour-les-acheteurs-de-voitures-doccasion-conseils-dachat category-importation-de-vehicules tag-carte-grise tag-certificat-de-cession tag-import-voiture-allemagne tag-site-allemand-voitures tag-trustoo tag-voiture-occasion-allemagne\" role=\"listitem\">\n\t\t\t<div class=\"elementor-post__card\">\n\t\t\t\t<a class=\"elementor-post__thumbnail__link\" href=\"https:\/\/certifycar.eu\/fr\/conseils-dachat-pour-les-acheteurs-de-voitures-doccasion\/guide-2025-achat-et-controle-des-voitures-doccasion-en-allemagne\/\" tabindex=\"-1\"><div class=\"elementor-post__thumbnail\"><img loading=\"lazy\" decoding=\"async\" width=\"300\" height=\"170\" src=\"https:\/\/certifycar.eu\/wp-content\/uploads\/2025\/01\/revision-coche-en-alemania-300x170.png\" class=\"attachment-medium size-medium wp-image-9979\" alt=\"\" srcset=\"https:\/\/certifycar.eu\/wp-content\/uploads\/2025\/01\/revision-coche-en-alemania-300x170.png 300w, https:\/\/certifycar.eu\/wp-content\/uploads\/2025\/01\/revision-coche-en-alemania-1024x579.png 1024w, https:\/\/certifycar.eu\/wp-content\/uploads\/2025\/01\/revision-coche-en-alemania-768x434.png 768w, https:\/\/certifycar.eu\/wp-content\/uploads\/2025\/01\/revision-coche-en-alemania-225x127.png 225w, https:\/\/certifycar.eu\/wp-content\/uploads\/2025\/01\/revision-coche-en-alemania-500x283.png 500w, https:\/\/certifycar.eu\/wp-content\/uploads\/2025\/01\/revision-coche-en-alemania.png 1472w\" sizes=\"(max-width: 300px) 100vw, 300px\" \/><\/div><\/a>\n\t\t\t\t<div class=\"elementor-post__badge\">Conseils d&#039;achat pour les acheteurs de voitures d&#039;occasion<\/div>\n\t\t\t\t<div class=\"elementor-post__text\">\n\t\t\t\t<h3 class=\"elementor-post__title\">\n\t\t\t<a href=\"https:\/\/certifycar.eu\/fr\/conseils-dachat-pour-les-acheteurs-de-voitures-doccasion\/guide-2025-achat-et-controle-des-voitures-doccasion-en-allemagne\/\">\n\t\t\t\tAcheter une voiture en Allemagne, faire r\u00e9viser sa voiture d&rsquo;occasion et l&rsquo;importer en France : Guide complet 2025\t\t\t<\/a>\n\t\t<\/h3>\n\t\t\t\t<div class=\"elementor-post__excerpt\">\n\t\t\t<p>CertifyCar &#8211; Acheter une voiture en Allemagne peut \u00eatre un excellent choix si vous recherchez la qualit\u00e9, un bon prix<\/p>\n\t\t<\/div>\n\t\t\n\t\t<a class=\"elementor-post__read-more\" href=\"https:\/\/certifycar.eu\/fr\/conseils-dachat-pour-les-acheteurs-de-voitures-doccasion\/guide-2025-achat-et-controle-des-voitures-doccasion-en-allemagne\/\" aria-label=\"En savoir plus sur Acheter une voiture en Allemagne, faire r\u00e9viser sa voiture d&rsquo;occasion et l&rsquo;importer en France : Guide complet 2025\" tabindex=\"-1\">\n\t\t\tEn savoir plus \u00bb\t\t<\/a>\n\n\t\t\t\t<\/div>\n\t\t\t\t<div class=\"elementor-post__meta-data\">\n\t\t\t\t\t<span class=\"elementor-post-date\">\n\t\t\t5. juin 2025\t\t<\/span>\n\t\t\t\t<\/div>\n\t\t\t\t\t<\/div>\n\t\t<\/article>\n\t\t\t\t<\/div>\n\t\t\n\t\t\t\t\t\t<\/div>\n\t\t\t\t<\/div>\n\t\t\t\t\t<\/div>\n\t\t\t\t<\/div>\n\t\t\t\t<\/div>\n\t\t","protected":false},"excerpt":{"rendered":"<p>Conseils et astuces pr\u00e9cieux pour l&rsquo;achat d&rsquo;une voiture d&rsquo;occasion<\/p>\n","protected":false},"author":1,"featured_media":6552,"parent":0,"menu_order":0,"comment_status":"closed","ping_status":"closed","template":"elementor_theme","meta":{"_acf_changed":false,"content-type":"","footnotes":""},"class_list":["post-12825","page","type-page","status-publish","has-post-thumbnail","hentry"],"acf":[],"_links":{"self":[{"href":"https:\/\/certifycar.eu\/fr\/wp-json\/wp\/v2\/pages\/12825","targetHints":{"allow":["GET"]}}],"collection":[{"href":"https:\/\/certifycar.eu\/fr\/wp-json\/wp\/v2\/pages"}],"about":[{"href":"https:\/\/certifycar.eu\/fr\/wp-json\/wp\/v2\/types\/page"}],"author":[{"embeddable":true,"href":"https:\/\/certifycar.eu\/fr\/wp-json\/wp\/v2\/users\/1"}],"replies":[{"embeddable":true,"href":"https:\/\/certifycar.eu\/fr\/wp-json\/wp\/v2\/comments?post=12825"}],"version-history":[{"count":0,"href":"https:\/\/certifycar.eu\/fr\/wp-json\/wp\/v2\/pages\/12825\/revisions"}],"wp:featuredmedia":[{"embeddable":true,"href":"https:\/\/certifycar.eu\/fr\/wp-json\/wp\/v2\/media\/6552"}],"wp:attachment":[{"href":"https:\/\/certifycar.eu\/fr\/wp-json\/wp\/v2\/media?parent=12825"}],"curies":[{"name":"wp","href":"https:\/\/api.w.org\/{rel}","templated":true}]}}