{"id":9798,"date":"2025-01-01T18:17:36","date_gmt":"2025-01-01T17:17:36","guid":{"rendered":"https:\/\/certifycar.eu\/produkt\/certifycar-van\/"},"modified":"2025-06-26T16:35:54","modified_gmt":"2025-06-26T14:35:54","slug":"certifycar-van","status":"publish","type":"product","link":"https:\/\/certifycar.eu\/es\/produkt\/certifycar-van\/","title":{"rendered":"CertifyCar Van"},"content":{"rendered":"<p><strong>Qu\u00e9 contiene nuestro informe de autos usados \u200b\u200bCertifyCar VAN:<\/strong><\/p>\n<ul>\n<li>Para todos los autobuses y furgonetas (furgonetas, familiares de techo alto, furgonetas peque\u00f1as, veh\u00edculos comerciales con carrocer\u00eda furg\u00f3n, etc.) tanto en el pa\u00eds como en el extranjero.<\/li>\n<li>150 puntos de inspecci\u00f3n detallados, incluido el registro visual de da\u00f1os en todo el cuerpo.<\/li>\n<li>Consulta de datos b\u00e1sicos como el n\u00famero de chasis, primera matriculaci\u00f3n, kilometraje y otros datos del veh\u00edculo.<\/li>\n<li>Evaluaci\u00f3n t\u00e9cnica en extensas pruebas visuales y funcionales.\n<ul>\n<li>Neum\u00e1ticos<\/li>\n<li>Llantas<\/li>\n<li>Frenos<\/li>\n<li>Iluminaci\u00f3n y seguridad<\/li>\n<li>Prueba de funcionamiento del motor<\/li>\n<li>Prueba de manejo, si es t\u00e9cnica y legalmente posible o Inspecci\u00f3n de los bajos, si es posible localmente<\/li>\n<\/ul>\n<\/li>\n<\/ul>\n<ul>\n<li>Revisa el cuerpo<\/li>\n<\/ul>\n<ul>\n<li>Medici\u00f3n de la capa de pintura (grosor)<\/li>\n<li>Abolladuras, ara\u00f1azos, oxidaci\u00f3n y corrosi\u00f3n<\/li>\n<li>Controlar trabajos realizados de repintado o reparaci\u00f3n<\/li>\n<li>Inspecci\u00f3n visual de da\u00f1os previos y da\u00f1os ocultos.<\/li>\n<\/ul>\n<ul>\n<li>Tambi\u00e9n estamos todav\u00eda comprobando<\/li>\n<\/ul>\n<ul>\n<li>Estado del interior, incluidos asientos, tapicer\u00eda, revestimiento del techo y alfombras o Nivel de aceite del motor <\/li>\n<li>Niveles de frenos y refrigerante<\/li>\n<li>Verificaci\u00f3n del veh\u00edculo y variante de equipo o Licencia de operaci\u00f3n v\u00e1lida para piezas adicionales y accesorias o Todos los documentos del veh\u00edculo est\u00e1n completos<\/li>\n<\/ul>\n<ul>\n<li>La documentaci\u00f3n fotogr\u00e1fica contiene<\/li>\n<\/ul>\n<ul>\n<li>Fotograf\u00edas exteriores e interiores est\u00e1ndar que incluyen veloc\u00edmetro, kilometraje y n\u00famero de chasis. <\/li>\n<\/ul>\n<p>Im\u00e1genes de cualquier da\u00f1o t\u00e9cnico.<\/p>\n","protected":false},"excerpt":{"rendered":"<p>Nuestro informe premium para todos los autobuses, furgonetas y furgonetas de reparto nacionales y extranjeros, con motor de combusti\u00f3n cl\u00e1sico (gasolina o di\u00e9sel).<\/p>\n","protected":false},"featured_media":11581,"template":"","meta":{"_acf_changed":false,"content-type":""},"product_brand":[],"product_cat":[157],"product_tag":[],"class_list":{"0":"post-9798","1":"product","2":"type-product","3":"status-publish","4":"has-post-thumbnail","6":"product_cat-informe","8":"first","9":"instock","10":"taxable","11":"shipping-taxable","12":"purchasable","13":"product-type-variable"},"acf":[],"_links":{"self":[{"href":"https:\/\/certifycar.eu\/es\/wp-json\/wp\/v2\/product\/9798","targetHints":{"allow":["GET"]}}],"collection":[{"href":"https:\/\/certifycar.eu\/es\/wp-json\/wp\/v2\/product"}],"about":[{"href":"https:\/\/certifycar.eu\/es\/wp-json\/wp\/v2\/types\/product"}],"wp:featuredmedia":[{"embeddable":true,"href":"https:\/\/certifycar.eu\/es\/wp-json\/wp\/v2\/media\/11581"}],"wp:attachment":[{"href":"https:\/\/certifycar.eu\/es\/wp-json\/wp\/v2\/media?parent=9798"}],"wp:term":[{"taxonomy":"product_brand","embeddable":true,"href":"https:\/\/certifycar.eu\/es\/wp-json\/wp\/v2\/product_brand?post=9798"},{"taxonomy":"product_cat","embeddable":true,"href":"https:\/\/certifycar.eu\/es\/wp-json\/wp\/v2\/product_cat?post=9798"},{"taxonomy":"product_tag","embeddable":true,"href":"https:\/\/certifycar.eu\/es\/wp-json\/wp\/v2\/product_tag?post=9798"}],"curies":[{"name":"wp","href":"https:\/\/api.w.org\/{rel}","templated":true}]}}