{"id":6176,"date":"2024-05-09T14:29:25","date_gmt":"2024-05-09T12:29:25","guid":{"rendered":"https:\/\/certifycar.eu\/produkt\/memoria-de-errores-de-lectura-automatica\/"},"modified":"2026-01-08T17:24:41","modified_gmt":"2026-01-08T16:24:41","slug":"memoria-de-errores-de-lectura-automatica","status":"publish","type":"product","link":"https:\/\/certifycar.eu\/es\/produkt\/memoria-de-errores-de-lectura-automatica\/","title":{"rendered":"Conectar maquina diagnosis: Leer errores de las centralitas y verificar una posible manipulaci\u00f3n del kilometraje"},"content":{"rendered":"<p style=\"font-weight: 400;\"><strong>CertifyCar \u2013 Seguridad que se puede sentir<\/strong><\/p>\n<p style=\"font-weight: 400;\">No se compra un coche todos los d\u00edas. Por eso, tener total claridad es fundamental. <br \/>  <strong>CertifyCar le ofrece certeza \u2013 documentada de forma clara y fiable.<\/strong><\/p>\n<p>&nbsp;<\/p>\n<p><img fetchpriority=\"high\" decoding=\"async\" class=\"alignnone wp-image-12939\" src=\"https:\/\/certifycar.eu\/wp-content\/uploads\/2024\/05\/FSP-300x200.jpeg\" alt=\"\" width=\"386\" height=\"257\" srcset=\"https:\/\/certifycar.eu\/wp-content\/uploads\/2024\/05\/FSP-300x200.jpeg 300w, https:\/\/certifycar.eu\/wp-content\/uploads\/2024\/05\/FSP-768x512.jpeg 768w, https:\/\/certifycar.eu\/wp-content\/uploads\/2024\/05\/FSP-225x150.jpeg 225w, https:\/\/certifycar.eu\/wp-content\/uploads\/2024\/05\/FSP-500x333.jpeg 500w, https:\/\/certifycar.eu\/wp-content\/uploads\/2024\/05\/FSP.jpeg 800w\" sizes=\"(max-width: 386px) 100vw, 386px\" \/><\/p>\n<p style=\"font-weight: 400;\"><strong>Detectar problemas ocultos \u2013 antes de que resulten costosos<\/strong><br \/>\nNo todos los problemas son visibles o audibles. Leemos la memoria de errores de su veh\u00edculo y detectamos anomal\u00edas t\u00e9cnicas que permanecen ocultas en el uso diario.<\/p>\n<p><strong>Su beneficio<\/strong>: Sin sorpresas desagradables ni costes imprevistos, sino total transparencia sobre el estado t\u00e9cnico del veh\u00edculo.<\/p>\n<p style=\"font-weight: 400;\">\n<p style=\"font-weight: 400;\"><strong>Protecci\u00f3n contra la manipulaci\u00f3n del kilometraje \u2013 con pruebas verificables<\/strong><br \/>\nUn kilometraje manipulado puede distorsionar considerablemente el valor del veh\u00edculo. Analizamos espec\u00edficamente las unidades de control y los datos del veh\u00edculo en busca de incoherencias.<\/p>\n<p><strong>Su beneficio<\/strong>: Protecci\u00f3n contra el fraude y una evaluaci\u00f3n fundamentada de la plausibilidad del kilometraje.<\/p>\n<p style=\"font-weight: 400;\">\n<p style=\"font-weight: 400;\"><strong>Dos informes \u2013 m\u00e1xima claridad para su decisi\u00f3n<\/strong><br \/>\nTras la inspecci\u00f3n, recibir\u00e1 dos informes independientes y claramente estructurados:<\/p>\n<ul style=\"font-weight: 400;\">\n<li><strong>Informe de memoria<\/strong> de errores con toda la informaci\u00f3n sobre el estado t\u00e9cnico<\/li>\n<li><strong>Informe de manipulaci\u00f3n del kilometraje <\/strong>con una evaluaci\u00f3n clara de la plausibilidad<\/li>\n<\/ul>\n<p style=\"font-weight: 400;\">\n<p style=\"font-weight: 400;\"><strong>Su beneficio<\/strong>: Resultados claros y comprensibles que puede utilizar de inmediato, ya sea para su decisi\u00f3n de compra, negociaci\u00f3n del precio o protecci\u00f3n personal.<\/p>\n<p style=\"font-weight: 400;\">\n<p style=\"font-weight: 400;\"><strong>Compre o venda con tranquilidad<\/strong><br \/>Nuestros informes independientes generan confianza y refuerzan su posici\u00f3n.<\/p>\n<p style=\"font-weight: 400;\">\n<strong>Su beneficio<\/strong>: Seguridad, transparencia y la tranquilidad de haber tomado la decisi\u00f3n correcta.<\/p>\n<p style=\"font-weight: 400;\"><strong>CertifyCar \u2013 porque la confianza no deber\u00eda ser cuesti\u00f3n de azar.<\/strong><\/p>\n","protected":false},"excerpt":{"rendered":"<p>La lectura de la memoria de aver\u00edas y la comprobaci\u00f3n de kilometraje manipulado solo est\u00e1n disponibles para veh\u00edculos matriculados en <strong>Alemania<\/strong>.<\/p>\n<p>Este producto puede reservarse como servicio adicional con nuestras revisi\u00f3nes CertifyCar Premium y Van.<br \/>\nSimplemente a\u00f1ada ambos a su carrito, pague y seleccione las opciones en el portal de Revisi\u00f3nes.<\/p>\n","protected":false},"featured_media":5218,"template":"","meta":{"_acf_changed":false,"content-type":""},"product_brand":[],"product_cat":[210],"product_tag":[],"class_list":{"0":"post-6176","1":"product","2":"type-product","3":"status-publish","4":"has-post-thumbnail","6":"product_cat-suma","8":"first","9":"instock","10":"virtual","11":"taxable","12":"purchasable","13":"product-type-simple"},"acf":[],"_links":{"self":[{"href":"https:\/\/certifycar.eu\/es\/wp-json\/wp\/v2\/product\/6176","targetHints":{"allow":["GET"]}}],"collection":[{"href":"https:\/\/certifycar.eu\/es\/wp-json\/wp\/v2\/product"}],"about":[{"href":"https:\/\/certifycar.eu\/es\/wp-json\/wp\/v2\/types\/product"}],"wp:featuredmedia":[{"embeddable":true,"href":"https:\/\/certifycar.eu\/es\/wp-json\/wp\/v2\/media\/5218"}],"wp:attachment":[{"href":"https:\/\/certifycar.eu\/es\/wp-json\/wp\/v2\/media?parent=6176"}],"wp:term":[{"taxonomy":"product_brand","embeddable":true,"href":"https:\/\/certifycar.eu\/es\/wp-json\/wp\/v2\/product_brand?post=6176"},{"taxonomy":"product_cat","embeddable":true,"href":"https:\/\/certifycar.eu\/es\/wp-json\/wp\/v2\/product_cat?post=6176"},{"taxonomy":"product_tag","embeddable":true,"href":"https:\/\/certifycar.eu\/es\/wp-json\/wp\/v2\/product_tag?post=6176"}],"curies":[{"name":"wp","href":"https:\/\/api.w.org\/{rel}","templated":true}]}}