{"id":4262,"date":"2024-03-29T22:26:46","date_gmt":"2024-03-29T21:26:46","guid":{"rendered":"https:\/\/dev.certifycar.eu\/produkt\/certificado-de-bateria\/"},"modified":"2024-09-06T18:29:29","modified_gmt":"2024-09-06T16:29:29","slug":"certificado-de-bateria","status":"publish","type":"product","link":"https:\/\/certifycar.eu\/es\/produkt\/certificado-de-bateria\/","title":{"rendered":"Certificado de bater\u00eda"},"content":{"rendered":"<p><strong>Contenido de nuestro certificado de bater\u00eda para coches el\u00e9ctricos usados:<\/strong><\/p>\n<ul>\n<li aria-level=\"1\">Con nuestra tecnolog\u00eda innovadora, utilizamos el control remoto para determinar el estado de la bater\u00eda de los coches el\u00e9ctricos usados, ya se encuentren en Espa\u00f1a o en el extranjero.<\/li>\n<li aria-level=\"1\">Te enviaremos un conector de diagn\u00f3stico del tama\u00f1o de un tel\u00e9fono movil a la direcci\u00f3n que requieras, que se conecta al veh\u00edculo en unos segundos siguiendo las instrucciones proporcionadas.<\/li>\n<li aria-level=\"1\">Despu\u00e9s del diagn\u00f3stico, simplemente se nos devuelve el conector y le enviaremos un certificado de bater\u00eda digital en los idiomas que desee en un plazo m\u00e1ximo de 72 horas.<\/li>\n<li aria-level=\"1\">Puede descargar un certificado de muestra <a href=\"https:\/\/certifycar.eu\/wp-content\/uploads\/2024\/05\/BAtteriezertifikat.jpg\" target=\"_blank\" rel=\"noopener\"><i class=\"fa-download fas button-icon-left\" aria-hidden=\"true\"><\/i><\/a>.<\/li>\n<\/ul>\n","protected":false},"excerpt":{"rendered":"<p>Si necesita un certificado de bater\u00eda para un coche el\u00e9ctrico en Alemania, Francia, Italia, B\u00e9lgica, Suiza o Austria, p\u00f3ngase en contacto directamente con <a href=\"https:\/\/shop.aviloo.com\/#certifycarID\">Aviloo<\/a>* aqu\u00ed. *El enlace es un enlace de afiliado.<\/p>\n","protected":false},"featured_media":3976,"template":"","meta":{"_acf_changed":false,"content-type":""},"product_brand":[],"product_cat":[157],"product_tag":[],"class_list":{"0":"post-4262","1":"product","2":"type-product","3":"status-publish","4":"has-post-thumbnail","6":"product_cat-informe","7":"product_shipping_class-dispositivo-de-prueba-de-coches-electricos","8":"pa_fo-nacional-en-el-extranjero","10":"first","11":"instock","12":"taxable","13":"shipping-taxable","14":"purchasable","15":"product-type-variable","16":"has-default-attributes"},"acf":[],"_links":{"self":[{"href":"https:\/\/certifycar.eu\/es\/wp-json\/wp\/v2\/product\/4262","targetHints":{"allow":["GET"]}}],"collection":[{"href":"https:\/\/certifycar.eu\/es\/wp-json\/wp\/v2\/product"}],"about":[{"href":"https:\/\/certifycar.eu\/es\/wp-json\/wp\/v2\/types\/product"}],"wp:featuredmedia":[{"embeddable":true,"href":"https:\/\/certifycar.eu\/es\/wp-json\/wp\/v2\/media\/3976"}],"wp:attachment":[{"href":"https:\/\/certifycar.eu\/es\/wp-json\/wp\/v2\/media?parent=4262"}],"wp:term":[{"taxonomy":"product_brand","embeddable":true,"href":"https:\/\/certifycar.eu\/es\/wp-json\/wp\/v2\/product_brand?post=4262"},{"taxonomy":"product_cat","embeddable":true,"href":"https:\/\/certifycar.eu\/es\/wp-json\/wp\/v2\/product_cat?post=4262"},{"taxonomy":"product_tag","embeddable":true,"href":"https:\/\/certifycar.eu\/es\/wp-json\/wp\/v2\/product_tag?post=4262"}],"curies":[{"name":"wp","href":"https:\/\/api.w.org\/{rel}","templated":true}]}}