{"id":4116,"date":"2024-03-07T11:07:13","date_gmt":"2024-03-07T11:07:13","guid":{"rendered":"https:\/\/dev.certifycar.eu\/produkt\/certifycar-vehiculos-electricos\/"},"modified":"2024-05-25T14:16:35","modified_gmt":"2024-05-25T12:16:35","slug":"certifycar-vehiculos-electricos","status":"publish","type":"product","link":"https:\/\/certifycar.eu\/es\/produkt\/certifycar-vehiculos-electricos\/","title":{"rendered":"CertifyCar veh\u00edculos el\u00e9ctricos"},"content":{"rendered":"<p><strong>Contenido de nuestro certificado de bater\u00eda para coches el\u00e9ctricos usados:<\/strong><\/p>\n<ul>\n<li aria-level=\"1\">Con nuestra tecnolog\u00eda innovadora, utilizamos el control remoto para determinar el estado de la bater\u00eda de los coches el\u00e9ctricos usados, ya se encuentren en Espa\u00f1a o en el extranjero.<\/li>\n<li aria-level=\"1\">Te enviaremos un conector de diagn\u00f3stico del tama\u00f1o de un tel\u00e9fono movil a la direcci\u00f3n que requieras, que se conecta al veh\u00edculo en unos segundos siguiendo las instrucciones proporcionadas.<\/li>\n<li aria-level=\"1\">Despu\u00e9s del diagn\u00f3stico, simplemente se nos devuelve el conector y le enviaremos un certificado de bater\u00eda digital en los idiomas que desee en un plazo m\u00e1ximo de 72 horas.<\/li>\n<li aria-level=\"1\">Puede ver un certificado de muestra descarga <a href=\"https:\/\/certifycar.eu\/wp-content\/uploads\/2024\/05\/certifycar_z_deu_qm_23-1.pdf\"><b>aqu\u00ed<\/b><\/a> .<\/li>\n<\/ul>\n<p><strong>Contenido de nuestro certificado para veh\u00edculos el\u00e9ctricos usados CertifyCar:<\/strong><\/p>\n<ul>\n<li aria-level=\"1\">Nuestro certificado de bater\u00eda para coches el\u00e9ctricos (como descrito en la parte superior).<\/li>\n<li aria-level=\"1\">Para todos los coches el\u00e9ctricos usados en su pa\u00eds y en el extranjero.<\/li>\n<li aria-level=\"1\">M\u00e1s de 150 puntos controlados y evaluados, con registro de da\u00f1os \u00f3pticos en todo la carrocer\u00eda.<\/li>\n<li aria-level=\"1\">Comprobaci\u00f3n de los datos b\u00e1sicos como el n\u00famero de chasis, la primera matriculaci\u00f3n, el kilometraje y otros datos del veh\u00edculo.<\/li>\n<li aria-level=\"1\">Evaluaci\u00f3n t\u00e9cnica en extensas pruebas visuales y funcionales de\n<ul>\n<li aria-level=\"2\">Neum\u00e1ticos<\/li>\n<li aria-level=\"2\">Llantas<\/li>\n<li aria-level=\"2\">Frenos<\/li>\n<li aria-level=\"2\">Iluminaci\u00f3n y seguridad<\/li>\n<li aria-level=\"2\">Realizar una prueba de conducci\u00f3n si es t\u00e9cnica y legalmente viable<\/li>\n<li aria-level=\"2\">Control bajos del vehiculo, si es posible<\/li>\n<\/ul>\n<\/li>\n<\/ul>\n<ul>\n<li aria-level=\"1\">Examen de la carroceria\n<ul>\n<li aria-level=\"2\">Medici\u00f3n de la capa de pintura (grosor)<\/li>\n<li aria-level=\"2\">Abolladuras, ara\u00f1azos, oxidaci\u00f3n y corrosi\u00f3n<\/li>\n<li aria-level=\"2\">Controlar trabajos realizados de repintado o reparaci\u00f3n<\/li>\n<li aria-level=\"2\">Inspecci\u00f3n visual de da\u00f1os anteriores y da\u00f1os ocultos<\/li>\n<\/ul>\n<\/li>\n<\/ul>\n<ul>\n<li aria-level=\"1\">Tambi\u00e9n comprobamos\n<ul>\n<li aria-level=\"2\">Estado interior incl. Asientos, tapizados, techos y moquetas <\/li>\n<li aria-level=\"2\">Control nivel de refrigerante y l\u00edquido de freno<\/li>\n<li aria-level=\"2\">Control nivel de refrigerante y l\u00edquido de freno<\/li>\n<li aria-level=\"2\">Control documentacion del veh\u00edculo<\/li>\n<\/ul>\n<\/li>\n<\/ul>\n<ul>\n<li aria-level=\"1\">Control documentacion del veh\u00edculo\n<ul>\n<li aria-level=\"2\">Control documentacion del veh\u00edculo <\/li>\n<li aria-level=\"2\">Control documentacion del veh\u00edculo<\/li>\n<\/ul>\n<\/li>\n<\/ul>\n","protected":false},"excerpt":{"rendered":"<p>Nuestro certificado premium para coches el\u00e9ctricos usados, tanto nacionales como en el extranjero. Adem\u00e1s, determinamos el estado de la bater\u00eda gracias a nuestra tecnolog\u00eda innovadora mediante control remoto. <\/p>\n","protected":false},"featured_media":875,"template":"","meta":{"_acf_changed":false,"content-type":""},"product_brand":[],"product_cat":[157],"product_tag":[],"class_list":{"0":"post-4116","1":"product","2":"type-product","3":"status-publish","4":"has-post-thumbnail","6":"product_cat-informe","7":"pa_fo-nacional-en-el-extranjero","9":"first","10":"outofstock","11":"sale","12":"taxable","13":"shipping-taxable","14":"purchasable","15":"product-type-variable","16":"has-default-attributes"},"acf":[],"_links":{"self":[{"href":"https:\/\/certifycar.eu\/es\/wp-json\/wp\/v2\/product\/4116","targetHints":{"allow":["GET"]}}],"collection":[{"href":"https:\/\/certifycar.eu\/es\/wp-json\/wp\/v2\/product"}],"about":[{"href":"https:\/\/certifycar.eu\/es\/wp-json\/wp\/v2\/types\/product"}],"wp:featuredmedia":[{"embeddable":true,"href":"https:\/\/certifycar.eu\/es\/wp-json\/wp\/v2\/media\/875"}],"wp:attachment":[{"href":"https:\/\/certifycar.eu\/es\/wp-json\/wp\/v2\/media?parent=4116"}],"wp:term":[{"taxonomy":"product_brand","embeddable":true,"href":"https:\/\/certifycar.eu\/es\/wp-json\/wp\/v2\/product_brand?post=4116"},{"taxonomy":"product_cat","embeddable":true,"href":"https:\/\/certifycar.eu\/es\/wp-json\/wp\/v2\/product_cat?post=4116"},{"taxonomy":"product_tag","embeddable":true,"href":"https:\/\/certifycar.eu\/es\/wp-json\/wp\/v2\/product_tag?post=4116"}],"curies":[{"name":"wp","href":"https:\/\/api.w.org\/{rel}","templated":true}]}}