{"id":3979,"date":"2024-03-07T11:09:56","date_gmt":"2024-03-07T11:09:56","guid":{"rendered":"https:\/\/dev.certifycar.eu\/produkt\/informe-carfax\/"},"modified":"2025-10-20T17:07:26","modified_gmt":"2025-10-20T15:07:26","slug":"informe-carfax","status":"publish","type":"product","link":"https:\/\/certifycar.eu\/es\/produkt\/informe-carfax\/","title":{"rendered":"Informe CARFAX"},"content":{"rendered":"<p>La \u00abPeritaci\u00f3n Carfax\u00bb es una herramienta indispensable para cualquier propietario de un veh\u00edculo o comprador potencial que quiera hacerse una idea precisa del historial y el estado de un veh\u00edculo. Basada en las amplias bases de datos de Carfax, esta peritaci\u00f3n proporciona un an\u00e1lisis y una valoraci\u00f3n detallados para darte confianza y tranquilidad a la hora de comprar o vender un veh\u00edculo. <\/p>\n<p><strong>\u00bfQu\u00e9 incluye el informe Carfax?<\/strong><\/p>\n<p>Nuestro informe Carfax contiene un resumen exhaustivo del historial del veh\u00edculo, incluidos propietarios anteriores, registros de servicio, informes de accidentes, informaci\u00f3n sobre robos y mucho m\u00e1s. Al analizar miles de puntos de datos, el informe proporciona una visi\u00f3n \u00fanica del pasado del veh\u00edculo e identifica posibles problemas o preocupaciones. <\/p>\n<p><strong>\u00bfPor qu\u00e9 es importante el informe Carfax?<\/strong><\/p>\n<p>Una valoraci\u00f3n Carfax es crucial para comprar o vender un veh\u00edculo con confianza. Te permite descubrir defectos o da\u00f1os ocultos que pueden no ser evidentes a primera vista. Al revelar el historial del veh\u00edculo, puedes tomar decisiones con conocimiento de causa y evitar sorpresas desagradables.  <\/p>\n<p><strong>\u00bfC\u00f3mo se obtiene el informe Carfax?<\/strong><\/p>\n<p>Solicitar el informe Carfax es sencillo y directo a trav\u00e9s de nuestro portal online. Tras introducir el n\u00famero de identificaci\u00f3n del veh\u00edculo (VIN), recibir\u00e1s tu certificado personalizado en muy poco tiempo. Nuestro equipo de expertos est\u00e1 siempre disponible para responder a tus preguntas y ayudarte si es necesario.  <\/p>\n","protected":false},"excerpt":{"rendered":"<p>La \u00abPeritaci\u00f3n Carfax\u00bb es una herramienta indispensable para cualquier propietario de un veh\u00edculo o comprador potencial que quiera hacerse una idea precisa del historial y el estado de un veh\u00edculo. Basada en las amplias bases de datos de Carfax, esta peritaci\u00f3n proporciona un an\u00e1lisis y una valoraci\u00f3n detallados para darte confianza y tranquilidad a la [&hellip;]<\/p>\n","protected":false},"featured_media":10123,"template":"","meta":{"_acf_changed":false,"content-type":""},"product_brand":[],"product_cat":[210],"product_tag":[],"class_list":{"0":"post-3979","1":"product","2":"type-product","3":"status-publish","4":"has-post-thumbnail","6":"product_cat-suma","8":"first","9":"instock","10":"virtual","11":"taxable","12":"purchasable","13":"product-type-simple"},"acf":[],"_links":{"self":[{"href":"https:\/\/certifycar.eu\/es\/wp-json\/wp\/v2\/product\/3979","targetHints":{"allow":["GET"]}}],"collection":[{"href":"https:\/\/certifycar.eu\/es\/wp-json\/wp\/v2\/product"}],"about":[{"href":"https:\/\/certifycar.eu\/es\/wp-json\/wp\/v2\/types\/product"}],"wp:featuredmedia":[{"embeddable":true,"href":"https:\/\/certifycar.eu\/es\/wp-json\/wp\/v2\/media\/10123"}],"wp:attachment":[{"href":"https:\/\/certifycar.eu\/es\/wp-json\/wp\/v2\/media?parent=3979"}],"wp:term":[{"taxonomy":"product_brand","embeddable":true,"href":"https:\/\/certifycar.eu\/es\/wp-json\/wp\/v2\/product_brand?post=3979"},{"taxonomy":"product_cat","embeddable":true,"href":"https:\/\/certifycar.eu\/es\/wp-json\/wp\/v2\/product_cat?post=3979"},{"taxonomy":"product_tag","embeddable":true,"href":"https:\/\/certifycar.eu\/es\/wp-json\/wp\/v2\/product_tag?post=3979"}],"curies":[{"name":"wp","href":"https:\/\/api.w.org\/{rel}","templated":true}]}}