{"id":13498,"date":"2026-04-23T10:51:59","date_gmt":"2026-04-23T08:51:59","guid":{"rendered":"https:\/\/certifycar.eu\/?post_type=product&#038;p=13498"},"modified":"2026-04-24T17:57:35","modified_gmt":"2026-04-24T15:57:35","slug":"certifycar-deal-assist","status":"publish","type":"product","link":"https:\/\/certifycar.eu\/es\/produkt\/certifycar-deal-assist\/","title":{"rendered":"CertifyCar Deal Assist"},"content":{"rendered":"<p>Comprar un veh\u00edculo en el extranjero puede resultar complicado y requerir mucho tiempo: barreras ling\u00fc\u00edsticas, historiales de veh\u00edculos poco claros, comunicaci\u00f3n complicada con los vendedores y negociaciones de precios inciertas.<\/p>\n<p>Con el servicio CertifyCar Deal Assist, nos encargamos de todo el proceso previo a la venta por ti, de forma profesional, estructurada y en el idioma del pa\u00eds correspondiente.<\/p>\n<p>Lo que hacemos por ti:<\/p>\n<p>\ud83d\udd0d Recopilaci\u00f3n de toda la informaci\u00f3n relevante del veh\u00edculo por parte del vendedor antes de la inspecci\u00f3n por parte de un experto<\/p>\n<p>\ud83d\udcac Comunicaci\u00f3n y correspondencia completas en el idioma del pa\u00eds<\/p>\n<p>\ud83d\udcc4 Aclaraci\u00f3n del equipamiento, el historial, el estado y la documentaci\u00f3n<\/p>\n<p>\ud83d\udcb0 Asistencia en las negociaciones de precio<\/p>\n<p>\ud83e\udd1d Coordinaci\u00f3n y preparaci\u00f3n para la inspecci\u00f3n del veh\u00edculo por parte de nuestro perito<\/p>\n<p>\ud83d\udcde Traducci\u00f3n en directo durante la llamada de conferencia final<\/p>\n<p>\u2709\ufe0f Asistencia hasta la toma de la decisi\u00f3n final<\/p>\n<p>Tus ventajas:<br \/>\n* Evitas malentendidos, ahorras un tiempo valioso y te presentas ante el vendedor de forma profesional y segura, independientemente de tus conocimientos ling\u00fc\u00edsticos o de las diferencias culturales.<br \/>\n* La comunicaci\u00f3n resulta sencilla y r\u00e1pida para todas las partes implicadas.<br \/>\n* Nuestra actuaci\u00f3n profesional genera confianza y sienta las bases para la transparencia y la buena disposici\u00f3n por parte del concesionario.<\/p>\n<p>Ideal para usted si:<br \/>\n* desea comprar un veh\u00edculo en el extranjero<br \/>\n* quiere evitar las barreras ling\u00fc\u00edsticas<br \/>\n* necesita una base s\u00f3lida para tomar una decisi\u00f3n<br \/>\n* no quiere dejar las negociaciones al azar<br \/>\n* desea protegerse lo mejor posible contra los estafadores<\/p>\n","protected":false},"excerpt":{"rendered":"<p>Comprar un veh\u00edculo en el extranjero puede resultar complicado y requerir mucho tiempo: barreras ling\u00fc\u00edsticas, historiales de veh\u00edculos poco claros, comunicaci\u00f3n complicada con los vendedores y negociaciones de precios inciertas.<br \/>Con el servicio CertifyCar Deal Assist, nos encargamos de todo el proceso previo a la venta por ti, de forma profesional, estructurada y en el idioma del pa\u00eds correspondiente.<\/p>\n","protected":false},"featured_media":13497,"template":"","meta":{"_acf_changed":false,"content-type":""},"product_brand":[],"product_cat":[210],"product_tag":[],"class_list":{"0":"post-13498","1":"product","2":"type-product","3":"status-publish","4":"has-post-thumbnail","6":"product_cat-suma","8":"first","9":"instock","10":"virtual","11":"taxable","12":"purchasable","13":"product-type-simple"},"acf":[],"_links":{"self":[{"href":"https:\/\/certifycar.eu\/es\/wp-json\/wp\/v2\/product\/13498","targetHints":{"allow":["GET"]}}],"collection":[{"href":"https:\/\/certifycar.eu\/es\/wp-json\/wp\/v2\/product"}],"about":[{"href":"https:\/\/certifycar.eu\/es\/wp-json\/wp\/v2\/types\/product"}],"wp:featuredmedia":[{"embeddable":true,"href":"https:\/\/certifycar.eu\/es\/wp-json\/wp\/v2\/media\/13497"}],"wp:attachment":[{"href":"https:\/\/certifycar.eu\/es\/wp-json\/wp\/v2\/media?parent=13498"}],"wp:term":[{"taxonomy":"product_brand","embeddable":true,"href":"https:\/\/certifycar.eu\/es\/wp-json\/wp\/v2\/product_brand?post=13498"},{"taxonomy":"product_cat","embeddable":true,"href":"https:\/\/certifycar.eu\/es\/wp-json\/wp\/v2\/product_cat?post=13498"},{"taxonomy":"product_tag","embeddable":true,"href":"https:\/\/certifycar.eu\/es\/wp-json\/wp\/v2\/product_tag?post=13498"}],"curies":[{"name":"wp","href":"https:\/\/api.w.org\/{rel}","templated":true}]}}