{"id":13022,"date":"2026-01-15T07:34:58","date_gmt":"2026-01-15T06:34:58","guid":{"rendered":"https:\/\/certifycar.eu\/produkt\/check-in-expres\/"},"modified":"2026-01-15T07:34:58","modified_gmt":"2026-01-15T06:34:58","slug":"check-in-expres","status":"publish","type":"product","link":"https:\/\/certifycar.eu\/es\/produkt\/check-in-expres\/","title":{"rendered":"Check-in expr\u00e9s"},"content":{"rendered":"<p><img fetchpriority=\"high\" decoding=\"async\" class=\"alignnone wp-image-13020\" src=\"https:\/\/certifycar.eu\/wp-content\/uploads\/2026\/01\/Express_Gutachten_24H_SPANISCH.jpeg\" alt=\"\" width=\"475\" height=\"316\" srcset=\"https:\/\/certifycar.eu\/wp-content\/uploads\/2026\/01\/Express_Gutachten_24H_SPANISCH.jpeg 800w, https:\/\/certifycar.eu\/wp-content\/uploads\/2026\/01\/Express_Gutachten_24H_SPANISCH-300x200.jpeg 300w, https:\/\/certifycar.eu\/wp-content\/uploads\/2026\/01\/Express_Gutachten_24H_SPANISCH-768x512.jpeg 768w, https:\/\/certifycar.eu\/wp-content\/uploads\/2026\/01\/Express_Gutachten_24H_SPANISCH-225x150.jpeg 225w, https:\/\/certifycar.eu\/wp-content\/uploads\/2026\/01\/Express_Gutachten_24H_SPANISCH-500x333.jpeg 500w\" sizes=\"(max-width: 475px) 100vw, 475px\" \/><\/p>\n<p>El <strong>Check expr\u00e9s<\/strong> es un producto adicional a nuestras revisiones periciales. Solo puede contratarse en combinaci\u00f3n con uno de nuestras revisiones.<br \/>\nNo importa si se trata de un veh\u00edculo Premium, Van o Camper. Tras la contrataci\u00f3n satisfactoria, nuestro perito inspecciona el veh\u00edculo en un plazo de <b>24 horas <\/b>y usted recibe <b>el revisi\u00f3n final <\/b>como m\u00e1ximo 24 horas despu\u00e9s.<br \/>\nIdeal para revisiones urgentes de veh\u00edculos de ocasi\u00f3n cuando existe presi\u00f3n de tiempo.<br \/>\n<b>Certifycar<\/b> \u2013 r\u00e1pido. fiable. al grano.  <\/p>\n","protected":false},"excerpt":{"rendered":"<p>EXPRESS Check \u2013 <b>cuando cada hora cuenta<\/b>.<br \/>\nCon el nuevo Certifycar EXPRESS Check, recibir\u00e1 su informe completo de peritaje del veh\u00edculo en un plazo de<b> 24 horas en d\u00edas laborables<\/b>*.<br \/>La opci\u00f3n EXPRESS puede contratarse adicionalmente al informe est\u00e1ndar y resulta especialmente \u00fatil cuando, por presi\u00f3n de tiempo, ya ha acordado la inspecci\u00f3n del veh\u00edculo con el vendedor dentro de las <b>24 horas<\/b>.<br \/>\n<span style=\"font-size: 0.7em;\">*El requisito es que nuestro departamento de planificaci\u00f3n confirme la disponibilidad y el cumplimiento del <b>servicio EXPRESS<\/b>.<\/p>\n<p><\/span><\/p>\n","protected":false},"featured_media":13016,"template":"","meta":{"_acf_changed":false,"content-type":""},"product_brand":[],"product_cat":[210],"product_tag":[],"class_list":{"0":"post-13022","1":"product","2":"type-product","3":"status-publish","4":"has-post-thumbnail","6":"product_cat-suma","8":"first","9":"instock","10":"sale","11":"taxable","12":"shipping-taxable","13":"purchasable","14":"product-type-simple"},"acf":[],"_links":{"self":[{"href":"https:\/\/certifycar.eu\/es\/wp-json\/wp\/v2\/product\/13022","targetHints":{"allow":["GET"]}}],"collection":[{"href":"https:\/\/certifycar.eu\/es\/wp-json\/wp\/v2\/product"}],"about":[{"href":"https:\/\/certifycar.eu\/es\/wp-json\/wp\/v2\/types\/product"}],"wp:featuredmedia":[{"embeddable":true,"href":"https:\/\/certifycar.eu\/es\/wp-json\/wp\/v2\/media\/13016"}],"wp:attachment":[{"href":"https:\/\/certifycar.eu\/es\/wp-json\/wp\/v2\/media?parent=13022"}],"wp:term":[{"taxonomy":"product_brand","embeddable":true,"href":"https:\/\/certifycar.eu\/es\/wp-json\/wp\/v2\/product_brand?post=13022"},{"taxonomy":"product_cat","embeddable":true,"href":"https:\/\/certifycar.eu\/es\/wp-json\/wp\/v2\/product_cat?post=13022"},{"taxonomy":"product_tag","embeddable":true,"href":"https:\/\/certifycar.eu\/es\/wp-json\/wp\/v2\/product_tag?post=13022"}],"curies":[{"name":"wp","href":"https:\/\/api.w.org\/{rel}","templated":true}]}}