{"id":12034,"date":"2025-07-06T17:20:01","date_gmt":"2025-07-06T15:20:01","guid":{"rendered":"https:\/\/certifycar.eu\/produkt\/state-of-health-soh\/"},"modified":"2026-01-08T20:24:37","modified_gmt":"2026-01-08T19:24:37","slug":"state-of-health-soh","status":"publish","type":"product","link":"https:\/\/certifycar.eu\/es\/produkt\/state-of-health-soh\/","title":{"rendered":"State of Health (SoH)"},"content":{"rendered":"<h3 style=\"font-weight: 400;\"><strong>\u00bfQu\u00e9 se est\u00e1 probando?<\/strong><\/h3>\n<p style=\"font-weight: 400;\">El <strong>Estado de Salud (SoH)<\/strong> describe el estado de la bater\u00eda en comparaci\u00f3n con su estado original.<br \/>Mediante diagn\u00f3sticos del veh\u00edculo independientes del fabricante, la bater\u00eda se lee directamente a trav\u00e9s del sistema de gesti\u00f3n de bater\u00edas. Esto permite, entre otras cosas: <\/p>\n<ul style=\"font-weight: 400;\">\n<li>la <strong>capacidad restante real<\/strong><\/li>\n<li>el <strong>rendimiento<\/strong><\/li>\n<li>as\u00ed como el estado de desgaste de la <strong>bater\u00eda de alto voltaje<\/strong><\/li>\n<\/ul>\n<p style=\"font-weight: 400;\">pr\u00e4zise und praxisnah ermitteln.<\/p>\n<h3 style=\"font-weight: 400;\"><strong>Sus ventajas de un vistazo<\/strong><\/h3>\n<p style=\"font-weight: 400;\">\u2705 Transparencia total sobre el estado de la bater\u00eda<br \/>\nRecibir\u00e1 una informaci\u00f3n clara y comprensible sobre el estado real de la bater\u00eda, independientemente de las especificaciones del fabricante o de las pantallas integradas.<\/p>\n<p style=\"font-weight: 400;\">\u2705 <strong>Mayor seguridad al comprar y vender veh\u00edculos el\u00e9ctricos<\/strong><\/p>\n<p style=\"font-weight: 400;\">\u2705 <strong>Certificado T\u00dcV con certificaci\u00f3n CARA<\/strong><br \/>\nTras superar las pruebas, recibir\u00e1 un <strong>certificado oficial CARA <\/strong>de T\u00dcV, que documenta el estado de salud (SoH) de la bater\u00eda y sirve como prueba v\u00e1lida en el sector <strong>automovil\u00edstico<\/strong>.<\/p>\n<p style=\"font-weight: 400;\">\u2705 <strong>Mejora el marketing y la retenci\u00f3n de valor<\/strong><\/p>\n<p style=\"font-weight: 400;\">\u2705 <strong>Ideal para concesionarios, flotas y particulares<\/strong><\/p>\n<h3 style=\"font-weight: 400;\"><strong>Por qu\u00e9 es tan importante comprobar el estado de la bater\u00eda<\/strong><\/h3>\n<p style=\"font-weight: 400;\">La bater\u00eda de alto voltaje es el componente m\u00e1s caro de un veh\u00edculo el\u00e9ctrico. Incluso peque\u00f1as diferencias en su estado pueden afectar significativamente su valor. La comprobaci\u00f3n del estado de la bater\u00eda de <strong>CertifyCar<\/strong> permite que este estado sea <strong>transparente, comparable y verificable<\/strong>, para una m\u00e1xima seguridad y planificaci\u00f3n.  <\/p>\n","protected":false},"excerpt":{"rendered":"<p style=\"font-weight: 400;\"><strong>Comprobaci\u00f3n del estado de la bater\u00eda con CertifyCar<\/strong><\/p>\n<p style=\"font-weight: 400;\"><strong>Transparencia, seguridad y confianza para veh\u00edculos el\u00e9ctricos<\/strong><br \/>La bater\u00eda de alto voltaje es el coraz\u00f3n de todo veh\u00edculo el\u00e9ctrico y, adem\u00e1s, su factor de valor m\u00e1s importante. Con nuestra comprobaci\u00f3n del estado de la bater\u00eda (SoH) seg\u00fan los est\u00e1ndares de T\u00dcV Nord, recibir\u00e1 una evaluaci\u00f3n objetiva, independiente y verificable del estado real de la bater\u00eda de su veh\u00edculo el\u00e9ctrico. <\/p>\n","protected":false},"featured_media":11884,"template":"","meta":{"_acf_changed":false,"content-type":""},"product_brand":[],"product_cat":[210],"product_tag":[],"class_list":{"0":"post-12034","1":"product","2":"type-product","3":"status-publish","4":"has-post-thumbnail","6":"product_cat-suma","8":"first","9":"instock","10":"virtual","11":"taxable","12":"purchasable","13":"product-type-simple"},"acf":[],"_links":{"self":[{"href":"https:\/\/certifycar.eu\/es\/wp-json\/wp\/v2\/product\/12034","targetHints":{"allow":["GET"]}}],"collection":[{"href":"https:\/\/certifycar.eu\/es\/wp-json\/wp\/v2\/product"}],"about":[{"href":"https:\/\/certifycar.eu\/es\/wp-json\/wp\/v2\/types\/product"}],"wp:featuredmedia":[{"embeddable":true,"href":"https:\/\/certifycar.eu\/es\/wp-json\/wp\/v2\/media\/11884"}],"wp:attachment":[{"href":"https:\/\/certifycar.eu\/es\/wp-json\/wp\/v2\/media?parent=12034"}],"wp:term":[{"taxonomy":"product_brand","embeddable":true,"href":"https:\/\/certifycar.eu\/es\/wp-json\/wp\/v2\/product_brand?post=12034"},{"taxonomy":"product_cat","embeddable":true,"href":"https:\/\/certifycar.eu\/es\/wp-json\/wp\/v2\/product_cat?post=12034"},{"taxonomy":"product_tag","embeddable":true,"href":"https:\/\/certifycar.eu\/es\/wp-json\/wp\/v2\/product_tag?post=12034"}],"curies":[{"name":"wp","href":"https:\/\/api.w.org\/{rel}","templated":true}]}}