{"id":11697,"date":"2025-06-09T12:40:08","date_gmt":"2025-06-09T10:40:08","guid":{"rendered":"https:\/\/certifycar.eu\/produkt\/certifycar-camper\/"},"modified":"2025-07-10T20:52:56","modified_gmt":"2025-07-10T18:52:56","slug":"certifycar-camper","status":"publish","type":"product","link":"https:\/\/certifycar.eu\/es\/produkt\/certifycar-camper\/","title":{"rendered":"CertifyCar Camper"},"content":{"rendered":"<p><strong>Lo que incluye nuestro informe de veh\u00edculos usados CertifyCar CAMPER:<\/strong><\/p>\n<ul>\n<li>Para todas las autocaravanas, furgonetas camperizadas, veh\u00edculos con alcoba y casas rodantes, tanto en el pa\u00eds como en el extranjero.<\/li>\n<li>M\u00e1s de 150 puntos de inspecci\u00f3n detallados, incluyendo el registro de da\u00f1os visuales en toda la carrocer\u00eda.<\/li>\n<li>Consulta de datos b\u00e1sicos como el n\u00famero de chasis, primera matriculaci\u00f3n, kilometraje y otros datos del veh\u00edculo.<\/li>\n<li>Evaluaci\u00f3n t\u00e9cnica en extensas pruebas visuales y funcionales.\n<ul>\n<li>Neum\u00e1ticos<\/li>\n<li>Llantas<\/li>\n<li>Frenos<\/li>\n<li>Iluminaci\u00f3n y seguridad<\/li>\n<li>Prueba de funcionamiento del motor<\/li>\n<li>Prueba de conducci\u00f3n, si es t\u00e9cnicamente y legalmente posible, y revisi\u00f3n del chasis inferior, siempre que sea posible en el lugar.<\/li>\n<\/ul>\n<\/li>\n<li>Equipamiento interior \/ Zona de vivienda\n<ul>\n<li>Revisi\u00f3n funcional y estado de los muebles y elementos instalados<\/li>\n<li>Cocina y sistema de agua<\/li>\n<li>Heizung<\/li>\n<li>Inspecci\u00f3n visual de la instalaci\u00f3n de gas<\/li>\n<li>Inspecci\u00f3n visual de da\u00f1os por humedad<\/li>\n<\/ul>\n<\/li>\n<li>Revisa el cuerpo\n<ul>\n<li>Medici\u00f3n de la capa de pintura (grosor)<\/li>\n<li>Abolladuras, ara\u00f1azos, oxidaci\u00f3n y corrosi\u00f3n<\/li>\n<li>Controlar trabajos realizados de repintado o reparaci\u00f3n<\/li>\n<li>Inspecci\u00f3n visual de da\u00f1os previos y da\u00f1os ocultos.<\/li>\n<\/ul>\n<\/li>\n<\/ul>\n<ul>\n<li>Tambi\u00e9n estamos todav\u00eda comprobando<\/li>\n<\/ul>\n<ul>\n<li style=\"list-style-type: none;\">\n<ul>\n<li>Estado del interior, incluidos asientos, tapicer\u00eda, revestimiento del techo y alfombras o Nivel de aceite del motor <\/li>\n<li>Niveles de frenos y refrigerante<\/li>\n<li>Verificaci\u00f3n de la variante del veh\u00edculo y del equipamiento<br \/>o Permiso de circulaci\u00f3n v\u00e1lido para piezas a\u00f1adidas y accesorios<br \/>o Comprobaci\u00f3n de la documentaci\u00f3n del veh\u00edculo para verificar su integridad<\/li>\n<li>Estructuras exteriores como toldo, portabicicletas, conexiones exteriores (electricidad, agua, etc.)<\/li>\n<li>Inspecci\u00f3n visual de las juntas<\/li>\n<\/ul>\n<\/li>\n<\/ul>\n<ul>\n<li>La documentaci\u00f3n fotogr\u00e1fica contiene<\/li>\n<\/ul>\n<ul>\n<li style=\"list-style-type: none;\">\n<ul>\n<li>Fotograf\u00edas exteriores e interiores est\u00e1ndar que incluyen veloc\u00edmetro, kilometraje y n\u00famero de chasis. <\/li>\n<\/ul>\n<\/li>\n<\/ul>\n<p>Im\u00e1genes de cualquier da\u00f1o t\u00e9cnico.<\/p>\n","protected":false},"excerpt":{"rendered":"<p>Nuestro informe premium para todas las autocaravanas, furgonetas camperizadas, veh\u00edculos con alcoba y casas rodantes, tanto en el pa\u00eds como en el extranjero, con un motor de combusti\u00f3n cl\u00e1sico (gasolina o di\u00e9sel).<\/p>\n","protected":false},"featured_media":11641,"template":"","meta":{"_acf_changed":false,"content-type":""},"product_brand":[],"product_cat":[157],"product_tag":[],"class_list":{"0":"post-11697","1":"product","2":"type-product","3":"status-publish","4":"has-post-thumbnail","6":"product_cat-informe","8":"first","9":"instock","10":"taxable","11":"shipping-taxable","12":"purchasable","13":"product-type-variable"},"acf":[],"_links":{"self":[{"href":"https:\/\/certifycar.eu\/es\/wp-json\/wp\/v2\/product\/11697","targetHints":{"allow":["GET"]}}],"collection":[{"href":"https:\/\/certifycar.eu\/es\/wp-json\/wp\/v2\/product"}],"about":[{"href":"https:\/\/certifycar.eu\/es\/wp-json\/wp\/v2\/types\/product"}],"wp:featuredmedia":[{"embeddable":true,"href":"https:\/\/certifycar.eu\/es\/wp-json\/wp\/v2\/media\/11641"}],"wp:attachment":[{"href":"https:\/\/certifycar.eu\/es\/wp-json\/wp\/v2\/media?parent=11697"}],"wp:term":[{"taxonomy":"product_brand","embeddable":true,"href":"https:\/\/certifycar.eu\/es\/wp-json\/wp\/v2\/product_brand?post=11697"},{"taxonomy":"product_cat","embeddable":true,"href":"https:\/\/certifycar.eu\/es\/wp-json\/wp\/v2\/product_cat?post=11697"},{"taxonomy":"product_tag","embeddable":true,"href":"https:\/\/certifycar.eu\/es\/wp-json\/wp\/v2\/product_tag?post=11697"}],"curies":[{"name":"wp","href":"https:\/\/api.w.org\/{rel}","templated":true}]}}