{"id":10345,"date":"2025-02-03T21:24:40","date_gmt":"2025-02-03T20:24:40","guid":{"rendered":"https:\/\/certifycar.eu\/produkt\/lectura-servicios-digitales\/"},"modified":"2025-05-31T10:08:37","modified_gmt":"2025-05-31T08:08:37","slug":"lectura-servicios-digitales","status":"publish","type":"product","link":"https:\/\/certifycar.eu\/es\/produkt\/lectura-servicios-digitales\/","title":{"rendered":"Lectura Servicios digitales"},"content":{"rendered":"<p>Adem\u00e1s de los datos de mantenimiento y servicio, tambi\u00e9n se pueden almacenar algunas de las reparaciones del coche y el kilometraje correspondiente. El extendido fen\u00f3meno de la manipulaci\u00f3n del cuentakilometros al comprar un coche usado se hace m\u00e1s dif\u00edcil al almacenar los datos. Los libros de mantenimiento perdidos tambi\u00e9n son cosa del pasado con la versi\u00f3n digital. Asegure esta importante informaci\u00f3n gracias a nuestra conexi\u00f3n directa con las bases de datos de los fabricantes, los datos contienen registros de toda Europa sobre los veh\u00edculos.<\/p>\n<p><strong>A prueba de manipulaciones<\/strong>: los datos de servicio s\u00f3lo pueden ser modificados por talleres autorizados.<\/p>\n<p><strong>Transparencia<\/strong>: los datos de mantenimiento, reparaci\u00f3n y kilometraje se registran de forma centralizada y permanecen trazables.<\/p>\n<p><strong>Acceso internacional<\/strong>: la informaci\u00f3n est\u00e1 disponible en todo el mundo.<\/p>\n","protected":false},"excerpt":{"rendered":"<p>Este producto se puede reservar individualmente o como servicio adicional a nuestros informes CertifyCar Premium y Van. Como complemento al informe CertifyCar Premium o al informe Van, este servicio cuesta tan solo <b>39\u20ac<\/b>. El folleto de servicio digital proporciona una documentaci\u00f3n completa y a prueba de manipulaciones de todos los trabajos de mantenimiento y reparaci\u00f3n de un veh\u00edculo. Las entradas se almacenan directamente en la base de datos central del fabricante y podemos acceder a ellas a nivel internacional. Esto significa que informaci\u00f3n importante, como el kilometraje y el historial de servicio, se conserva incluso cuando se compra un veh\u00edculo en el extranjero.<\/p>\n<div style=\"background: #FAFAFA; padding: 8px; border-radius: 7px;\"><strong>Si lo pides en combinaci\u00f3n con un informe Premium o Van, el precio es de <span style=\"color: #ff6600;\"><em>solo 39,00 EUROS<\/em><\/span>.\u00a0 Solo para las siguientes marcas<\/strong>: Audi, BMW, BMW-M, Ford, Jaguar, Landrover, Mini, Mercedes, Mercedes Vans, Smart, Seat, Skoda, Volkswagen<\/div>\n","protected":false},"featured_media":10490,"template":"","meta":{"_acf_changed":false,"content-type":""},"product_brand":[],"product_cat":[210],"product_tag":[],"class_list":{"0":"post-10345","1":"product","2":"type-product","3":"status-publish","4":"has-post-thumbnail","6":"product_cat-suma","8":"first","9":"instock","10":"virtual","11":"taxable","12":"purchasable","13":"product-type-simple"},"acf":[],"_links":{"self":[{"href":"https:\/\/certifycar.eu\/es\/wp-json\/wp\/v2\/product\/10345","targetHints":{"allow":["GET"]}}],"collection":[{"href":"https:\/\/certifycar.eu\/es\/wp-json\/wp\/v2\/product"}],"about":[{"href":"https:\/\/certifycar.eu\/es\/wp-json\/wp\/v2\/types\/product"}],"wp:featuredmedia":[{"embeddable":true,"href":"https:\/\/certifycar.eu\/es\/wp-json\/wp\/v2\/media\/10490"}],"wp:attachment":[{"href":"https:\/\/certifycar.eu\/es\/wp-json\/wp\/v2\/media?parent=10345"}],"wp:term":[{"taxonomy":"product_brand","embeddable":true,"href":"https:\/\/certifycar.eu\/es\/wp-json\/wp\/v2\/product_brand?post=10345"},{"taxonomy":"product_cat","embeddable":true,"href":"https:\/\/certifycar.eu\/es\/wp-json\/wp\/v2\/product_cat?post=10345"},{"taxonomy":"product_tag","embeddable":true,"href":"https:\/\/certifycar.eu\/es\/wp-json\/wp\/v2\/product_tag?post=10345"}],"curies":[{"name":"wp","href":"https:\/\/api.w.org\/{rel}","templated":true}]}}