{"id":1613,"date":"2024-02-21T08:53:55","date_gmt":"2024-02-21T07:53:55","guid":{"rendered":"https:\/\/dev.certifycar.eu\/pie-de-imprenta\/"},"modified":"2024-07-16T11:49:08","modified_gmt":"2024-07-16T09:49:08","slug":"imprimir","status":"publish","type":"page","link":"https:\/\/certifycar.eu\/es\/imprimir\/","title":{"rendered":"Pie de imprenta"},"content":{"rendered":"\t\t<div data-elementor-type=\"wp-page\" data-elementor-id=\"1613\" class=\"elementor elementor-1613 elementor-15\" data-elementor-post-type=\"page\">\n\t\t\t\t<div class=\"elementor-element elementor-element-3f6fece4 e-flex e-con-boxed e-con e-parent\" data-id=\"3f6fece4\" data-element_type=\"container\">\n\t\t\t\t\t<div class=\"e-con-inner\">\n\t\t\t\t<div class=\"elementor-element elementor-element-a1616a8 elementor-widget elementor-widget-text-editor\" data-id=\"a1616a8\" data-element_type=\"widget\" data-widget_type=\"text-editor.default\">\n\t\t\t\t<div class=\"elementor-widget-container\">\n\t\t\t\t\t\t\t\t\t<p>Empresa: CertifyCar GmbH<\/p>\n<p>Direcci\u00f3n: Frankenstra\u00dfe 152, 90461 N\u00faremberg, Alemania<\/p>\n<p>Director General: Marcus Zei\u00dfler<\/p>\n<p>Tel\u00e9fono: +49 (0)911 \/ 14898 -751<\/p>\n<p>Correo electr\u00f3nico: info@certifycar.eu<\/p>\n<p>Tribunal de registro: Juzgado de Primera Instancia de N\u00faremberg<\/p>\n<p>N\u00famero de registro: HRB 39101<\/p>\n<p>NIF IVA: DE343559951<\/p>\n\t\t\t\t\t\t\t\t<\/div>\n\t\t\t\t<\/div>\n\t\t\t\t<div class=\"elementor-element elementor-element-cfa1ea9 elementor-widget elementor-widget-text-editor\" data-id=\"cfa1ea9\" data-element_type=\"widget\" data-widget_type=\"text-editor.default\">\n\t\t\t\t<div class=\"elementor-widget-container\">\n\t\t\t\t\t\t\t\t\t<p><b>Responsable de los contenidos propios acc. \u00a7 55 RStV:  <\/b>Marcus Zei\u00dfler<\/p>\n\t\t\t\t\t\t\t\t<\/div>\n\t\t\t\t<\/div>\n\t\t\t\t<div class=\"elementor-element elementor-element-cfd74ab elementor-widget elementor-widget-shortcode\" data-id=\"cfd74ab\" data-element_type=\"widget\" data-widget_type=\"shortcode.default\">\n\t\t\t\t<div class=\"elementor-widget-container\">\n\t\t\t\t\t\t\t<div class=\"elementor-shortcode\">\n<div class=\"woocommerce woocommerce-gzd woocommerce-gzd-complaints-shortcode\">\n\t\t\t<h3>Alternative Dispute Resolution in accordance with Art. 14 (1) ODR-VO and \u00a7 36 VSBG:<\/h3>\n\t\nZur Teilnahme an einem Streitbeilegungsverfahren vor einer Verbraucherschlichtungsstelle sind wir nicht verpflichtet und nicht bereit.<\/div><\/div>\n\t\t\t\t\t\t<\/div>\n\t\t\t\t<\/div>\n\t\t\t\t<div class=\"elementor-element elementor-element-784478a elementor-widget elementor-widget-text-editor\" data-id=\"784478a\" data-element_type=\"widget\" data-widget_type=\"text-editor.default\">\n\t\t\t\t<div class=\"elementor-widget-container\">\n\t\t\t\t\t\t\t\t\t<p>Esta plataforma pretende ofrecer a los consumidores la oportunidad de resolver extrajudicialmente los litigios derivados de los contratos en l\u00ednea. Nuestra direcci\u00f3n de correo electr\u00f3nico es info@certifycar.eu. No participamos en procedimientos de resoluci\u00f3n de litigios ante una junta de arbitraje de consumo reconocida.<\/p>\n\t\t\t\t\t\t\t\t<\/div>\n\t\t\t\t<\/div>\n\t\t\t\t\t<\/div>\n\t\t\t\t<\/div>\n\t\t\t\t<\/div>\n\t\t","protected":false},"excerpt":{"rendered":"<p>Empresa: CertifyCar GmbH Direcci\u00f3n: Frankenstra\u00dfe 152, 90461 N\u00faremberg, Alemania Director General: Marcus Zei\u00dfler Tel\u00e9fono: +49 (0)911 \/ 14898 -751 Correo electr\u00f3nico: info@certifycar.eu Tribunal de registro: Juzgado de Primera Instancia de N\u00faremberg N\u00famero de registro: HRB 39101 NIF IVA: DE343559951 Responsable de los contenidos propios acc. \u00a7 55 RStV: Marcus Zei\u00dfler Esta plataforma pretende ofrecer a [&hellip;]<\/p>\n","protected":false},"author":1,"featured_media":0,"parent":0,"menu_order":0,"comment_status":"closed","ping_status":"closed","template":"elementor_theme","meta":{"_acf_changed":false,"content-type":"","footnotes":""},"class_list":["post-1613","page","type-page","status-publish","hentry"],"acf":[],"_links":{"self":[{"href":"https:\/\/certifycar.eu\/es\/wp-json\/wp\/v2\/pages\/1613","targetHints":{"allow":["GET"]}}],"collection":[{"href":"https:\/\/certifycar.eu\/es\/wp-json\/wp\/v2\/pages"}],"about":[{"href":"https:\/\/certifycar.eu\/es\/wp-json\/wp\/v2\/types\/page"}],"author":[{"embeddable":true,"href":"https:\/\/certifycar.eu\/es\/wp-json\/wp\/v2\/users\/1"}],"replies":[{"embeddable":true,"href":"https:\/\/certifycar.eu\/es\/wp-json\/wp\/v2\/comments?post=1613"}],"version-history":[{"count":0,"href":"https:\/\/certifycar.eu\/es\/wp-json\/wp\/v2\/pages\/1613\/revisions"}],"wp:attachment":[{"href":"https:\/\/certifycar.eu\/es\/wp-json\/wp\/v2\/media?parent=1613"}],"curies":[{"name":"wp","href":"https:\/\/api.w.org\/{rel}","templated":true}]}}