{"id":12010,"date":"2025-07-17T18:44:09","date_gmt":"2025-07-17T16:44:09","guid":{"rendered":"https:\/\/certifycar.eu\/?page_id=12010"},"modified":"2026-01-22T18:36:51","modified_gmt":"2026-01-22T17:36:51","slug":"calcula-aqui-impuestos-y-transporte-desde-alemania","status":"publish","type":"page","link":"https:\/\/certifycar.eu\/es\/calcula-aqui-impuestos-y-transporte-desde-alemania\/","title":{"rendered":"Calcula aqui impuestos y transporte desde alemania"},"content":{"rendered":"\t\t<div data-elementor-type=\"wp-page\" data-elementor-id=\"12010\" class=\"elementor elementor-12010\" data-elementor-post-type=\"page\">\n\t\t\t\t<div class=\"elementor-element elementor-element-3b46432 e-flex e-con-boxed e-con e-parent\" data-id=\"3b46432\" data-element_type=\"container\">\n\t\t\t\t\t<div class=\"e-con-inner\">\n\t\t\t\t<div class=\"elementor-element elementor-element-f578268 elementor-widget elementor-widget-html\" data-id=\"f578268\" data-element_type=\"widget\" data-widget_type=\"html.default\">\n\t\t\t\t<div class=\"elementor-widget-container\">\n\t\t\t\t\t <div class=\"brlbs-cmpnt-container brlbs-cmpnt-content-blocker brlbs-cmpnt-with-individual-styles\" data-borlabs-cookie-content-blocker-id=\"default\" data-borlabs-cookie-content=\"PGlmcmFtZSBzcmM9Imh0dHBzOi8vZ2Rwcm95ZWN0b3MuY29tL2FwcC9hcHBfY2FsY3VsYXJpbXBvcnRhY2lvbnZlaGljdWxvLnBocD9oPTIzNy1BMTVFQjgxNiIgaGVpZ2h0PSIxMDAwcHgiPjwvaWZyYW1lPg==\"><div class=\"brlbs-cmpnt-cb-preset-a\"> <p class=\"brlbs-cmpnt-cb-description\">Est\u00e1s viendo un contenido de marcador de posici\u00f3n de <strong>Predeterminado<\/strong>. Para acceder al contenido real, haz clic en el siguiente bot\u00f3n. Ten en cuenta que al hacerlo compartir\u00e1s datos con terceros proveedores.<\/p> <div class=\"brlbs-cmpnt-cb-buttons\"> <a class=\"brlbs-cmpnt-cb-btn\" href=\"#\" data-borlabs-cookie-unblock role=\"button\">Desbloquear contenido<\/a> <a class=\"brlbs-cmpnt-cb-btn\" href=\"#\" data-borlabs-cookie-accept-service role=\"button\" style=\"display: none\">Aceptar el servicio requerido y desbloquear el contenido<\/a> <\/div> <a class=\"brlbs-cmpnt-cb-provider-toggle\" href=\"#\" data-borlabs-cookie-show-provider-information role=\"button\">M\u00e1s informaci\u00f3n<\/a> <\/div><\/div>\t\t\t\t<\/div>\n\t\t\t\t<\/div>\n\t\t\t\t\t<\/div>\n\t\t\t\t<\/div>\n\t\t<div class=\"elementor-element elementor-element-d8898d3 e-flex e-con-boxed e-con e-parent\" data-id=\"d8898d3\" data-element_type=\"container\">\n\t\t\t\t\t<div class=\"e-con-inner\">\n\t\t\t\t<div class=\"woocommerce elementor-element elementor-element-2c9a36c elementor-grid-mobile-2 elementor-grid-3 elementor-grid-tablet-2 elementor-widget elementor-widget-loop-grid\" data-id=\"2c9a36c\" data-element_type=\"widget\" data-settings=\"{&quot;_skin&quot;:&quot;product&quot;,&quot;template_id&quot;:5412,&quot;columns_mobile&quot;:2,&quot;columns&quot;:&quot;3&quot;,&quot;columns_tablet&quot;:&quot;2&quot;,&quot;edit_handle_selector&quot;:&quot;[data-elementor-type=\\&quot;loop-item\\&quot;]&quot;,&quot;row_gap&quot;:{&quot;unit&quot;:&quot;px&quot;,&quot;size&quot;:&quot;&quot;,&quot;sizes&quot;:[]},&quot;row_gap_tablet&quot;:{&quot;unit&quot;:&quot;px&quot;,&quot;size&quot;:&quot;&quot;,&quot;sizes&quot;:[]},&quot;row_gap_mobile&quot;:{&quot;unit&quot;:&quot;px&quot;,&quot;size&quot;:&quot;&quot;,&quot;sizes&quot;:[]}}\" data-widget_type=\"loop-grid.product\">\n\t\t\t\t<div class=\"elementor-widget-container\">\n\t\t\t\t\t\t\t<div class=\"elementor-loop-container elementor-grid\" role=\"list\">\n\t\t<style id=\"loop-dynamic-5412\">.e-loop-item-7875 .elementor-element.elementor-element-ae13d83:not(.elementor-motion-effects-element-type-background), .e-loop-item-7875 .elementor-element.elementor-element-ae13d83 > .elementor-motion-effects-container > .elementor-motion-effects-layer{background-image:url(\"https:\/\/certifycar.eu\/wp-content\/uploads\/2024\/12\/certifycar-Premium.jpg\");}<\/style><style id=\"loop-5412\">.elementor-5412 .elementor-element.elementor-element-f882cd3{--display:flex;--flex-direction:column;--container-widget-width:100%;--container-widget-height:initial;--container-widget-flex-grow:0;--container-widget-align-self:initial;--flex-wrap-mobile:wrap;--gap:0px 0px;--row-gap:0px;--column-gap:0px;--border-radius:5px 5px 5px 5px;--padding-top:0%;--padding-bottom:0%;--padding-left:0%;--padding-right:0%;--z-index:10;}.elementor-5412 .elementor-element.elementor-element-669a851{--display:flex;--min-height:20em;--flex-direction:column;--container-widget-width:100%;--container-widget-height:initial;--container-widget-flex-grow:0;--container-widget-align-self:initial;--flex-wrap-mobile:wrap;--justify-content:space-evenly;--overflow:hidden;box-shadow:0px 0px 5px 0px rgba(0, 0, 0, 0.2);}.elementor-5412 .elementor-element.elementor-element-669a851:hover{--border-radius:5px 5px 5px 5px;--border-top-left-radius:5px;--border-top-right-radius:5px;--border-bottom-right-radius:5px;--border-bottom-left-radius:5px;box-shadow:0px 0px 10px 0px rgba(0,0,0,0.5);}.elementor-5412 .elementor-element.elementor-element-669a851, .elementor-5412 .elementor-element.elementor-element-669a851::before{--border-transition:0.3s;}.elementor-5412 .elementor-element.elementor-element-669a851.e-con{--flex-grow:0;--flex-shrink:0;}.elementor-5412 .elementor-element.elementor-element-ae13d83{--display:flex;--min-height:20em;}.elementor-5412 .elementor-element.elementor-element-ae13d83:not(.elementor-motion-effects-element-type-background), .elementor-5412 .elementor-element.elementor-element-ae13d83 > .elementor-motion-effects-container > .elementor-motion-effects-layer{background-position:center center;background-repeat:no-repeat;background-size:contain;}.elementor-5412 .elementor-element.elementor-element-c70f5dc{--display:flex;--flex-direction:column;--container-widget-width:100%;--container-widget-height:initial;--container-widget-flex-grow:0;--container-widget-align-self:initial;--flex-wrap-mobile:wrap;--gap:20px 20px;--row-gap:20px;--column-gap:20px;}.elementor-widget-heading .elementor-heading-title{font-family:var( --e-global-typography-primary-font-family ), Sans-serif;font-size:var( --e-global-typography-primary-font-size );font-weight:var( --e-global-typography-primary-font-weight );color:var( --e-global-color-primary );}.elementor-5412 .elementor-element.elementor-element-ebe0fd8{text-align:left;}.elementor-5412 .elementor-element.elementor-element-ebe0fd8 .elementor-heading-title{font-family:\"Epilogue\", Sans-serif;font-size:20px;font-weight:600;color:var( --e-global-color-text );}.elementor-5412 .elementor-element.elementor-element-f1665c3 > .elementor-widget-container{margin:10px 0px 0px 0px;}.elementor-5412 .elementor-element.elementor-element-f1665c3{text-align:left;}.elementor-5412 .elementor-element.elementor-element-f1665c3 .elementor-heading-title{font-family:\"Epilogue\", Sans-serif;font-size:20px;font-weight:600;color:var( --e-global-color-primary );}.elementor-widget-woocommerce-product-add-to-cart .added_to_cart{font-family:var( --e-global-typography-accent-font-family ), Sans-serif;font-size:var( --e-global-typography-accent-font-size );font-weight:var( --e-global-typography-accent-font-weight );}.elementor-5412 .elementor-element.elementor-element-ed6e810 > .elementor-widget-container{background-color:var( --e-global-color-162a913 );margin:0px 0px 0px 0px;padding:0px 0px 0px 0px;}.elementor-5412 .elementor-element.elementor-element-ed6e810 .cart button, .elementor-5412 .elementor-element.elementor-element-ed6e810 .cart .button{transition:all 0.2s;}@media(max-width:1024px){.elementor-widget-heading .elementor-heading-title{font-size:var( --e-global-typography-primary-font-size );}.elementor-widget-woocommerce-product-add-to-cart .added_to_cart{font-size:var( --e-global-typography-accent-font-size );}}@media(min-width:768px){.elementor-5412 .elementor-element.elementor-element-669a851{--width:100%;}}@media(max-width:767px){.elementor-5412 .elementor-element.elementor-element-ae13d83{--min-height:150px;}.elementor-widget-heading .elementor-heading-title{font-size:var( --e-global-typography-primary-font-size );}.elementor-5412 .elementor-element.elementor-element-ebe0fd8 .elementor-heading-title{font-size:16px;}.elementor-5412 .elementor-element.elementor-element-f1665c3 .elementor-heading-title{font-size:14px;}.elementor-widget-woocommerce-product-add-to-cart .added_to_cart{font-size:var( --e-global-typography-accent-font-size );}.elementor-5412 .elementor-element.elementor-element-ed6e810 .cart button, .elementor-5412 .elementor-element.elementor-element-ed6e810 .cart .button{font-size:12px;}}<\/style>\t\t<div data-elementor-type=\"loop-item\" data-elementor-id=\"5412\" class=\"elementor elementor-5412 elementor-2581 e-loop-item e-loop-item-7875 post-7875 product type-product status-publish has-post-thumbnail product_cat-informe first instock taxable shipping-taxable purchasable product-type-variable\" data-elementor-post-type=\"elementor_library\" data-custom-edit-handle=\"1\">\n\t\t\t<a class=\"elementor-element elementor-element-f882cd3 e-flex e-con-boxed e-con e-parent\" data-id=\"f882cd3\" data-element_type=\"container\" data-settings=\"{&quot;background_background&quot;:&quot;classic&quot;}\" href=\"https:\/\/certifycar.eu\/es\/produkt\/certifycar-premium\/\">\n\t\t\t\t\t<div class=\"e-con-inner\">\n\t\t<div class=\"elementor-element elementor-element-669a851 e-con-full e-flex e-con e-child\" data-id=\"669a851\" data-element_type=\"container\" data-settings=\"{&quot;background_background&quot;:&quot;classic&quot;}\">\n\t\t<div class=\"elementor-element elementor-element-ae13d83 e-flex e-con-boxed e-con e-child\" data-id=\"ae13d83\" data-element_type=\"container\" data-settings=\"{&quot;background_background&quot;:&quot;classic&quot;}\">\n\t\t\t\t\t<div class=\"e-con-inner\">\n\t\t\t\t\t<\/div>\n\t\t\t\t<\/div>\n\t\t<div class=\"elementor-element elementor-element-c70f5dc e-flex e-con-boxed e-con e-child\" data-id=\"c70f5dc\" data-element_type=\"container\" data-settings=\"{&quot;background_background&quot;:&quot;classic&quot;}\">\n\t\t\t\t\t<div class=\"e-con-inner\">\n\t\t\t\t<div class=\"elementor-element elementor-element-ebe0fd8 elementor-widget elementor-widget-heading\" data-id=\"ebe0fd8\" data-element_type=\"widget\" data-widget_type=\"heading.default\">\n\t\t\t\t<div class=\"elementor-widget-container\">\n\t\t\t\t\t<h2 class=\"elementor-heading-title elementor-size-default\">CertifyCar Premium<\/h2>\t\t\t\t<\/div>\n\t\t\t\t<\/div>\n\t\t\t\t<div class=\"elementor-element elementor-element-f1665c3 elementor-widget elementor-widget-heading\" data-id=\"f1665c3\" data-element_type=\"widget\" data-widget_type=\"heading.default\">\n\t\t\t\t<div class=\"elementor-widget-container\">\n\t\t\t\t\t<h2 class=\"elementor-heading-title elementor-size-default\">desde <span class=\"woocommerce-Price-amount amount\">349,00&nbsp;<span class=\"woocommerce-Price-currencySymbol\">&euro;<\/span><\/span><span style=\"font-size: 0.6em;color:var(--e-global-color-text)\"> VAT incluido <\/span><\/h2>\t\t\t\t<\/div>\n\t\t\t\t<\/div>\n\t\t\t\t<div class=\"elementor-element elementor-element-ed6e810 elementor-add-to-cart--align-justify elementor-widget elementor-widget-woocommerce-product-add-to-cart\" data-id=\"ed6e810\" data-element_type=\"widget\" data-widget_type=\"woocommerce-product-add-to-cart.default\">\n\t\t\t\t<div class=\"elementor-widget-container\">\n\t\t\t\t\t\n\t\t<div class=\"elementor-add-to-cart elementor-product-variable\">\n\t\t\t\t\t<div class=\"e-loop-add-to-cart-form-container\">\n\t\t\t<form class=\"cart e-loop-add-to-cart-form\">\n\t\t\t\t<a href=\"https:\/\/certifycar.eu\/es\/produkt\/certifycar-premium\/\" aria-describedby=\"woocommerce_loop_add_to_cart_link_describedby_7875\" data-quantity=\"1\" class=\"button product_type_variable add_to_cart_button\" data-product_id=\"7875\" data-product_sku=\"\" aria-label=\"Elige las opciones para &ldquo;CertifyCar Premium&rdquo;\" rel=\"nofollow\">Seleccionar opciones<\/a>\t<span id=\"woocommerce_loop_add_to_cart_link_describedby_7875\" class=\"screen-reader-text\">\n\t\tEste producto tiene m\u00faltiples variantes. Las opciones se pueden elegir en la p\u00e1gina de producto\t<\/span>\n\t\t\t<\/form>\n\t\t<\/div>\n\t\t\t\t<\/div>\n\n\t\t\t\t\t\t<\/div>\n\t\t\t\t<\/div>\n\t\t\t\t\t<\/div>\n\t\t\t\t<\/div>\n\t\t\t\t<\/div>\n\t\t\t\t\t<\/div>\n\t\t\t\t<\/a>\n\t\t\t\t<\/div>\n\t\t<style id=\"loop-dynamic-5412\">.e-loop-item-9798 .elementor-element.elementor-element-ae13d83:not(.elementor-motion-effects-element-type-background), .e-loop-item-9798 .elementor-element.elementor-element-ae13d83 > .elementor-motion-effects-container > .elementor-motion-effects-layer{background-image:url(\"https:\/\/certifycar.eu\/wp-content\/uploads\/2025\/01\/CertifyCar-VAN.jpg\");}<\/style>\t\t<div data-elementor-type=\"loop-item\" data-elementor-id=\"5412\" class=\"elementor elementor-5412 elementor-2581 e-loop-item e-loop-item-9798 post-9798 product type-product status-publish has-post-thumbnail product_cat-informe  instock taxable shipping-taxable purchasable product-type-variable\" data-elementor-post-type=\"elementor_library\" data-custom-edit-handle=\"1\">\n\t\t\t<a class=\"elementor-element elementor-element-f882cd3 e-flex e-con-boxed e-con e-parent\" data-id=\"f882cd3\" data-element_type=\"container\" data-settings=\"{&quot;background_background&quot;:&quot;classic&quot;}\" href=\"https:\/\/certifycar.eu\/es\/produkt\/certifycar-van\/\">\n\t\t\t\t\t<div class=\"e-con-inner\">\n\t\t<div class=\"elementor-element elementor-element-669a851 e-con-full e-flex e-con e-child\" data-id=\"669a851\" data-element_type=\"container\" data-settings=\"{&quot;background_background&quot;:&quot;classic&quot;}\">\n\t\t<div class=\"elementor-element elementor-element-ae13d83 e-flex e-con-boxed e-con e-child\" data-id=\"ae13d83\" data-element_type=\"container\" data-settings=\"{&quot;background_background&quot;:&quot;classic&quot;}\">\n\t\t\t\t\t<div class=\"e-con-inner\">\n\t\t\t\t\t<\/div>\n\t\t\t\t<\/div>\n\t\t<div class=\"elementor-element elementor-element-c70f5dc e-flex e-con-boxed e-con e-child\" data-id=\"c70f5dc\" data-element_type=\"container\" data-settings=\"{&quot;background_background&quot;:&quot;classic&quot;}\">\n\t\t\t\t\t<div class=\"e-con-inner\">\n\t\t\t\t<div class=\"elementor-element elementor-element-ebe0fd8 elementor-widget elementor-widget-heading\" data-id=\"ebe0fd8\" data-element_type=\"widget\" data-widget_type=\"heading.default\">\n\t\t\t\t<div class=\"elementor-widget-container\">\n\t\t\t\t\t<h2 class=\"elementor-heading-title elementor-size-default\">CertifyCar Van<\/h2>\t\t\t\t<\/div>\n\t\t\t\t<\/div>\n\t\t\t\t<div class=\"elementor-element elementor-element-f1665c3 elementor-widget elementor-widget-heading\" data-id=\"f1665c3\" data-element_type=\"widget\" data-widget_type=\"heading.default\">\n\t\t\t\t<div class=\"elementor-widget-container\">\n\t\t\t\t\t<h2 class=\"elementor-heading-title elementor-size-default\">desde <span class=\"woocommerce-Price-amount amount\">389,00&nbsp;<span class=\"woocommerce-Price-currencySymbol\">&euro;<\/span><\/span><span style=\"font-size: 0.6em;color:var(--e-global-color-text)\"> VAT incluido <\/span><\/h2>\t\t\t\t<\/div>\n\t\t\t\t<\/div>\n\t\t\t\t<div class=\"elementor-element elementor-element-ed6e810 elementor-add-to-cart--align-justify elementor-widget elementor-widget-woocommerce-product-add-to-cart\" data-id=\"ed6e810\" data-element_type=\"widget\" data-widget_type=\"woocommerce-product-add-to-cart.default\">\n\t\t\t\t<div class=\"elementor-widget-container\">\n\t\t\t\t\t\n\t\t<div class=\"elementor-add-to-cart elementor-product-variable\">\n\t\t\t\t\t<div class=\"e-loop-add-to-cart-form-container\">\n\t\t\t<form class=\"cart e-loop-add-to-cart-form\">\n\t\t\t\t<a href=\"https:\/\/certifycar.eu\/es\/produkt\/certifycar-van\/\" aria-describedby=\"woocommerce_loop_add_to_cart_link_describedby_9798\" data-quantity=\"1\" class=\"button product_type_variable add_to_cart_button\" data-product_id=\"9798\" data-product_sku=\"\" aria-label=\"Elige las opciones para &ldquo;CertifyCar Van&rdquo;\" rel=\"nofollow\">Seleccionar opciones<\/a>\t<span id=\"woocommerce_loop_add_to_cart_link_describedby_9798\" class=\"screen-reader-text\">\n\t\tEste producto tiene m\u00faltiples variantes. Las opciones se pueden elegir en la p\u00e1gina de producto\t<\/span>\n\t\t\t<\/form>\n\t\t<\/div>\n\t\t\t\t<\/div>\n\n\t\t\t\t\t\t<\/div>\n\t\t\t\t<\/div>\n\t\t\t\t\t<\/div>\n\t\t\t\t<\/div>\n\t\t\t\t<\/div>\n\t\t\t\t\t<\/div>\n\t\t\t\t<\/a>\n\t\t\t\t<\/div>\n\t\t<style id=\"loop-dynamic-5412\">.e-loop-item-11697 .elementor-element.elementor-element-ae13d83:not(.elementor-motion-effects-element-type-background), .e-loop-item-11697 .elementor-element.elementor-element-ae13d83 > .elementor-motion-effects-container > .elementor-motion-effects-layer{background-image:url(\"https:\/\/certifycar.eu\/wp-content\/uploads\/2025\/06\/CertifyCar-Camper-Gutachten.jpg\");}<\/style>\t\t<div data-elementor-type=\"loop-item\" data-elementor-id=\"5412\" class=\"elementor elementor-5412 elementor-2581 e-loop-item e-loop-item-11697 post-11697 product type-product status-publish has-post-thumbnail product_cat-informe  instock taxable shipping-taxable purchasable product-type-variable\" data-elementor-post-type=\"elementor_library\" data-custom-edit-handle=\"1\">\n\t\t\t<a class=\"elementor-element elementor-element-f882cd3 e-flex e-con-boxed e-con e-parent\" data-id=\"f882cd3\" data-element_type=\"container\" data-settings=\"{&quot;background_background&quot;:&quot;classic&quot;}\" href=\"https:\/\/certifycar.eu\/es\/produkt\/certifycar-camper\/\">\n\t\t\t\t\t<div class=\"e-con-inner\">\n\t\t<div class=\"elementor-element elementor-element-669a851 e-con-full e-flex e-con e-child\" data-id=\"669a851\" data-element_type=\"container\" data-settings=\"{&quot;background_background&quot;:&quot;classic&quot;}\">\n\t\t<div class=\"elementor-element elementor-element-ae13d83 e-flex e-con-boxed e-con e-child\" data-id=\"ae13d83\" data-element_type=\"container\" data-settings=\"{&quot;background_background&quot;:&quot;classic&quot;}\">\n\t\t\t\t\t<div class=\"e-con-inner\">\n\t\t\t\t\t<\/div>\n\t\t\t\t<\/div>\n\t\t<div class=\"elementor-element elementor-element-c70f5dc e-flex e-con-boxed e-con e-child\" data-id=\"c70f5dc\" data-element_type=\"container\" data-settings=\"{&quot;background_background&quot;:&quot;classic&quot;}\">\n\t\t\t\t\t<div class=\"e-con-inner\">\n\t\t\t\t<div class=\"elementor-element elementor-element-ebe0fd8 elementor-widget elementor-widget-heading\" data-id=\"ebe0fd8\" data-element_type=\"widget\" data-widget_type=\"heading.default\">\n\t\t\t\t<div class=\"elementor-widget-container\">\n\t\t\t\t\t<h2 class=\"elementor-heading-title elementor-size-default\">CertifyCar Camper<\/h2>\t\t\t\t<\/div>\n\t\t\t\t<\/div>\n\t\t\t\t<div class=\"elementor-element elementor-element-f1665c3 elementor-widget elementor-widget-heading\" data-id=\"f1665c3\" data-element_type=\"widget\" data-widget_type=\"heading.default\">\n\t\t\t\t<div class=\"elementor-widget-container\">\n\t\t\t\t\t<h2 class=\"elementor-heading-title elementor-size-default\">desde <span class=\"woocommerce-Price-amount amount\">479,00&nbsp;<span class=\"woocommerce-Price-currencySymbol\">&euro;<\/span><\/span><span style=\"font-size: 0.6em;color:var(--e-global-color-text)\"> VAT incluido <\/span><\/h2>\t\t\t\t<\/div>\n\t\t\t\t<\/div>\n\t\t\t\t<div class=\"elementor-element elementor-element-ed6e810 elementor-add-to-cart--align-justify elementor-widget elementor-widget-woocommerce-product-add-to-cart\" data-id=\"ed6e810\" data-element_type=\"widget\" data-widget_type=\"woocommerce-product-add-to-cart.default\">\n\t\t\t\t<div class=\"elementor-widget-container\">\n\t\t\t\t\t\n\t\t<div class=\"elementor-add-to-cart elementor-product-variable\">\n\t\t\t\t\t<div class=\"e-loop-add-to-cart-form-container\">\n\t\t\t<form class=\"cart e-loop-add-to-cart-form\">\n\t\t\t\t<a href=\"https:\/\/certifycar.eu\/es\/produkt\/certifycar-camper\/\" aria-describedby=\"woocommerce_loop_add_to_cart_link_describedby_11697\" data-quantity=\"1\" class=\"button product_type_variable add_to_cart_button\" data-product_id=\"11697\" data-product_sku=\"\" aria-label=\"Elige las opciones para &ldquo;CertifyCar Camper&rdquo;\" rel=\"nofollow\">Seleccionar opciones<\/a>\t<span id=\"woocommerce_loop_add_to_cart_link_describedby_11697\" class=\"screen-reader-text\">\n\t\tEste producto tiene m\u00faltiples variantes. Las opciones se pueden elegir en la p\u00e1gina de producto\t<\/span>\n\t\t\t<\/form>\n\t\t<\/div>\n\t\t\t\t<\/div>\n\n\t\t\t\t\t\t<\/div>\n\t\t\t\t<\/div>\n\t\t\t\t\t<\/div>\n\t\t\t\t<\/div>\n\t\t\t\t<\/div>\n\t\t\t\t\t<\/div>\n\t\t\t\t<\/a>\n\t\t\t\t<\/div>\n\t\t\t\t<\/div>\n\t\t\n\t\t\t\t\t\t<\/div>\n\t\t\t\t<\/div>\n\t\t\t\t\t<\/div>\n\t\t\t\t<\/div>\n\t\t\t\t<\/div>\n\t\t","protected":false},"excerpt":{"rendered":"<p>Est\u00e1s viendo un contenido de marcador de posici\u00f3n de Predeterminado. Para acceder al contenido real, haz clic en el siguiente bot\u00f3n. Ten en cuenta que al hacerlo compartir\u00e1s datos con terceros proveedores. Desbloquear contenido Aceptar el servicio requerido y desbloquear el contenido M\u00e1s informaci\u00f3n<\/p>\n","protected":false},"author":1,"featured_media":6112,"parent":0,"menu_order":0,"comment_status":"closed","ping_status":"closed","template":"","meta":{"_acf_changed":false,"content-type":"","footnotes":""},"class_list":["post-12010","page","type-page","status-publish","has-post-thumbnail","hentry"],"acf":[],"_links":{"self":[{"href":"https:\/\/certifycar.eu\/es\/wp-json\/wp\/v2\/pages\/12010","targetHints":{"allow":["GET"]}}],"collection":[{"href":"https:\/\/certifycar.eu\/es\/wp-json\/wp\/v2\/pages"}],"about":[{"href":"https:\/\/certifycar.eu\/es\/wp-json\/wp\/v2\/types\/page"}],"author":[{"embeddable":true,"href":"https:\/\/certifycar.eu\/es\/wp-json\/wp\/v2\/users\/1"}],"replies":[{"embeddable":true,"href":"https:\/\/certifycar.eu\/es\/wp-json\/wp\/v2\/comments?post=12010"}],"version-history":[{"count":0,"href":"https:\/\/certifycar.eu\/es\/wp-json\/wp\/v2\/pages\/12010\/revisions"}],"wp:featuredmedia":[{"embeddable":true,"href":"https:\/\/certifycar.eu\/es\/wp-json\/wp\/v2\/media\/6112"}],"wp:attachment":[{"href":"https:\/\/certifycar.eu\/es\/wp-json\/wp\/v2\/media?parent=12010"}],"curies":[{"name":"wp","href":"https:\/\/api.w.org\/{rel}","templated":true}]}}